{"id":24845,"date":"2024-03-24T18:47:20","date_gmt":"2024-03-24T17:47:20","guid":{"rendered":"https:\/\/swisssoftware24.ch\/?post_type=product&#038;p=24845"},"modified":"2025-11-30T00:17:25","modified_gmt":"2025-11-29T23:17:25","slug":"ashampoo-office-9","status":"publish","type":"product","link":"https:\/\/swisssoftware24.ch\/it\/products\/ashampoo-office-9\/","title":{"rendered":"Ashampoo Office 9"},"content":{"rendered":"<p data-start=\"387\" data-end=\"663\">Ashampoo Office 9 \u00e8 una potente suite per ufficio che combina un design moderno con funzionalit\u00e0 complete. Il software consente la creazione professionale di documenti di testo, fogli di calcolo e presentazioni, il tutto senza abbonamento e con una guida utente intuitiva.<\/p>\n<p data-start=\"665\" data-end=\"1023\">Con funzionalit\u00e0 innovative come il controllo ortografico intelligente, l'esportazione in PDF, l'analisi dei fogli di calcolo e la modalit\u00e0 scura, Ashampoo Office 9 offre agli utenti tutto ci\u00f2 di cui hanno bisogno per il loro lavoro d'ufficio quotidiano. Particolarmente degna di nota \u00e8 la sua compatibilit\u00e0 con i file di Microsoft Office e la possibilit\u00e0 di collaborare in modo efficiente con altre applicazioni Windows.<\/p>\n<p data-start=\"1025\" data-end=\"1314\">Che si tratti di un ufficio domestico, di una piccola azienda o di progetti privati, Ashampoo Office 9 offre una soluzione flessibile e affidabile per ogni ambiente di lavoro. Il programma \u00e8 ideale per chiunque cerchi una suite per ufficio potente senza l'impegno di un abbonamento a pagamento.<\/p>\n<p data-start=\"1025\" data-end=\"1314\"><strong>Puoi trovare maggiori informazioni su questo prodotto\u00a0<a href=\"https:\/\/swisssoftware24.ch\/it\/ashampoo-office-9-leistungsstarke-buerosoftware-fuer-jeden-bedarf\/\">qui<\/a>.<\/strong><\/p>\n<h3>Ashampoo Office 9 \u2013 requisiti di sistema<\/h3>\n<ul>\n<li><strong class=\"font-semibold tracking-tight\">Sistema Operativo: <\/strong>Windows 10, 11<\/li>\n<li><strong class=\"font-semibold tracking-tight\">Requisiti: <\/strong>Qualsiasi dispositivo che supporti i sistemi operativi sopra elencati.<\/li>\n<li><strong class=\"font-semibold tracking-tight\">Altro: <\/strong>\u00c8 necessaria una connessione Internet per l'attivazione del programma.\nLa licenza del programma viene verificata periodicamente.\nSono richiesti diritti di amministratore sul sistema per l'installazione e l'utilizzo del programma.<\/li>\n<\/ul>","protected":false},"excerpt":{"rendered":"<p class=\"translation-block\">Ashampoo Office 9 \u00e8 un avanzato pacchetto di software per ufficio che combina strumenti per lavorare efficacemente con documenti, fogli di calcolo e presentazioni. Grazie a un'interfaccia utente intuitiva e un'elevata compatibilit\u00e0 con i formati Microsoft Office, gli utenti possono facilmente creare, modificare e condividere documenti.<\/p>\n<p class=\"translation-block\">Con l'acquisto di questo prodotto, si ottiene una licenza perpetua sotto forma di chiave elettronica, che consente l'utilizzo del software su cinque dispositivi. Questa versione \u00e8 progettata specificamente per computer con sistema operativo Windows. Il software \u00e8 disponibile in pi\u00f9 lingue.<\/p>","protected":false},"featured_media":25457,"template":"","meta":{"_seopress_robots_primary_cat":"none","_seopress_titles_title":"Ashampoo Office 9 | Text, Tabellen, Mehr | SwissSoftware24","_seopress_titles_desc":"Ashampoo Office 9: Leistungsstarke Office-Suite f\u00fcr Textverarbeitung, Tabellenkalkulation und Pr\u00e4sentationen. Kompatibel mit Microsoft Office.","_seopress_robots_index":""},"product_brand":[],"product_cat":[65,77,83,95],"product_tag":[],"class_list":{"0":"post-24845","1":"product","2":"type-product","3":"status-publish","4":"has-post-thumbnail","6":"product_cat-fur-unternehmen","7":"product_cat-office-programme","8":"product_cat-video-grafik-andere","9":"product_cat-buro-software","11":"first","12":"onbackorder","13":"virtual","14":"taxable","15":"purchasable","16":"product-type-simple"},"_links":{"self":[{"href":"https:\/\/swisssoftware24.ch\/it\/wp-json\/wp\/v2\/product\/24845","targetHints":{"allow":["GET"]}}],"collection":[{"href":"https:\/\/swisssoftware24.ch\/it\/wp-json\/wp\/v2\/product"}],"about":[{"href":"https:\/\/swisssoftware24.ch\/it\/wp-json\/wp\/v2\/types\/product"}],"wp:featuredmedia":[{"embeddable":true,"href":"https:\/\/swisssoftware24.ch\/it\/wp-json\/wp\/v2\/media\/25457"}],"wp:attachment":[{"href":"https:\/\/swisssoftware24.ch\/it\/wp-json\/wp\/v2\/media?parent=24845"}],"wp:term":[{"taxonomy":"product_brand","embeddable":true,"href":"https:\/\/swisssoftware24.ch\/it\/wp-json\/wp\/v2\/product_brand?post=24845"},{"taxonomy":"product_cat","embeddable":true,"href":"https:\/\/swisssoftware24.ch\/it\/wp-json\/wp\/v2\/product_cat?post=24845"},{"taxonomy":"product_tag","embeddable":true,"href":"https:\/\/swisssoftware24.ch\/it\/wp-json\/wp\/v2\/product_tag?post=24845"}],"curies":[{"name":"wp","href":"https:\/\/api.w.org\/{rel}","templated":true}]}}