{"id":24852,"date":"2024-03-25T18:56:50","date_gmt":"2024-03-25T17:56:50","guid":{"rendered":"https:\/\/swisssoftware24.ch\/?post_type=product&#038;p=24852"},"modified":"2025-11-30T00:17:25","modified_gmt":"2025-11-29T23:17:25","slug":"ashampoo-photo-commander-17","status":"publish","type":"product","link":"https:\/\/swisssoftware24.ch\/it\/products\/ashampoo-photo-commander-17\/","title":{"rendered":"Ashampoo Photo Commander 17"},"content":{"rendered":"<p data-start=\"0\" data-end=\"383\">Ashampoo Photo Commander 17 combina gestione foto, fotoritocco e presentazione creativa in un\u2019unica suite compatibile con Windows 11. Grazie all\u2019architettura nativa a 64 bit, il programma \u00e8 sensibilmente pi\u00f9 veloce: i JPG si caricano fino al 40 % pi\u00f9 rapidamente rispetto alla versione precedente, anche con archivi di grandi dimensioni.<\/p>\n<p data-start=\"385\" data-end=\"690\">Con un clic ottimizzi intere cartelle tramite auto-miglioramento o elimini graffi, rumore e occhi rossi. Al contempo crei collage, biglietti o diapositive 4 K con musica e condividi le tue opere via e-mail, masterizzazione o galleria web.<\/p>\n<p data-start=\"692\" data-end=\"980\">Geotag, scanner duplicati, modalit\u00e0 presentazione su due monitor e un potente processore batch completano la soluzione all-in-one. Che tu sia fotoamatore o professionista, Photo Commander 17 porta ordine e creativit\u00e0 in ogni raccolta di immagini.<\/p>\n<p><strong>Puoi trovare maggiori informazioni su questo prodotto\u00a0<a href=\"https:\/\/swisssoftware24.ch\/it\/ashampoo-photo-commander-17-die-komplettloesung-fuer-ihre-bildwelt\/\">qui<\/a>.<\/strong><\/p>\n<h3>Ashampoo Photo Commander 17 \u2013 requisiti di sistema<\/h3>\n<ul>\n<li><strong class=\"font-semibold tracking-tight\">Sistema Operativo: <\/strong>Windows 10, 11 (x64).<\/li>\n<li><strong class=\"font-semibold tracking-tight\">Requisiti: <\/strong>Qualsiasi dispositivo che supporti i sistemi operativi sopra elencati.<\/li>\n<li><strong class=\"font-semibold tracking-tight\">Software necessario: <\/strong>Microsoft Visual C++ 2015 x86 Redistributable<\/li>\n<li><strong class=\"font-semibold tracking-tight\">Altro: <\/strong>\u00c8 necessaria una connessione Internet per l'attivazione del programma. La licenza del programma viene verificata periodicamente.<\/li>\n<\/ul>","protected":false},"excerpt":{"rendered":"<p>Ashampoo Photo Commander 17 \u00e8 un software versatile per la gestione e la <strong>modifica delle foto<\/strong>, che consente di organizzare e visualizzare la propria collezione di immagini in modo efficiente. Offre oltre 200 funzioni per migliorare le foto, creare facilmente calendari, cartoline e presentazioni di diapositive.<\/p>\n<p class=\"translation-block\">Con l'acquisto di questo prodotto, si riceve una licenza perpetua sotto forma di chiave elettronica per l'utilizzo del programma su un dispositivo. Questa versione \u00e8 stata sviluppata specificamente per computer con sistemi operativi Windows ed \u00e8 disponibile in pi\u00f9 lingue.<\/p>","protected":false},"featured_media":25459,"template":"","meta":{"_seopress_robots_primary_cat":"none","_seopress_titles_title":"Ashampoo Photo Commander 17 | SwissSoftware24","_seopress_titles_desc":"Verwalten, bearbeiten und teilen Sie Ihre Fotos mit Ashampoo Photo Commander 17. Einfaches Handling und vielseitige Funktionen. Jetzt entdecken.","_seopress_robots_index":""},"product_brand":[],"product_cat":[65,82,83,97],"product_tag":[],"class_list":{"0":"post-24852","1":"product","2":"type-product","3":"status-publish","4":"has-post-thumbnail","6":"product_cat-fur-unternehmen","7":"product_cat-video-grafik","8":"product_cat-video-grafik-andere","9":"product_cat-grafik-design","11":"first","12":"onbackorder","13":"virtual","14":"taxable","15":"purchasable","16":"product-type-simple"},"_links":{"self":[{"href":"https:\/\/swisssoftware24.ch\/it\/wp-json\/wp\/v2\/product\/24852","targetHints":{"allow":["GET"]}}],"collection":[{"href":"https:\/\/swisssoftware24.ch\/it\/wp-json\/wp\/v2\/product"}],"about":[{"href":"https:\/\/swisssoftware24.ch\/it\/wp-json\/wp\/v2\/types\/product"}],"wp:featuredmedia":[{"embeddable":true,"href":"https:\/\/swisssoftware24.ch\/it\/wp-json\/wp\/v2\/media\/25459"}],"wp:attachment":[{"href":"https:\/\/swisssoftware24.ch\/it\/wp-json\/wp\/v2\/media?parent=24852"}],"wp:term":[{"taxonomy":"product_brand","embeddable":true,"href":"https:\/\/swisssoftware24.ch\/it\/wp-json\/wp\/v2\/product_brand?post=24852"},{"taxonomy":"product_cat","embeddable":true,"href":"https:\/\/swisssoftware24.ch\/it\/wp-json\/wp\/v2\/product_cat?post=24852"},{"taxonomy":"product_tag","embeddable":true,"href":"https:\/\/swisssoftware24.ch\/it\/wp-json\/wp\/v2\/product_tag?post=24852"}],"curies":[{"name":"wp","href":"https:\/\/api.w.org\/{rel}","templated":true}]}}