{"id":24887,"date":"2024-03-25T19:11:21","date_gmt":"2024-03-25T18:11:21","guid":{"rendered":"https:\/\/swisssoftware24.ch\/?post_type=product&#038;p=24887"},"modified":"2025-11-30T00:17:25","modified_gmt":"2025-11-29T23:17:25","slug":"ashampoo-photo-optimizer-10","status":"publish","type":"product","link":"https:\/\/swisssoftware24.ch\/it\/products\/ashampoo-photo-optimizer-10\/","title":{"rendered":"Ashampoo Photo Optimizer 10"},"content":{"rendered":"<p data-start=\"0\" data-end=\"236\">Ashampoo Photo Optimizer 10 porta ordine e brillantezza in qualsiasi raccolta: l\u2019ottimizzazione con un clic migliora automaticamente colore, contrasto e bilanciamento del bianco\u2014perfetta quando serve rapidit\u00e0.<\/p>\n<p data-start=\"238\" data-end=\"440\">Per scatti pi\u00f9 impegnativi ci sono strumenti come rimuovere il rumore dell\u2019immagine, correzione prospettica e supporto per LUT. Cos\u00ec modelli look e atmosfera senza lunga formazione.<\/p>\n<p data-start=\"442\" data-end=\"627\">Grazie all\u2019elaborazione batch ottimizzi intere serie in un colpo solo. L\u2019interfaccia intuitiva ti guida all\u2019obiettivo\u2014dall\u2019album delle vacanze alle foto prodotto per web e social.<\/p>\n<p data-start=\"442\" data-end=\"627\"><strong>Puoi trovare maggiori informazioni su questo prodotto\u00a0<a href=\"https:\/\/swisssoftware24.ch\/it\/ashampoo-photo-optimizer-10-schnell-zu-starken-fotos\/\">qui<\/a>.<\/strong><\/p>\n<h3>Ashampoo Photo Optimizer 10 \u2013 requisiti di sistema<\/h3>\n<ul>\n<li><strong class=\"font-semibold tracking-tight\">Betriebssysteme: <\/strong>Windows 10, 11 (x64)<\/li>\n<li><strong class=\"font-semibold tracking-tight\">Requisiti: <\/strong>Qualsiasi dispositivo che supporti i sistemi operativi sopra elencati.<\/li>\n<li><strong class=\"font-semibold tracking-tight\">Altro: <\/strong>Microsoft Visual C++ 2015 x64 Redistributable.\n\u00c8 necessaria una connessione Internet per l'attivazione del programma.\nLa licenza del programma viene verificata periodicamente.<\/li>\n<\/ul>","protected":false},"excerpt":{"rendered":"<p class=\"translation-block\">Ashampoo Photo Optimizer 10 \u00e8 un avanzato software di fotoritocco che consente una semplice ed efficace ottimizzazione delle immagini. Grazie alla funzione di ottimizzazione con un solo clic, gli utenti possono migliorare significativamente la qualit\u00e0 delle loro foto, con un processo automatizzato che regola diversi aspetti per ottenere risultati ottimali.<\/p>\n<p class=\"translation-block\">Con l'acquisto di questo prodotto, si riceve una licenza perpetua sotto forma di chiave elettronica, che consente l'utilizzo del programma su un dispositivo. Questa versione \u00e8 progettata per computer con sistemi operativi Windows ed \u00e8 disponibile in pi\u00f9 lingue.<\/p>","protected":false},"featured_media":25460,"template":"","meta":{"_seopress_robots_primary_cat":"none","_seopress_titles_title":"Ashampoo Photo Optimizer 10 | SwissSoftware24","_seopress_titles_desc":"Ashampoo Photo Optimizer 10: Optimieren Sie Ihre Fotos mit einem Klick. Verbessern Sie Farben, Kontrast und Helligkeit. Jetzt bei SwissSoftware24 erh\u00e4ltlich.","_seopress_robots_index":""},"product_brand":[],"product_cat":[65,97,82,83],"product_tag":[],"class_list":{"0":"post-24887","1":"product","2":"type-product","3":"status-publish","4":"has-post-thumbnail","6":"product_cat-fur-unternehmen","7":"product_cat-grafik-design","8":"product_cat-video-grafik","9":"product_cat-video-grafik-andere","11":"first","12":"onbackorder","13":"virtual","14":"taxable","15":"purchasable","16":"product-type-simple"},"_links":{"self":[{"href":"https:\/\/swisssoftware24.ch\/it\/wp-json\/wp\/v2\/product\/24887","targetHints":{"allow":["GET"]}}],"collection":[{"href":"https:\/\/swisssoftware24.ch\/it\/wp-json\/wp\/v2\/product"}],"about":[{"href":"https:\/\/swisssoftware24.ch\/it\/wp-json\/wp\/v2\/types\/product"}],"wp:featuredmedia":[{"embeddable":true,"href":"https:\/\/swisssoftware24.ch\/it\/wp-json\/wp\/v2\/media\/25460"}],"wp:attachment":[{"href":"https:\/\/swisssoftware24.ch\/it\/wp-json\/wp\/v2\/media?parent=24887"}],"wp:term":[{"taxonomy":"product_brand","embeddable":true,"href":"https:\/\/swisssoftware24.ch\/it\/wp-json\/wp\/v2\/product_brand?post=24887"},{"taxonomy":"product_cat","embeddable":true,"href":"https:\/\/swisssoftware24.ch\/it\/wp-json\/wp\/v2\/product_cat?post=24887"},{"taxonomy":"product_tag","embeddable":true,"href":"https:\/\/swisssoftware24.ch\/it\/wp-json\/wp\/v2\/product_tag?post=24887"}],"curies":[{"name":"wp","href":"https:\/\/api.w.org\/{rel}","templated":true}]}}