{"id":24891,"date":"2024-03-25T19:17:07","date_gmt":"2024-03-25T18:17:07","guid":{"rendered":"https:\/\/swisssoftware24.ch\/?post_type=product&#038;p=24891"},"modified":"2025-11-30T00:17:25","modified_gmt":"2025-11-29T23:17:25","slug":"ashampoo-privacy-inspector","status":"publish","type":"product","link":"https:\/\/swisssoftware24.ch\/it\/products\/ashampoo-privacy-inspector\/","title":{"rendered":"Ashampoo Privacy Inspector"},"content":{"rendered":"<p data-start=\"0\" data-end=\"295\">Ashampoo Privacy Inspector mostra una timeline cronologica con tutti i file aperti, i siti visitati e i termini cercati\u2014raccolti da Chrome, Edge, Firefox e da ogni account Windows.<\/p>\n<p data-start=\"297\" data-end=\"492\">Con pochi clic puoi disattivare la telemetria, i servizi di posizione e diagnostica di Windows e decidere quali app possono usare fotocamera, microfono o Bluetooth.<\/p>\n<p data-start=\"494\" data-end=\"730\">Un modulo di recupero integrato ripristina i documenti cancellati per errore, mentre una funzione di cancellazione sicura elimina definitivamente le tracce selezionate.<\/p>\n<p data-start=\"494\" data-end=\"730\"><strong>Puoi trovare maggiori informazioni su questo prodotto\u00a0<a href=\"https:\/\/swisssoftware24.ch\/it\/ashampoo-privacy-inspector-kontrolle-ueber-alles-was-windows-ueber-sie-weiss\/\">qui<\/a>.<\/strong><\/p>\n<h3>Ashampoo Privacy Inspector \u2013 requisiti di sistema<\/h3>\n<ul>\n<li><strong class=\"font-semibold tracking-tight\">Sistema Operativo: <\/strong>Windows 7, 10, 11 (x64)<\/li>\n<li><strong class=\"font-semibold tracking-tight\">Browser supportati: <\/strong>Mozilla Firefox, Google Chrome, Microsoft Edge Chromium<\/li>\n<li><strong class=\"font-semibold tracking-tight\">Requisiti: <\/strong>Qualsiasi dispositivo che supporti i sistemi operativi sopra elencati.<\/li>\n<li><strong class=\"font-semibold tracking-tight\">Altro: <\/strong>Risoluzione dello schermo 1280\u00d7768 (consigliato: 1920\u00d71080). Sono necessari diritti di amministratore sul sistema per poter installare e utilizzare il programma. \u00c8 richiesta una connessione a Internet per l'attivazione del programma. La licenza del programma viene verificata periodicamente.<\/li>\n<\/ul>","protected":false},"excerpt":{"rendered":"<p class=\"translation-block\">Ashampoo Privacy Inspector \u00e8 uno strumento avanzato per la protezione della privacy digitale su computer Windows. Questo programma offre una visione dettagliata dell'attivit\u00e0 dell'utente e la gestione dei dati registrati dal sistema, essenziale per la gestione della privacy su Windows.<\/p>\n<p class=\"translation-block\">Con l'acquisto di questo prodotto, si riceve una licenza perpetua sotto forma di chiave elettronica, che consente l'uso dello strumento di controllo della privacy su un dispositivo. Questa versione \u00e8 appositamente progettata per computer con sistema operativo Windows. Il software \u00e8 disponibile in pi\u00f9 lingue.<\/p>","protected":false},"featured_media":25461,"template":"","meta":{"_seopress_robots_primary_cat":"none","_seopress_titles_title":"Ashampoo Privacy Inspector | Datensicherheit | SwissSoftware24","_seopress_titles_desc":"Ashampoo Privacy Inspector: \u00dcberwachen Sie Ihre digitalen Spuren, sch\u00fctzen Ihre Privatsph\u00e4re. Erkennen und entfernen Sie Datenlecks. Jetzt bei SwissSoftware24.","_seopress_robots_index":""},"product_brand":[],"product_cat":[63,93,79,65,94],"product_tag":[],"class_list":{"0":"post-24891","1":"product","2":"type-product","3":"status-publish","4":"has-post-thumbnail","6":"product_cat-antivirus-security","7":"product_cat-antivirus","8":"product_cat-sicherheit-fur-firmen","9":"product_cat-fur-unternehmen","10":"product_cat-antivirus-security-fur-unternehmen","12":"first","13":"onbackorder","14":"virtual","15":"taxable","16":"purchasable","17":"product-type-simple"},"_links":{"self":[{"href":"https:\/\/swisssoftware24.ch\/it\/wp-json\/wp\/v2\/product\/24891","targetHints":{"allow":["GET"]}}],"collection":[{"href":"https:\/\/swisssoftware24.ch\/it\/wp-json\/wp\/v2\/product"}],"about":[{"href":"https:\/\/swisssoftware24.ch\/it\/wp-json\/wp\/v2\/types\/product"}],"wp:featuredmedia":[{"embeddable":true,"href":"https:\/\/swisssoftware24.ch\/it\/wp-json\/wp\/v2\/media\/25461"}],"wp:attachment":[{"href":"https:\/\/swisssoftware24.ch\/it\/wp-json\/wp\/v2\/media?parent=24891"}],"wp:term":[{"taxonomy":"product_brand","embeddable":true,"href":"https:\/\/swisssoftware24.ch\/it\/wp-json\/wp\/v2\/product_brand?post=24891"},{"taxonomy":"product_cat","embeddable":true,"href":"https:\/\/swisssoftware24.ch\/it\/wp-json\/wp\/v2\/product_cat?post=24891"},{"taxonomy":"product_tag","embeddable":true,"href":"https:\/\/swisssoftware24.ch\/it\/wp-json\/wp\/v2\/product_tag?post=24891"}],"curies":[{"name":"wp","href":"https:\/\/api.w.org\/{rel}","templated":true}]}}