{"id":24895,"date":"2024-03-25T19:26:11","date_gmt":"2024-03-25T18:26:11","guid":{"rendered":"https:\/\/swisssoftware24.ch\/?post_type=product&#038;p=24895"},"modified":"2025-11-30T00:17:25","modified_gmt":"2025-11-29T23:17:25","slug":"ashampoo-soundstage-pro","status":"publish","type":"product","link":"https:\/\/swisssoftware24.ch\/it\/products\/ashampoo-soundstage-pro\/","title":{"rendered":"Ashampoo Soundstage Pro"},"content":{"rendered":"<p class=\"\" data-start=\"165\" data-end=\"578\">Ashampoo Soundstage Pro trasforma le tue cuffie ordinarie in un'esperienza audio surround impressionante. Utilizzando la tecnologia HRTF avanzata, il software simula come il suono proveniente da diverse direzioni raggiunge l'orecchio umano, creando un palcoscenico sonoro realistico. L'utente si sente immerso nell'esperienza audio \u2013 sia che ascolti musica, guardi film o giochi.<\/p>\n<p class=\"\" data-start=\"580\" data-end=\"964\">Il supporto per formati audio come 5.1, 6.1 e 7.1, nonch\u00e9 dieci posizioni sonore virtuali selezionabili, offre la massima flessibilit\u00e0. Che si tratti di musica classica o giochi ricchi di azione: Ashampoo Soundstage Pro si adatta a qualsiasi applicazione attraverso vari preset. La modalit\u00e0 a bassa latenza \u00e8 specificamente progettata per i giocatori per reagire senza ritardi anche nelle scene veloci.<\/p>\n<p class=\"\" data-start=\"966\" data-end=\"1350\">Il software \u00e8 compatibile con tutte le cuffie comuni e migliora anche la riproduzione stereo classica. Pertanto, anche i modelli semplici beneficiano di una qualit\u00e0 del suono che altrimenti \u00e8 offerta solo da costosi sistemi hi-fi. Ashampoo Soundstage Pro \u00e8 quindi una soluzione economica per chiunque cerchi di portare la propria esperienza audio a un nuovo livello \u2013 senza hardware aggiuntivo.<\/p>\n<p data-start=\"966\" data-end=\"1350\"><strong>Puoi trovare maggiori informazioni su questo prodotto\u00a0<a href=\"https:\/\/swisssoftware24.ch\/it\/ashampoo-soundstage-pro-virtueller-raumklang-fuer-alle-kopfhoerer\/\">qui<\/a>.<\/strong><\/p>\n<h3>Ashampoo Soundstage Pro \u2013 requisiti di sistema<\/h3>\n<p><strong class=\"font-semibold tracking-tight\">Sistema Operativo: <\/strong>Windows 7, 8, 10, 11<\/p>\n<p><strong class=\"font-semibold tracking-tight\">Requisiti: <\/strong>Qualsiasi dispositivo che supporti i sistemi operativi sopra elencati.<\/p>\n<p><strong class=\"font-semibold tracking-tight\">Altro: <\/strong>Sono richiesti diritti di amministratore sul sistema per installare e utilizzare il programma.\n\u00c8 necessaria una connessione Internet per l'attivazione del programma.\nLa licenza del programma viene verificata periodicamente.<\/p>","protected":false},"excerpt":{"rendered":"<div class=\"flex-shrink-0 flex flex-col relative items-end\">\n<div>\n<div class=\"pt-0.5\">\n<div class=\"gizmo-shadow-stroke flex h-6 w-6 items-center justify-center overflow-hidden rounded-full\">\n<div class=\"h-6 w-6\"><\/div>\n<\/div>\n<\/div>\n<\/div>\n<\/div>\n<div class=\"relative flex w-full flex-col agent-turn\">\n<div class=\"flex-col gap-1 md:gap-3\">\n<div class=\"flex flex-grow flex-col max-w-full\">\n<div class=\"min-h-[20px] text-message flex flex-col items-start gap-3 whitespace-pre-wrap break-words [.text-message+&amp;]:mt-5 overflow-x-auto\" data-message-author-role=\"assistant\" data-message-id=\"0ff03c18-876c-4b79-b30f-c9809e26eff9\">\n<div class=\"markdown prose w-full break-words dark:prose-invert dark\">\n<p class=\"translation-block\">Ashampoo Soundstage Pro \u00e8 un software rivoluzionario che trasforma le cuffie comuni in un avanzato sistema audio surround virtuale, offrendo agli utenti di PC un'eccellente qualit\u00e0 del suono senza la necessit\u00e0 di investire in costosi sistemi audio.<\/p>\n<p class=\"translation-block\">Acquistando questo prodotto, riceverai una licenza perpetua sotto forma di chiave elettronica, che ti consente di utilizzare il potenziatore audio per PC su un dispositivo. Questa versione \u00e8 progettata per computer con sistemi operativi Windows ed \u00e8 disponibile in pi\u00f9 lingue.<\/p>\n<\/div>\n<\/div>\n<\/div>\n<\/div>\n<\/div>","protected":false},"featured_media":25462,"template":"","meta":{"_seopress_robots_primary_cat":"none","_seopress_titles_title":"Ashampoo Soundstage Pro | SwissSoftware24","_seopress_titles_desc":"Ashampoo Soundstage Pro: Erleben Sie virtuellen Surround-Sound auf Ihrem PC. Optimieren Sie Ihr Audioerlebnis f\u00fcr Spiele und Filme. Jetzt bei SwissSoftware24.","_seopress_robots_index":""},"product_brand":[],"product_cat":[131,83],"product_tag":[],"class_list":{"0":"post-24895","1":"product","2":"type-product","3":"status-publish","4":"has-post-thumbnail","6":"product_cat-andere","7":"product_cat-video-grafik-andere","9":"first","10":"onbackorder","11":"virtual","12":"taxable","13":"purchasable","14":"product-type-simple"},"_links":{"self":[{"href":"https:\/\/swisssoftware24.ch\/it\/wp-json\/wp\/v2\/product\/24895","targetHints":{"allow":["GET"]}}],"collection":[{"href":"https:\/\/swisssoftware24.ch\/it\/wp-json\/wp\/v2\/product"}],"about":[{"href":"https:\/\/swisssoftware24.ch\/it\/wp-json\/wp\/v2\/types\/product"}],"wp:featuredmedia":[{"embeddable":true,"href":"https:\/\/swisssoftware24.ch\/it\/wp-json\/wp\/v2\/media\/25462"}],"wp:attachment":[{"href":"https:\/\/swisssoftware24.ch\/it\/wp-json\/wp\/v2\/media?parent=24895"}],"wp:term":[{"taxonomy":"product_brand","embeddable":true,"href":"https:\/\/swisssoftware24.ch\/it\/wp-json\/wp\/v2\/product_brand?post=24895"},{"taxonomy":"product_cat","embeddable":true,"href":"https:\/\/swisssoftware24.ch\/it\/wp-json\/wp\/v2\/product_cat?post=24895"},{"taxonomy":"product_tag","embeddable":true,"href":"https:\/\/swisssoftware24.ch\/it\/wp-json\/wp\/v2\/product_tag?post=24895"}],"curies":[{"name":"wp","href":"https:\/\/api.w.org\/{rel}","templated":true}]}}