{"id":24900,"date":"2024-03-25T19:32:51","date_gmt":"2024-03-25T18:32:51","guid":{"rendered":"https:\/\/swisssoftware24.ch\/?post_type=product&#038;p=24900"},"modified":"2025-11-30T00:17:25","modified_gmt":"2025-11-29T23:17:25","slug":"ashampoo-uninstaller-14","status":"publish","type":"product","link":"https:\/\/swisssoftware24.ch\/it\/products\/ashampoo-uninstaller-14\/","title":{"rendered":"Ashampoo UnInstaller 14"},"content":{"rendered":"<div class=\"flex-1 overflow-hidden\">\n<div class=\"react-scroll-to-bottom--css-qpwgn-79elbk h-full\">\n<div class=\"react-scroll-to-bottom--css-qpwgn-1n7m0yu\">\n<div class=\"flex flex-col text-sm pb-9\">\n<div class=\"w-full text-token-text-primary\" data-testid=\"conversation-turn-21\">\n<div class=\"px-4 py-2 justify-center text-base md:gap-6 m-auto\">\n<div class=\"flex flex-1 text-base mx-auto gap-3 md:px-5 lg:px-1 xl:px-5 md:max-w-3xl lg:max-w-[40rem] xl:max-w-[48rem] group final-completion\">\n<div class=\"relative flex w-full flex-col agent-turn\">\n<div class=\"flex-col gap-1 md:gap-3\">\n<div class=\"flex flex-grow flex-col max-w-full\">\n<div class=\"min-h-[20px] text-message flex flex-col items-start gap-3 whitespace-pre-wrap break-words [.text-message+&amp;]:mt-5 overflow-x-auto\" data-message-author-role=\"assistant\" data-message-id=\"9a9900da-ac5c-4a34-bc93-53dca276d6a4\">\n<div class=\"markdown prose w-full break-words dark:prose-invert dark\">\n<p class=\"\" data-start=\"333\" data-end=\"696\">Ashampoo UnInstaller 14 offre una soluzione completa per la rimozione sicura e completa di programmi indesiderati. La tecnologia avanzata di snapshot registra ogni modifica durante un'installazione, garantendo che in seguito non rimangano residui. Grazie alla disinstallazione a cinque vie, vengono eliminate anche le tracce nascoste in profondit\u00e0 nel sistema.<\/p>\n<p class=\"\" data-start=\"698\" data-end=\"1039\">Particolarmente pratica \u00e8 la possibilit\u00e0 di spostare i programmi installati su altre unit\u00e0 \u2013 ideale quando lo spazio di archiviazione \u00e8 limitato. Il software rileva automaticamente le installazioni e offre funzioni di pulizia intelligenti, inclusa una pulizia approfondita del Registro di sistema di Windows. Ci\u00f2 consente di risparmiare tempo ed evita interventi manuali.<\/p>\n<p class=\"\" data-start=\"1041\" data-end=\"1357\">Oltre a un'interfaccia utente notevolmente migliorata, Ashampoo UnInstaller 14 offre ulteriori funzioni di manutenzione del sistema. Queste includono pulitori di internet e del disco rigido con whitelist, filtri di file e ulteriori ottimizzazioni. Il programma supporta tutte le moderne versioni di Windows ed \u00e8 disponibile in molte lingue.<\/p>\n<p data-start=\"1041\" data-end=\"1357\"><strong>Puoi trovare maggiori informazioni su questo prodotto\u00a0<a href=\"https:\/\/swisssoftware24.ch\/it\/ashampoo-uninstaller-14-saubere-deinstallation-auf-einem-neuen-level\/\">qui<\/a>.<\/strong><\/p>\n<\/div>\n<\/div>\n<\/div>\n<\/div>\n<\/div>\n<\/div>\n<\/div>\n<\/div>\n<\/div>\n<\/div>\n<\/div>\n<\/div>\n<div class=\"w-full pt-2 md:pt-0 dark:border-white\/20 md:border-transparent md:dark:border-transparent md:w-[calc(100%-.5rem)]\">\n<h3 class=\"flex w-full items-center\">Ashampoo UnInstaller 14 \u2013 requisiti di sistema<\/h3>\n<ul>\n<li><strong class=\"font-semibold tracking-tight\">Sistema Operativo: <\/strong>Windows 7, 8, 10, 11<\/li>\n<li><strong class=\"font-semibold tracking-tight\">Requisiti: <\/strong>Qualsiasi dispositivo che supporti i sistemi operativi sopra elencati.<\/li>\n<li><strong class=\"font-semibold tracking-tight\">Altro:<\/strong>\u00c8 necessaria una connessione Internet per l'attivazione del programma.\nLa licenza del programma viene verificata periodicamente.\nSono richiesti diritti di amministratore sul sistema per l'installazione e l'utilizzo del programma.<\/li>\n<\/ul>\n<\/div>","protected":false},"excerpt":{"rendered":"<p class=\"translation-block\">Ashampoo UnInstaller 14 \u00e8 uno strumento avanzato per la disinstallazione del software, progettato per rimuovere facilmente programmi, toolbar e plugin dal sistema Microsoft Windows. Permette di installare, testare e disinstallare applicazioni senza lasciare residui, garantendo cos\u00ec la pulizia e le prestazioni ottimali del sistema.<\/p>\n<p class=\"translation-block\">Acquistando questo prodotto, riceverai una licenza perpetua sotto forma di chiave elettronica, che consente l\u2019utilizzo dello strumento di disinstallazione su un dispositivo. Questa versione \u00e8 specificamente progettata per computer con sistemi operativi Windows ed \u00e8 disponibile in pi\u00f9 lingue.<\/p>","protected":false},"featured_media":25463,"template":"","meta":{"_seopress_robots_primary_cat":"none","_seopress_titles_title":"Ashampoo UnInstaller 14 | SwissSoftware24","_seopress_titles_desc":"Ashampoo UnInstaller 14 entfernt Programme und ihre R\u00fcckst\u00e4nde vollst\u00e4ndig. Sch\u00fctzen Sie Ihr System und optimieren Sie die Leistung. Jetzt bei SwissSoftware24.","_seopress_robots_index":""},"product_brand":[],"product_cat":[131,65,83],"product_tag":[],"class_list":{"0":"post-24900","1":"product","2":"type-product","3":"status-publish","4":"has-post-thumbnail","6":"product_cat-andere","7":"product_cat-fur-unternehmen","8":"product_cat-video-grafik-andere","10":"first","11":"onbackorder","12":"virtual","13":"taxable","14":"purchasable","15":"product-type-simple"},"_links":{"self":[{"href":"https:\/\/swisssoftware24.ch\/it\/wp-json\/wp\/v2\/product\/24900","targetHints":{"allow":["GET"]}}],"collection":[{"href":"https:\/\/swisssoftware24.ch\/it\/wp-json\/wp\/v2\/product"}],"about":[{"href":"https:\/\/swisssoftware24.ch\/it\/wp-json\/wp\/v2\/types\/product"}],"wp:featuredmedia":[{"embeddable":true,"href":"https:\/\/swisssoftware24.ch\/it\/wp-json\/wp\/v2\/media\/25463"}],"wp:attachment":[{"href":"https:\/\/swisssoftware24.ch\/it\/wp-json\/wp\/v2\/media?parent=24900"}],"wp:term":[{"taxonomy":"product_brand","embeddable":true,"href":"https:\/\/swisssoftware24.ch\/it\/wp-json\/wp\/v2\/product_brand?post=24900"},{"taxonomy":"product_cat","embeddable":true,"href":"https:\/\/swisssoftware24.ch\/it\/wp-json\/wp\/v2\/product_cat?post=24900"},{"taxonomy":"product_tag","embeddable":true,"href":"https:\/\/swisssoftware24.ch\/it\/wp-json\/wp\/v2\/product_tag?post=24900"}],"curies":[{"name":"wp","href":"https:\/\/api.w.org\/{rel}","templated":true}]}}