{"id":24904,"date":"2024-03-25T19:45:07","date_gmt":"2024-03-25T18:45:07","guid":{"rendered":"https:\/\/swisssoftware24.ch\/?post_type=product&#038;p=24904"},"modified":"2025-11-30T00:17:25","modified_gmt":"2025-11-29T23:17:25","slug":"ashampoo-video-optimizer-pro-2","status":"publish","type":"product","link":"https:\/\/swisssoftware24.ch\/it\/products\/ashampoo-video-optimizer-pro-2\/","title":{"rendered":"Ashampoo Video Optimizer Pro 2"},"content":{"rendered":"<p data-start=\"0\" data-end=\"272\">Ashampoo Video Optimizer Pro 2 alza visibilmente la qualit\u00e0 video: colori e contrasti ottimizzati, riduzione di rumore e sfarfallio, stabilizzazione delle riprese\u2014rapido e senza workflow complessi.<\/p>\n<p data-start=\"274\" data-end=\"492\">Con 20 preset colore, slow motion e time-lapse, i look creativi si ottengono in pochi clic. Strumenti completi e correzione della distorsione dell\u2019obiettivo (es. fish-eye) garantiscono risultati puliti e naturali.<\/p>\n<p data-start=\"494\" data-end=\"721\">Ampio supporto di formati fino al 4K, incluso H.265\/HEVC, pi\u00f9 accelerazione hardware su schede NVIDIA per export e conversioni veloci. Ideale per migliorare, tagliare e condividere i video.<\/p>\n<p data-start=\"494\" data-end=\"721\"><strong>Puoi trovare maggiori informazioni su questo prodotto\u00a0<a href=\"https:\/\/swisssoftware24.ch\/it\/ashampoo-video-optimizer-pro-2-qualitaet-die-man-sofort-sieht\/\">qui<\/a>.<\/strong><\/p>\n<h3>Ashampoo Video Optimizer Pro 2 \u2013requisiti di sistema<\/h3>\n<ul>\n<li><strong class=\"font-semibold tracking-tight\">Sistema Operativo: <\/strong>Windows 8, 10, 11 (64-Bit)<\/li>\n<li><strong class=\"font-semibold tracking-tight\">Software necessario:<\/strong>Windows Media Player 10, .NET Framework 4.0<\/li>\n<li><strong class=\"font-semibold tracking-tight\">Processore: <\/strong>Editing\/Produzione DVD: processore dual-core con almeno 2,4 GHz.\nEditing\/Produzione HD: Intel Core i5\/i7 o processori quad-core equivalenti.<\/li>\n<li><strong class=\"font-semibold tracking-tight\">RAM: <\/strong>Minimo 2 GB di memoria libera per qualit\u00e0 DVD.\nMinimo 4 GB di memoria libera per qualit\u00e0 HD.\nIdeale: 8 GB o pi\u00f9.<\/li>\n<li><strong class=\"font-semibold tracking-tight\">Scheda grafica: <\/strong>DirectX 9, Pixelshader v2.0, Min. 128 MB RAM, Min. 1280&#215;1024<\/li>\n<li><strong class=\"font-semibold tracking-tight\">Altro: <\/strong>\u00c8 necessaria una connessione Internet per l'attivazione del programma.\nLa licenza del programma viene verificata periodicamente.\nAlcuni servizi richiedono una connessione Internet attiva.<\/li>\n<\/ul>","protected":false},"excerpt":{"rendered":"<p class=\"translation-block\">Ashampoo Video Optimizer Pro 2 \u00e8 uno strumento avanzato per il miglioramento della qualit\u00e0 video, progettato per semplificare la modifica, il ritaglio e la stabilizzazione delle riprese. Automatizza molte operazioni e supporta l'elaborazione in batch, consentendo agli utenti di stabilizzare video tremolanti, ottimizzare colori e contrasti, migliorare la nitidezza con un solo clic e affrontare problemi comuni come il rumore digitale e lo sfarfallio.<\/p>\n<p class=\"translation-block\">Acquistando questo prodotto, riceverai una licenza a vita sotto forma di chiave elettronica, che ti autorizza all'utilizzo di questo strumento per migliorare la qualit\u00e0 video su un singolo dispositivo. Questa versione \u00e8 progettata per computer con sistema operativo Windows ed \u00e8 disponibile in diverse lingue.<\/p>","protected":false},"featured_media":25464,"template":"","meta":{"_seopress_robots_primary_cat":"none","_seopress_titles_title":"Ashampoo Video Optimizer Pro 2 | SwissSoftware24","_seopress_titles_desc":"Ashampoo Video Optimizer Pro 2: Optimieren Sie Ihre Videos mit verbesserten Farben, Stabilisierung, Effekten. Ideal f\u00fcr alle Formate. Jetzt bei SwissSoftware24.","_seopress_robots_index":""},"product_brand":[],"product_cat":[65,82,83,100],"product_tag":[],"class_list":{"0":"post-24904","1":"product","2":"type-product","3":"status-publish","4":"has-post-thumbnail","6":"product_cat-fur-unternehmen","7":"product_cat-video-grafik","8":"product_cat-video-grafik-andere","9":"product_cat-video","11":"first","12":"onbackorder","13":"virtual","14":"taxable","15":"purchasable","16":"product-type-simple"},"_links":{"self":[{"href":"https:\/\/swisssoftware24.ch\/it\/wp-json\/wp\/v2\/product\/24904","targetHints":{"allow":["GET"]}}],"collection":[{"href":"https:\/\/swisssoftware24.ch\/it\/wp-json\/wp\/v2\/product"}],"about":[{"href":"https:\/\/swisssoftware24.ch\/it\/wp-json\/wp\/v2\/types\/product"}],"wp:featuredmedia":[{"embeddable":true,"href":"https:\/\/swisssoftware24.ch\/it\/wp-json\/wp\/v2\/media\/25464"}],"wp:attachment":[{"href":"https:\/\/swisssoftware24.ch\/it\/wp-json\/wp\/v2\/media?parent=24904"}],"wp:term":[{"taxonomy":"product_brand","embeddable":true,"href":"https:\/\/swisssoftware24.ch\/it\/wp-json\/wp\/v2\/product_brand?post=24904"},{"taxonomy":"product_cat","embeddable":true,"href":"https:\/\/swisssoftware24.ch\/it\/wp-json\/wp\/v2\/product_cat?post=24904"},{"taxonomy":"product_tag","embeddable":true,"href":"https:\/\/swisssoftware24.ch\/it\/wp-json\/wp\/v2\/product_tag?post=24904"}],"curies":[{"name":"wp","href":"https:\/\/api.w.org\/{rel}","templated":true}]}}