{"id":24911,"date":"2024-03-25T21:02:25","date_gmt":"2024-03-25T20:02:25","guid":{"rendered":"https:\/\/swisssoftware24.ch\/?post_type=product&#038;p=24911"},"modified":"2025-11-30T00:17:25","modified_gmt":"2025-11-29T23:17:25","slug":"ashampoo-webcam-guard","status":"publish","type":"product","link":"https:\/\/swisssoftware24.ch\/it\/products\/ashampoo-webcam-guard\/","title":{"rendered":"Ashampoo WebCam Guard"},"content":{"rendered":"<p data-start=\"307\" data-end=\"614\">Ashampoo WebCam Guard \u00e8 la soluzione ideale per chi desidera proteggere la propria privacy e mantenere il controllo su webcam e microfono. Il software consente di attivare o disattivare facilmente i dispositivi tramite un semplice interruttore \u2013 senza bisogno di competenze tecniche.<\/p>\n<p data-start=\"616\" data-end=\"897\">Il monitoraggio avviene in tempo reale: ogni tentativo di accesso non autorizzato viene rilevato e segnalato immediatamente. Questo protegge l\u2019utente da possibili attacchi di spionaggio e garantisce un livello aggiuntivo di sicurezza, soprattutto nelle reti pubbliche o su dispositivi condivisi.<\/p>\n<p data-start=\"899\" data-end=\"1162\">Inoltre, Ashampoo WebCam Guard offre una pratica funzione di pianificazione. \u00c8 possibile impostare in anticipo gli orari di attivit\u00e0 della webcam e del microfono, con passaggi automatici \u2013 perfetto per chi cerca sicurezza e struttura nella propria routine digitale.<\/p>\n<p data-start=\"899\" data-end=\"1162\"><strong>Puoi trovare maggiori informazioni su questo prodotto\u00a0<a href=\"https:\/\/swisssoftware24.ch\/it\/ashampoo-webcam-guard-privatsphaere-per-klick-sichern\/\">qui<\/a>.<\/strong><\/p>\n<h3>Ashampoo WebCam Guard \u2013 requisiti di sistema<\/h3>\n<ul>\n<li><strong class=\"font-semibold tracking-tight\">Sistema Operativo: <\/strong>Windows 10, 11<\/li>\n<li><strong class=\"font-semibold tracking-tight\">Requisiti: <\/strong>Qualsiasi dispositivo che supporti i sistemi operativi sopra elencati.<\/li>\n<li><strong class=\"font-semibold tracking-tight\">Altro: <\/strong>Sono necessari diritti di amministratore sul sistema per poter installare e utilizzare il programma.<br \/>\n\u00c8 necessaria una connessione Internet per l'attivazione del programma. La licenza del programma viene verificata periodicamente.<\/li>\n<\/ul>","protected":false},"excerpt":{"rendered":"<p class=\"translation-block\">Ashampoo WebCam Guard \u00e8 un software facile da usare per proteggere la webcam e il microfono da accessi non autorizzati. Con interruttori semplici e intuitivi, consente all'utente di attivare o disattivare questi dispositivi con un solo clic, offrendo controllo e protezione della privacy contro attacchi informatici o software dannosi.<\/p>\n<p class=\"translation-block\">Con l'acquisto di questo prodotto, si ottiene una licenza perpetua sotto forma di chiave elettronica, che autorizza l'uso dello strumento di protezione della webcam e del microfono su dieci dispositivi. Questa versione \u00e8 progettata per computer con sistemi operativi Windows. Il software \u00e8 disponibile in pi\u00f9 lingue.<\/p>","protected":false},"featured_media":25465,"template":"","meta":{"_seopress_robots_primary_cat":"none","_seopress_titles_title":"Ashampoo WebCam Guard | Webcam-Schutz | SwissSoftware24","_seopress_titles_desc":"Ashampoo WebCam Guard: Sch\u00fctzen Sie Ihre Privatsph\u00e4re durch das Deaktivieren von Webcam und Mikrofon. Einfach zu bedienen. Jetzt bei SwissSoftware24 erh\u00e4ltlich.","_seopress_robots_index":""},"product_brand":[],"product_cat":[93,94,63,65,79],"product_tag":[],"class_list":{"0":"post-24911","1":"product","2":"type-product","3":"status-publish","4":"has-post-thumbnail","6":"product_cat-antivirus","7":"product_cat-antivirus-security-fur-unternehmen","8":"product_cat-antivirus-security","9":"product_cat-fur-unternehmen","10":"product_cat-sicherheit-fur-firmen","12":"first","13":"onbackorder","14":"virtual","15":"taxable","16":"purchasable","17":"product-type-simple"},"_links":{"self":[{"href":"https:\/\/swisssoftware24.ch\/it\/wp-json\/wp\/v2\/product\/24911","targetHints":{"allow":["GET"]}}],"collection":[{"href":"https:\/\/swisssoftware24.ch\/it\/wp-json\/wp\/v2\/product"}],"about":[{"href":"https:\/\/swisssoftware24.ch\/it\/wp-json\/wp\/v2\/types\/product"}],"wp:featuredmedia":[{"embeddable":true,"href":"https:\/\/swisssoftware24.ch\/it\/wp-json\/wp\/v2\/media\/25465"}],"wp:attachment":[{"href":"https:\/\/swisssoftware24.ch\/it\/wp-json\/wp\/v2\/media?parent=24911"}],"wp:term":[{"taxonomy":"product_brand","embeddable":true,"href":"https:\/\/swisssoftware24.ch\/it\/wp-json\/wp\/v2\/product_brand?post=24911"},{"taxonomy":"product_cat","embeddable":true,"href":"https:\/\/swisssoftware24.ch\/it\/wp-json\/wp\/v2\/product_cat?post=24911"},{"taxonomy":"product_tag","embeddable":true,"href":"https:\/\/swisssoftware24.ch\/it\/wp-json\/wp\/v2\/product_tag?post=24911"}],"curies":[{"name":"wp","href":"https:\/\/api.w.org\/{rel}","templated":true}]}}