{"id":24917,"date":"2024-03-25T21:08:06","date_gmt":"2024-03-25T20:08:06","guid":{"rendered":"https:\/\/swisssoftware24.ch\/?post_type=product&#038;p=24917"},"modified":"2025-11-30T00:17:25","modified_gmt":"2025-11-29T23:17:25","slug":"ashampoo-winoptimizer-26","status":"publish","type":"product","link":"https:\/\/swisssoftware24.ch\/it\/products\/ashampoo-winoptimizer-26\/","title":{"rendered":"Ashampoo WinOptimizer 26"},"content":{"rendered":"<p data-start=\"0\" data-end=\"355\">Ashampoo WinOptimizer 26 ripulisce Windows a fondo e lo rende visibilmente pi\u00f9 rapido: <em data-start=\"127\" data-end=\"146\">In-Depth Cleaning<\/em> elimina vecchie build di Windows, backup degli update e statistiche d\u2019uso\u2014oltre a svuotare il cache degli shader DirectX e il cache delle anteprime di Esplora file.<\/p>\n<p data-start=\"357\" data-end=\"635\">Con Tuning Assistant e One-Click Optimizer ottimizzi tramite domande guidate o in un colpo solo. Drive Cleaner (filtri file personalizzati) e Internet Cleaner migliorato assicurano scansioni precise e veloci.<\/p>\n<p data-start=\"637\" data-end=\"889\">In pi\u00f9, extra utili come UnInstall Manager 2 (rimuove anche le app di Windows), nuove dashboard\/home e avvisi nel Centro notifiche di Windows\u2014compatibilit\u00e0 totale con Windows 11\/10\/7.<\/p>\n<p><strong>Puoi trovare maggiori informazioni su questo prodotto\u00a0<a href=\"https:\/\/swisssoftware24.ch\/it\/ashampoo-winoptimizer-26-so-bringst-du-windows-dauerhaft-auf-tempo\/\">qui<\/a>.<\/strong><\/p>\n<h3>Ashampoo WinOptimizer 26 \u2013 requisiti di sistema<\/h3>\n<ul>\n<li><strong class=\"font-semibold tracking-tight\">Sistema Operativo: <\/strong>Windows 7, 10, 11.<\/li>\n<li><strong class=\"font-semibold tracking-tight\">Requisiti: <\/strong>Qualsiasi dispositivo che supporti i sistemi operativi sopra elencati.<\/li>\n<li><strong class=\"font-semibold tracking-tight\">Altro: <\/strong>Risoluzione dello schermo 1280\u00d7768 (consigliato: 1920\u00d71080). Sono necessari diritti di amministratore sul sistema per poter installare e utilizzare il programma. \u00c8 richiesta una connessione a Internet per l'attivazione del programma. La licenza del programma viene verificata periodicamente.<\/li>\n<\/ul>","protected":false},"excerpt":{"rendered":"<p class=\"translation-block\">Ashampoo WinOptimizer 26 \u00e8 uno strumento avanzato per l'ottimizzazione del sistema Windows, progettato per migliorare le prestazioni, la stabilit\u00e0 e la privacy. Offre un'ampia gamma di funzionalit\u00e0 per la pulizia, l'ottimizzazione e la protezione del computer.<\/p>\n<p class=\"translation-block\">Acquistando questo prodotto, si ottiene una licenza perpetua sotto forma di chiave elettronica, che consente l'utilizzo del software di ottimizzazione Windows su tre dispositivi. Il programma \u00e8 disponibile in pi\u00f9 lingue.<\/p>","protected":false},"featured_media":25466,"template":"","meta":{"_seopress_robots_primary_cat":"none","_seopress_titles_title":"Ashampoo WinOptimizer 26 | PC-Optimierung | SwissSoftware24","_seopress_titles_desc":"Ashampoo WinOptimizer 26: Optimieren und reinigen Sie PC f\u00fcr bessere Leistung und mehr Sicherheit. Entfernen Sie unn\u00f6tige Dateien. Jetzt bei SwissSoftware24.","_seopress_robots_index":""},"product_brand":[],"product_cat":[99,83],"product_tag":[],"class_list":{"0":"post-24917","1":"product","2":"type-product","3":"status-publish","4":"has-post-thumbnail","6":"product_cat-pc-tuning","7":"product_cat-video-grafik-andere","9":"first","10":"onbackorder","11":"virtual","12":"taxable","13":"purchasable","14":"product-type-simple"},"_links":{"self":[{"href":"https:\/\/swisssoftware24.ch\/it\/wp-json\/wp\/v2\/product\/24917","targetHints":{"allow":["GET"]}}],"collection":[{"href":"https:\/\/swisssoftware24.ch\/it\/wp-json\/wp\/v2\/product"}],"about":[{"href":"https:\/\/swisssoftware24.ch\/it\/wp-json\/wp\/v2\/types\/product"}],"wp:featuredmedia":[{"embeddable":true,"href":"https:\/\/swisssoftware24.ch\/it\/wp-json\/wp\/v2\/media\/25466"}],"wp:attachment":[{"href":"https:\/\/swisssoftware24.ch\/it\/wp-json\/wp\/v2\/media?parent=24917"}],"wp:term":[{"taxonomy":"product_brand","embeddable":true,"href":"https:\/\/swisssoftware24.ch\/it\/wp-json\/wp\/v2\/product_brand?post=24917"},{"taxonomy":"product_cat","embeddable":true,"href":"https:\/\/swisssoftware24.ch\/it\/wp-json\/wp\/v2\/product_cat?post=24917"},{"taxonomy":"product_tag","embeddable":true,"href":"https:\/\/swisssoftware24.ch\/it\/wp-json\/wp\/v2\/product_tag?post=24917"}],"curies":[{"name":"wp","href":"https:\/\/api.w.org\/{rel}","templated":true}]}}