{"id":24921,"date":"2024-03-25T21:17:18","date_gmt":"2024-03-25T20:17:18","guid":{"rendered":"https:\/\/swisssoftware24.ch\/?post_type=product&#038;p=24921"},"modified":"2025-11-30T00:17:25","modified_gmt":"2025-11-29T23:17:25","slug":"ashampoo-zip-pro-4","status":"publish","type":"product","link":"https:\/\/swisssoftware24.ch\/it\/products\/ashampoo-zip-pro-4\/","title":{"rendered":"Ashampoo ZIP Pro 4"},"content":{"rendered":"<p class=\"\" data-start=\"279\" data-end=\"713\">Ashampoo ZIP Pro 4 \u00e8 una potente soluzione all-in-one per tutte le attivit\u00e0 relative a compressione, crittografia e gestione dei file. Il software supporta tutti i formati di archivio comuni e colpisce per una compressione pi\u00f9 rapida, un'interfaccia utente moderna e una perfetta integrazione in Windows 11. Anche l'estrazione e la creazione di archivi complessi sono notevolmente semplificate grazie all'esplora file integrato.<\/p>\n<p class=\"\" data-start=\"715\" data-end=\"1068\">Particolarmente pratico \u00e8 il supporto per i servizi cloud e i server FTP, che consente di accedere direttamente e lavorare con gli archivi nello spazio di archiviazione online. Grazie ai componenti aggiuntivi di Office, i file ZIP possono anche essere creati e aperti direttamente da Word, Excel o Outlook. Inoltre, esiste una versione portatile per l'uso mobile senza installazione.<\/p>\n<p class=\"\" data-start=\"1070\" data-end=\"1399\">Ashampoo ZIP Pro 4 offre anche una funzione completa di backup e masterizzazione che supporta unit\u00e0 locali, di rete, cloud o FTP, nonch\u00e9 supporti CD\/DVD\/Blu-ray. Il software \u00e8 pienamente compatibile con display 4K ad alta risoluzione e utilizza le pi\u00f9 recenti tecnologie Windows \u2013 ideale sia per utenti privati che per aziende.<\/p>\n<p data-start=\"1070\" data-end=\"1399\"><strong>Puoi trovare maggiori informazioni su questo prodotto\u00a0<a href=\"https:\/\/swisssoftware24.ch\/it\/ashampoo-zip-pro-4-komprimieren-sichern-und-verwalten-auf-hoechstem-niveau\/\">qui<\/a>.<\/strong><\/p>\n<h3>Ashampoo ZIP Pro 4 \u2013 sistemi operativi compatibili<\/h3>\n<ul>\n<li><strong class=\"font-semibold tracking-tight\">Sistema Operativo: <\/strong>Windows 7, 8, 10, 11.<\/li>\n<li><strong class=\"font-semibold tracking-tight\">Requisiti: <\/strong>Qualsiasi dispositivo che supporti i sistemi operativi sopra elencati.<\/li>\n<li><strong class=\"font-semibold tracking-tight\">Altro: <\/strong>\u00c8 necessaria una connessione Internet per l'attivazione del programma.\nLa licenza del programma viene verificata periodicamente.\nSono richiesti diritti di amministratore sul sistema per l'installazione e l'utilizzo del programma.<\/li>\n<\/ul>","protected":false},"excerpt":{"rendered":"<p class=\"translation-block\">Ashampoo ZIP Pro 4 \u00e8 un software completo per la compressione dei dati, dotato di funzionalit\u00e0 avanzate per la compressione, l'estrazione, la crittografia e la creazione di backup di file. Supporta oltre 60 tipi di archivi, rendendolo uno strumento versatile per la gestione di vari formati di file. Tra le principali caratteristiche figurano il motore ZIP\/ZIPX pi\u00f9 veloce al mondo, il pieno supporto per processori multicore, la crittografia a 256 bit per la sicurezza degli archivi e la totale compatibilit\u00e0 con Windows 11.<\/p>\n<p class=\"translation-block\">Con l'acquisto di questo prodotto, si ottiene una licenza perpetua sotto forma di chiave elettronica, che consente l'uso del programma per la compressione di file ZIP su un dispositivo. Si tratta di una versione progettata per computer con sistema operativo Windows. Il software \u00e8 disponibile in pi\u00f9 lingue.<\/p>","protected":false},"featured_media":25467,"template":"","meta":{"_seopress_robots_primary_cat":"none","_seopress_titles_title":"Ashampoo ZIP Pro 4 | Komprimieren | SwissSoftware24","_seopress_titles_desc":"Ashampoo ZIP Pro 4: Komprimieren, verschl\u00fcsseln und entpacken Sie Dateien schnell und sicher. Unterst\u00fctzt alle g\u00e4ngigen Formate. Jetzt bei SwissSoftware24.","_seopress_robots_index":""},"product_brand":[],"product_cat":[131,95,65,77,83],"product_tag":[],"class_list":{"0":"post-24921","1":"product","2":"type-product","3":"status-publish","4":"has-post-thumbnail","6":"product_cat-andere","7":"product_cat-buro-software","8":"product_cat-fur-unternehmen","9":"product_cat-office-programme","10":"product_cat-video-grafik-andere","12":"first","13":"onbackorder","14":"virtual","15":"taxable","16":"purchasable","17":"product-type-simple"},"_links":{"self":[{"href":"https:\/\/swisssoftware24.ch\/it\/wp-json\/wp\/v2\/product\/24921","targetHints":{"allow":["GET"]}}],"collection":[{"href":"https:\/\/swisssoftware24.ch\/it\/wp-json\/wp\/v2\/product"}],"about":[{"href":"https:\/\/swisssoftware24.ch\/it\/wp-json\/wp\/v2\/types\/product"}],"wp:featuredmedia":[{"embeddable":true,"href":"https:\/\/swisssoftware24.ch\/it\/wp-json\/wp\/v2\/media\/25467"}],"wp:attachment":[{"href":"https:\/\/swisssoftware24.ch\/it\/wp-json\/wp\/v2\/media?parent=24921"}],"wp:term":[{"taxonomy":"product_brand","embeddable":true,"href":"https:\/\/swisssoftware24.ch\/it\/wp-json\/wp\/v2\/product_brand?post=24921"},{"taxonomy":"product_cat","embeddable":true,"href":"https:\/\/swisssoftware24.ch\/it\/wp-json\/wp\/v2\/product_cat?post=24921"},{"taxonomy":"product_tag","embeddable":true,"href":"https:\/\/swisssoftware24.ch\/it\/wp-json\/wp\/v2\/product_tag?post=24921"}],"curies":[{"name":"wp","href":"https:\/\/api.w.org\/{rel}","templated":true}]}}