{"id":24926,"date":"2024-03-26T06:36:50","date_gmt":"2024-03-26T05:36:50","guid":{"rendered":"https:\/\/swisssoftware24.ch\/?post_type=product&#038;p=24926"},"modified":"2025-11-30T00:17:25","modified_gmt":"2025-11-29T23:17:25","slug":"audials-movie-2022","status":"publish","type":"product","link":"https:\/\/swisssoftware24.ch\/it\/products\/audials-movie-2022\/","title":{"rendered":"Audials Movie 2022"},"content":{"rendered":"<p data-start=\"0\" data-end=\"281\">Audials Movie 2022 registra film e serie da Netflix, Amazon Prime, Disney+ &amp; Co. alla risoluzione originale \u2013 grazie al motore ad alta velocit\u00e0 persino al doppio della normale, senza perdita di qualit\u00e0.<\/p>\n<p data-start=\"283\" data-end=\"501\">La pubblicit\u00e0 viene rilevata e rimossa automaticamente durante la registrazione; un crawler di sottotitoli integrato trova i testi in quasi tutte le lingue e li incorpora su richiesta.<\/p>\n<p data-start=\"503\" data-end=\"751\">Dopo la cattura potete migliorare i dialoghi con Speech Boost, tagliare trailer o bande nere al pixel nell\u2019editor video e organizzare tutto in una videoteca intelligente con tag.<\/p>\n<p data-start=\"503\" data-end=\"751\"><strong>Puoi trovare maggiori informazioni su questo prodotto\u00a0<a href=\"https:\/\/swisssoftware24.ch\/it\/audials-movie-2022-ihre-schaltzentrale-fuer-streaming-aufnahmen\/\">qui<\/a>.<\/strong><\/p>\n<h3>Audials Movie 2022 \u2013 requisiti di sistema<\/h3>\n<ul>\n<li>Sistema operativo: Windows 10 o 11<\/li>\n<li>CPU: Processore da 1 GHz<\/li>\n<li>RAM: 4 GB<\/li>\n<li>Spazio su disco: 1 GB per l'installazione<\/li>\n<li>Connessione Internet a banda larga<\/li>\n<li>Compatibilit\u00e0 con Mac: Utilizzabile con Parallels per Mac<\/li>\n<\/ul>","protected":false},"excerpt":{"rendered":"<p class=\"translation-block\">Audials Movie 2022 \u00e8 un software potente e innovativo, progettato per registrare, modificare e gestire contenuti video. Questa applicazione avanzata consente agli utenti di effettuare registrazioni di alta qualit\u00e0 dai servizi di streaming pi\u00f9 popolari, eliminare pubblicit\u00e0, scaricare sottotitoli e ottimizzare la qualit\u00e0 audio. Inoltre, Audials Movie 2022 supporta la creazione di una videoteca personalizzata ed \u00e8 compatibile con diversi formati video.<\/p>\n<p class=\"translation-block\">Con l'acquisto di questo prodotto, riceverete una licenza a vita sotto forma di chiave elettronica, che vi consente di utilizzare il software per registrare flussi video su un computer con sistema operativo Windows.<\/p>","protected":false},"featured_media":25678,"template":"","meta":{"_seopress_robots_primary_cat":"none","_seopress_titles_title":"Audials Movie 2022 | Filme aufnehmen | SwissSoftware24","_seopress_titles_desc":"Audials Movie 2022: Nehmen Sie Filme und Serien von Streaming-Diensten auf. Hohe Qualit\u00e4t und einfache Bedienung. Jetzt bei SwissSoftware24 erh\u00e4ltlich.","_seopress_robots_index":""},"product_brand":[],"product_cat":[65,82,83,100],"product_tag":[],"class_list":{"0":"post-24926","1":"product","2":"type-product","3":"status-publish","4":"has-post-thumbnail","6":"product_cat-fur-unternehmen","7":"product_cat-video-grafik","8":"product_cat-video-grafik-andere","9":"product_cat-video","11":"first","12":"onbackorder","13":"virtual","14":"taxable","15":"purchasable","16":"product-type-simple"},"_links":{"self":[{"href":"https:\/\/swisssoftware24.ch\/it\/wp-json\/wp\/v2\/product\/24926","targetHints":{"allow":["GET"]}}],"collection":[{"href":"https:\/\/swisssoftware24.ch\/it\/wp-json\/wp\/v2\/product"}],"about":[{"href":"https:\/\/swisssoftware24.ch\/it\/wp-json\/wp\/v2\/types\/product"}],"wp:featuredmedia":[{"embeddable":true,"href":"https:\/\/swisssoftware24.ch\/it\/wp-json\/wp\/v2\/media\/25678"}],"wp:attachment":[{"href":"https:\/\/swisssoftware24.ch\/it\/wp-json\/wp\/v2\/media?parent=24926"}],"wp:term":[{"taxonomy":"product_brand","embeddable":true,"href":"https:\/\/swisssoftware24.ch\/it\/wp-json\/wp\/v2\/product_brand?post=24926"},{"taxonomy":"product_cat","embeddable":true,"href":"https:\/\/swisssoftware24.ch\/it\/wp-json\/wp\/v2\/product_cat?post=24926"},{"taxonomy":"product_tag","embeddable":true,"href":"https:\/\/swisssoftware24.ch\/it\/wp-json\/wp\/v2\/product_tag?post=24926"}],"curies":[{"name":"wp","href":"https:\/\/api.w.org\/{rel}","templated":true}]}}