{"id":24930,"date":"2024-03-26T06:41:52","date_gmt":"2024-03-26T05:41:52","guid":{"rendered":"https:\/\/swisssoftware24.ch\/?post_type=product&#038;p=24930"},"modified":"2026-02-14T11:33:17","modified_gmt":"2026-02-14T10:33:17","slug":"audials-music-2022","status":"publish","type":"product","link":"https:\/\/swisssoftware24.ch\/it\/products\/audials-music-2022\/","title":{"rendered":"Audials Music 2022"},"content":{"rendered":"<p class=\"\" data-start=\"200\" data-end=\"556\">Audials Music 2022 \u00e8 una potente soluzione per registrare e gestire flussi musicali nella massima qualit\u00e0. Il programma registra brani direttamente dalle piattaforme di streaming pi\u00f9 popolari, mantenendo la qualit\u00e0 audio originale. Ogni traccia viene automaticamente taggata, il che semplifica notevolmente la gestione della raccolta musicale.<\/p>\n<p class=\"\" data-start=\"558\" data-end=\"874\">Oltre all'organizzazione efficiente, Audials Music 2022 supporta anche la registrazione simultanea da pi\u00f9 fonti, consentendo agli utenti di creare rapidamente librerie musicali estese. Il riconoscimento automatico di titoli, artisti e album garantisce raccolte strutturate e una facile ricerca.<\/p>\n<p class=\"\" data-start=\"876\" data-end=\"1174\">Con la sua interfaccia intuitiva e le funzioni complete, Audials Music 2022 \u00e8 lo strumento ideale per gli amanti della musica che apprezzano qualit\u00e0, ordine e flessibilit\u00e0. Che sia per archiviare, gestire o scoprire \u2013 questo software soddisfa le esigenze degli ascoltatori moderni.<\/p>\n<p data-start=\"876\" data-end=\"1174\"><strong>Puoi trovare maggiori informazioni su questo prodotto\u00a0<a href=\"https:\/\/swisssoftware24.ch\/it\/audials-music-2022-musikaufnahmen-in-bester-qualitaet\/\">qui<\/a>.<\/strong><\/p>\n<h3>Audials Music 2022 \u2013 requisiti di sistema<\/h3>\n<ul>\n<li>Sistema operativo: Windows 10 o 11<\/li>\n<li>CPU: Processore da 1 GHz<\/li>\n<li>RAM: 4 GB<\/li>\n<li>Spazio su disco: 1 GB per l'installazione<\/li>\n<li>Connessione Internet a banda larga<\/li>\n<li>Compatibilit\u00e0 con Mac: Utilizzabile con Parallels per Mac<\/li>\n<\/ul>","protected":false},"excerpt":{"rendered":"<p class=\"translation-block\">Audials Music 2022 \u00e8 un software appositamente progettato per registrare, modificare e gestire musica da diversi servizi di streaming. Questo strumento offre una soluzione completa per gli amanti della musica che desiderano ampliare le proprie raccolte con la massima qualit\u00e0 sonora. Con Audials Music 2022, otterrete una licenza a vita sotto forma di chiave elettronica, che consente di utilizzare il programma per registrare musica in streaming su un computer Windows.<\/p>","protected":false},"featured_media":25679,"template":"","meta":{"_seopress_robots_primary_cat":"none","_seopress_titles_title":"Audials Music 2022 | Musik speichern | SwissSoftware24","_seopress_titles_desc":"Audials Music 2022 erm\u00f6glicht das Aufnehmen und Speichern von Musik von Streaming-Diensten. Genie\u00dfen Sie Ihre Musik offline. Jetzt bei SwissSoftware24.","_seopress_robots_index":""},"product_brand":[],"product_cat":[131,83],"product_tag":[],"class_list":{"0":"post-24930","1":"product","2":"type-product","3":"status-publish","4":"has-post-thumbnail","6":"product_cat-andere","7":"product_cat-video-grafik-andere","9":"first","10":"onbackorder","11":"virtual","12":"taxable","13":"purchasable","14":"product-type-simple"},"_links":{"self":[{"href":"https:\/\/swisssoftware24.ch\/it\/wp-json\/wp\/v2\/product\/24930","targetHints":{"allow":["GET"]}}],"collection":[{"href":"https:\/\/swisssoftware24.ch\/it\/wp-json\/wp\/v2\/product"}],"about":[{"href":"https:\/\/swisssoftware24.ch\/it\/wp-json\/wp\/v2\/types\/product"}],"wp:featuredmedia":[{"embeddable":true,"href":"https:\/\/swisssoftware24.ch\/it\/wp-json\/wp\/v2\/media\/25679"}],"wp:attachment":[{"href":"https:\/\/swisssoftware24.ch\/it\/wp-json\/wp\/v2\/media?parent=24930"}],"wp:term":[{"taxonomy":"product_brand","embeddable":true,"href":"https:\/\/swisssoftware24.ch\/it\/wp-json\/wp\/v2\/product_brand?post=24930"},{"taxonomy":"product_cat","embeddable":true,"href":"https:\/\/swisssoftware24.ch\/it\/wp-json\/wp\/v2\/product_cat?post=24930"},{"taxonomy":"product_tag","embeddable":true,"href":"https:\/\/swisssoftware24.ch\/it\/wp-json\/wp\/v2\/product_tag?post=24930"}],"curies":[{"name":"wp","href":"https:\/\/api.w.org\/{rel}","templated":true}]}}