{"id":27633,"date":"2024-07-10T20:49:10","date_gmt":"2024-07-10T18:49:10","guid":{"rendered":"https:\/\/swisssoftware24.ch\/?post_type=product&#038;p=27633"},"modified":"2025-11-30T00:17:25","modified_gmt":"2025-11-29T23:17:25","slug":"bitdefender-password-manager","status":"publish","type":"product","link":"https:\/\/swisssoftware24.ch\/it\/products\/bitdefender-password-manager\/","title":{"rendered":"Bitdefender Password Manager"},"content":{"rendered":"<p data-start=\"357\" data-end=\"663\">Bitdefender Password Manager \u00e8 una soluzione completa per chiunque desideri gestire le proprie password in modo sicuro e, allo stesso tempo, proteggere la propria privacy online. Con una crittografia avanzata, lo strumento offre il massimo livello di sicurezza\u2014sia per i dati memorizzati che durante la navigazione web.<\/p>\n<p data-start=\"665\" data-end=\"946\">Funzioni come la compilazione automatica dei moduli e la sincronizzazione su pi\u00f9 dispositivi rendono l'uso quotidiano notevolmente pi\u00f9 comodo. L'utente non deve pi\u00f9 ricordare password complicate; tutto \u00e8 archiviato in modo sicuro e sempre a portata di mano.<\/p>\n<p data-start=\"948\" data-end=\"1212\">Inoltre, il generatore di password integrato consente di creare password forti e uniche per ogni account. Ci\u00f2 riduce significativamente il rischio di attacchi hacker o furti di dati\u2014ideale per chiunque tenga alla sicurezza digitale.<\/p>\n<p data-start=\"948\" data-end=\"1212\"><strong>Puoi trovare maggiori informazioni su questo prodotto\u00a0<a href=\"https:\/\/swisssoftware24.ch\/it\/bitdefender-password-manager-sicherheit-und-komfort-fuer-ihre-online-konten\/\">qui<\/a>.<\/strong><\/p>\n<h3>Bitdefender Password Manager \u2013 requisiti di sistema<\/h3>\n<p>Windows: Windows 7 con Service Pack 1, Windows 8.1, Windows 10 e Windows 11<br \/>\nBrowser supportati: Chrome 72 o versioni successive, Firefox 65 o versioni successive, Microsoft Edge<\/p>\n<p>macOS: X Yosemite (10.10) o versioni successive<br \/>\nBrowser supportati: Safari, Firefox, Google Chrome<\/p>\n<p>iOS: Versione 11.0 o superiore<br \/>\nConnessione Internet attiva<\/p>\n<p>Android: Versione 5.1 o superiore (lo sblocco tramite impronta digitale \u00e8 supportato da Android 6.0 o versioni successive)<br \/>\nAutofill: supportato da Android 8.0 o versioni pi\u00f9 recenti<br \/>\nConnessione Internet attiva<\/p>","protected":false},"excerpt":{"rendered":"<p>Bitdefender Password Manager \u00e8 stato progettato per gli utenti che necessitano di uno strumento affidabile per la gestione delle proprie password. Offre una vasta gamma di funzionalit\u00e0 che aiutano nella creazione di password sicure, nella loro conservazione sicura e nel riempimento automatico dei moduli.<\/p>\n<p>Acquistando questo prodotto, riceverete una licenza annuale sotto forma di chiave elettronica, che consente l'utilizzo del gestore delle password per un utente. Questa versione \u00e8 compatibile con dispositivi con sistemi operativi Windows, macOS, Android e iOS. Il software \u00e8 disponibile in lingua italiana.<\/p>","protected":false},"featured_media":33975,"template":"","meta":{"_seopress_robots_primary_cat":"none","_seopress_titles_title":"Bitdefender Password Manager | SwissSoftware24","_seopress_titles_desc":"Bitdefender Password Manager: Verwalten und sch\u00fctzen Sie Ihre Passw\u00f6rter sicher. Einfache Synchronisation auf allen Ger\u00e4ten. Jetzt bei SwissSoftware24.","_seopress_robots_index":""},"product_brand":[],"product_cat":[93,63,112],"product_tag":[],"class_list":{"0":"post-27633","1":"product","2":"type-product","3":"status-publish","4":"has-post-thumbnail","6":"product_cat-antivirus","7":"product_cat-antivirus-security","8":"product_cat-bitdefender","10":"first","11":"onbackorder","12":"downloadable","13":"virtual","14":"taxable","15":"purchasable","16":"product-type-simple"},"_links":{"self":[{"href":"https:\/\/swisssoftware24.ch\/it\/wp-json\/wp\/v2\/product\/27633","targetHints":{"allow":["GET"]}}],"collection":[{"href":"https:\/\/swisssoftware24.ch\/it\/wp-json\/wp\/v2\/product"}],"about":[{"href":"https:\/\/swisssoftware24.ch\/it\/wp-json\/wp\/v2\/types\/product"}],"wp:featuredmedia":[{"embeddable":true,"href":"https:\/\/swisssoftware24.ch\/it\/wp-json\/wp\/v2\/media\/33975"}],"wp:attachment":[{"href":"https:\/\/swisssoftware24.ch\/it\/wp-json\/wp\/v2\/media?parent=27633"}],"wp:term":[{"taxonomy":"product_brand","embeddable":true,"href":"https:\/\/swisssoftware24.ch\/it\/wp-json\/wp\/v2\/product_brand?post=27633"},{"taxonomy":"product_cat","embeddable":true,"href":"https:\/\/swisssoftware24.ch\/it\/wp-json\/wp\/v2\/product_cat?post=27633"},{"taxonomy":"product_tag","embeddable":true,"href":"https:\/\/swisssoftware24.ch\/it\/wp-json\/wp\/v2\/product_tag?post=27633"}],"curies":[{"name":"wp","href":"https:\/\/api.w.org\/{rel}","templated":true}]}}