{"id":27637,"date":"2024-07-10T20:56:33","date_gmt":"2024-07-10T18:56:33","guid":{"rendered":"https:\/\/swisssoftware24.ch\/?post_type=product&#038;p=27637"},"modified":"2025-11-29T23:56:54","modified_gmt":"2025-11-29T22:56:54","slug":"bitdefender-small-office-security","status":"publish","type":"product","link":"https:\/\/swisssoftware24.ch\/it\/products\/bitdefender-small-office-security\/","title":{"rendered":"Bitdefender Small Office Security"},"content":{"rendered":"<p data-start=\"0\" data-end=\"313\">Bitdefender Small Office Security 2025 protegge fino a 20 dispositivi Windows, macOS, Android e iOS con antivirus in tempo reale pluripremiato, Network Threat Prevention e difesa ransomware multilivello.<\/p>\n<p data-start=\"315\" data-end=\"570\">Con la console cloud controlli tutti i PC e smartphone aziendali da un\u2019unica dashboard, installi la protezione in meno di cinque minuti e distribuisci patch con un clic \u2013 senza reparto IT dedicato.<\/p>\n<p data-start=\"572\" data-end=\"786\">La licenza include 500 MB\/giorno di Bitdefender VPN, protezione webcam\/microfono, estensione Anti-Tracker e aggiornamenti automatici silenziosi \u2013 sicurezza che non rallenta il lavoro.<\/p>\n<p data-start=\"572\" data-end=\"786\"><strong>Puoi trovare maggiori informazioni su questo prodotto\u00a0<a href=\"https:\/\/swisssoftware24.ch\/it\/bitdefender-small-office-security-2025-komplettschutz-fuers-kleinbuero\/\">qui<\/a>.<\/strong><\/p>\n<h3>Bitdefender Small Office Security \u2013 requisiti di sistema<\/h3>\n<p>Windows 7 con Service Pack 1, Windows 8.1, Windows 10, Windows 11<br \/>\nCPU: Intel Core 2 Duo o equivalente AMD<br \/>\nRAM: 2 GB<br \/>\nSpazio su Disco: 2,5 GB di spazio libero<\/p>\n<p>macOS: X Yosemite (10.10) o versioni successive<br \/>\nSpazio su disco: 1 GB di spazio libero<\/p>\n<p>Versione 11.2 o superiore<\/p>\n<p>Versione 5.0 o superiore<\/p>","protected":false},"excerpt":{"rendered":"<p>Bitdefender Small Office Security \u00e8 stato progettato per le piccole imprese che necessitano di uno strumento affidabile per proteggere i loro sistemi e dati. Offre una vasta gamma di funzionalit\u00e0 di sicurezza per proteggere da virus, malware, phishing e altre minacce, garantendo al contempo la privacy e la riservatezza delle informazioni. Il programma \u00e8 facile da usare e funziona su vari dispositivi, rendendolo la scelta ideale per le piccole aziende.<\/p>\n<p>Acquistando questo prodotto, riceverete, a seconda dell'opzione scelta, una licenza di uno, due o tre anni sotto forma di chiave elettronica, che consente l'utilizzo del software antivirus per aziende su cinque, dieci o persino venti dispositivi. Questa versione \u00e8 compatibile con dispositivi con sistemi operativi Windows, macOS, Android e iOS. Il software \u00e8 disponibile in pi\u00f9 lingue.<\/p>","protected":false},"featured_media":33976,"template":"","meta":{"_seopress_robots_primary_cat":"none","_seopress_titles_title":"Bitdefender Small Office Security | SwissSoftware24","_seopress_titles_desc":"Bitdefender Small Office Security bietet erweiterte Sicherheitsfunktionen f\u00fcr kleine Unternehmen. Sch\u00fctzen Sie Ihre Daten. Jetzt bei SwissSoftware24 erh\u00e4ltlich.","_seopress_robots_index":""},"product_brand":[],"product_cat":[112,63,93,79,65,94],"product_tag":[],"class_list":{"0":"post-27637","1":"product","2":"type-product","3":"status-publish","4":"has-post-thumbnail","6":"product_cat-bitdefender","7":"product_cat-antivirus-security","8":"product_cat-antivirus","9":"product_cat-sicherheit-fur-firmen","10":"product_cat-fur-unternehmen","11":"product_cat-antivirus-security-fur-unternehmen","13":"first","14":"instock","15":"taxable","16":"shipping-taxable","17":"purchasable","18":"product-type-variable"},"_links":{"self":[{"href":"https:\/\/swisssoftware24.ch\/it\/wp-json\/wp\/v2\/product\/27637","targetHints":{"allow":["GET"]}}],"collection":[{"href":"https:\/\/swisssoftware24.ch\/it\/wp-json\/wp\/v2\/product"}],"about":[{"href":"https:\/\/swisssoftware24.ch\/it\/wp-json\/wp\/v2\/types\/product"}],"wp:featuredmedia":[{"embeddable":true,"href":"https:\/\/swisssoftware24.ch\/it\/wp-json\/wp\/v2\/media\/33976"}],"wp:attachment":[{"href":"https:\/\/swisssoftware24.ch\/it\/wp-json\/wp\/v2\/media?parent=27637"}],"wp:term":[{"taxonomy":"product_brand","embeddable":true,"href":"https:\/\/swisssoftware24.ch\/it\/wp-json\/wp\/v2\/product_brand?post=27637"},{"taxonomy":"product_cat","embeddable":true,"href":"https:\/\/swisssoftware24.ch\/it\/wp-json\/wp\/v2\/product_cat?post=27637"},{"taxonomy":"product_tag","embeddable":true,"href":"https:\/\/swisssoftware24.ch\/it\/wp-json\/wp\/v2\/product_tag?post=27637"}],"curies":[{"name":"wp","href":"https:\/\/api.w.org\/{rel}","templated":true}]}}