{"id":28707,"date":"2024-09-04T19:31:19","date_gmt":"2024-09-04T17:31:19","guid":{"rendered":"https:\/\/swisssoftware24.ch\/?post_type=product&#038;p=28707"},"modified":"2026-01-17T13:39:48","modified_gmt":"2026-01-17T12:39:48","slug":"project-standard-2021","status":"publish","type":"product","link":"https:\/\/swisssoftware24.ch\/it\/products\/project-standard-2021\/","title":{"rendered":"Project Standard 2021"},"content":{"rendered":"<p data-start=\"300\" data-end=\"587\">Microsoft Project Standard 2021 \u00e8 uno strumento moderno di project management che consente di pianificare, monitorare e analizzare anche i progetti pi\u00f9 complessi. Con una libreria di modelli ampliata e strumenti intelligenti, gli utenti possono creare e gestire facilmente cronoprogrammi professionali.<\/p>\n<p data-start=\"589\" data-end=\"844\">La versione 2021 introduce funzionalit\u00e0 intelligenti di pianificazione, assegnazione automatica delle date e analisi \u201cwhat-if\u201d in tempo reale. Questo consente di reagire rapidamente ai cambiamenti, migliorare l\u2019allocazione delle risorse ed evitare errori di pianificazione.<\/p>\n<p data-start=\"846\" data-end=\"1066\">La visualizzazione ottimizzata \u2013 con pi\u00f9 linee temporali personalizzabili \u2013 semplifica la gestione dei progetti estesi. Project Standard 2021 aumenta notevolmente l'efficienza di ogni project manager.<\/p>\n<p data-start=\"846\" data-end=\"1066\"><strong>Puoi trovare maggiori informazioni su questo prodotto\u00a0<a href=\"https:\/\/swisssoftware24.ch\/it\/microsoft-project-standard-2021-klueger-planen-schneller-umsetzen\/\">qui<\/a>.<\/strong><\/p>\n<h3><strong>Project Standard 2021 \u2013 requisiti di sistema<\/strong><\/h3>\n<ul>\n<li><strong>Processore:<\/strong> 1,6 GHz o superiore, Dual-Core<\/li>\n<li><strong>Sistema Operativo:<\/strong> Windows 11, Windows 10, Windows Server 2022<\/li>\n<li><strong>RAM:<\/strong> RAM da 4GB; 2 GB di RAM (32 bit)<\/li>\n<li><strong>Spazio su disco:<\/strong> disponibile di 4,0 GB<\/li>\n<li><strong>Display:<\/strong> Risoluzione dello schermo di almeno 1280 x 768<\/li>\n<li><strong>Grafica:<\/strong> Scheda grafica compatibile con DirectX 12 per l'accelerazione hardware grafica<\/li>\n<li><strong>Requisiti di sistema aggiuntivi:<\/strong> Connessione Internet e account Microsoft<\/li>\n<\/ul>","protected":false},"excerpt":{"rendered":"<p>Microsoft Project Standard 2021 ist ein modernes Projektmanagement-Tool, das Planung, Kontrolle und Analyse selbst komplexester Vorhaben erm\u00f6glicht. Mit einer erweiterten Vorlagenbibliothek und intelligenten Tools k\u00f6nnen Nutzer professionelle Zeitpl\u00e4ne effizient erstellen und verwalten. Die Version 2021 f\u00fchrt intelligente Planungsfunktionen, automatische Terminzuweisung und \u201eWas-w\u00e4re-wenn\u201c-Analysen in Echtzeit ein. Dies erm\u00f6glicht eine schnellere Reaktion auf \u00c4nderungen, bessere Ressourcenzuweisung und [&hellip;]<\/p>","protected":false},"featured_media":33962,"template":"","meta":{"_seopress_robots_primary_cat":"none","_seopress_titles_title":"Project Standard 2021 | Projektplanung | SwissSoftware24","_seopress_titles_desc":"Project Standard 2021 bietet effiziente Projektplanung mit erweiterten Vorlagen und intelligenten Planungswerkzeugen. Ideal f\u00fcr effektives Projektmanagement.","_seopress_robots_index":""},"product_brand":[],"product_cat":[96,71],"product_tag":[],"class_list":{"0":"post-28707","1":"product","2":"type-product","3":"status-publish","4":"has-post-thumbnail","6":"product_cat-einzelne-office-programme","7":"product_cat-office","9":"first","10":"onbackorder","11":"virtual","12":"taxable","13":"purchasable","14":"product-type-simple"},"_links":{"self":[{"href":"https:\/\/swisssoftware24.ch\/it\/wp-json\/wp\/v2\/product\/28707","targetHints":{"allow":["GET"]}}],"collection":[{"href":"https:\/\/swisssoftware24.ch\/it\/wp-json\/wp\/v2\/product"}],"about":[{"href":"https:\/\/swisssoftware24.ch\/it\/wp-json\/wp\/v2\/types\/product"}],"wp:featuredmedia":[{"embeddable":true,"href":"https:\/\/swisssoftware24.ch\/it\/wp-json\/wp\/v2\/media\/33962"}],"wp:attachment":[{"href":"https:\/\/swisssoftware24.ch\/it\/wp-json\/wp\/v2\/media?parent=28707"}],"wp:term":[{"taxonomy":"product_brand","embeddable":true,"href":"https:\/\/swisssoftware24.ch\/it\/wp-json\/wp\/v2\/product_brand?post=28707"},{"taxonomy":"product_cat","embeddable":true,"href":"https:\/\/swisssoftware24.ch\/it\/wp-json\/wp\/v2\/product_cat?post=28707"},{"taxonomy":"product_tag","embeddable":true,"href":"https:\/\/swisssoftware24.ch\/it\/wp-json\/wp\/v2\/product_tag?post=28707"}],"curies":[{"name":"wp","href":"https:\/\/api.w.org\/{rel}","templated":true}]}}