{"id":28709,"date":"2024-09-04T19:51:40","date_gmt":"2024-09-04T17:51:40","guid":{"rendered":"https:\/\/swisssoftware24.ch\/?post_type=product&#038;p=28709"},"modified":"2026-01-17T13:46:08","modified_gmt":"2026-01-17T12:46:08","slug":"project-professional-2021","status":"publish","type":"product","link":"https:\/\/swisssoftware24.ch\/it\/products\/project-professional-2021\/","title":{"rendered":"Project Professional 2021"},"content":{"rendered":"<p data-start=\"166\" data-end=\"473\">Microsoft Project Professional 2021 offre una piattaforma potente per la gestione moderna dei progetti, ideale per singoli e team. L'ampia libreria di modelli e le opzioni di personalizzazione flessibili consentono un avvio rapido di qualsiasi progetto, indipendentemente dalla complessit\u00e0 o dalle dimensioni.<\/p>\n<p data-start=\"475\" data-end=\"755\">Strumenti di pianificazione intelligenti aiutano a creare pianificazioni precise e le analisi degli scenari in tempo reale supportano un rapido processo decisionale. Particolarmente degna di nota \u00e8 l'integrazione con Microsoft Teams e SharePoint, che rivoluziona la collaborazione tra team.<\/p>\n<p data-start=\"757\" data-end=\"1037\">Grazie a diverse timeline personalizzabili e report dettagliati, \u00e8 possibile mantenere sempre una panoramica completa delle strutture di progetto complesse. Microsoft Project Professional 2021 \u00e8 lo strumento ideale per le aziende che desiderano portare a termine i progetti in modo efficiente e affidabile.<\/p>\n<p data-start=\"757\" data-end=\"1037\"><strong>Puoi trovare maggiori informazioni su questo prodotto\u00a0<a href=\"https:\/\/swisssoftware24.ch\/it\/microsoft-project-professional-2021-teamarbeit-planung-auf-hoechstem-niveau\/\">qui<\/a>.<\/strong><\/p>\n<h3><strong>Project Professional 2021 &#8211; anforderungen<\/strong><\/h3>\n<ul>\n<li><strong>Processore:<\/strong> 1,6 GHz o superiore, Dual-Core<\/li>\n<li><strong>Sistema Operativo:<\/strong> Windows 11, Windows 10, Windows Server 2022<\/li>\n<li><strong>RAM:<\/strong> RAM da 4GB; 2 GB di RAM (32 bit)<\/li>\n<li><strong>Spazio su disco:<\/strong> disponibile di 4,0 GB<\/li>\n<li><strong>Display:<\/strong> Risoluzione dello schermo di almeno 1280 x 768<\/li>\n<li><strong>Grafica:<\/strong> Scheda grafica compatibile con DirectX 12 per l'accelerazione hardware grafica<\/li>\n<li><strong>Requisiti di sistema aggiuntivi:<\/strong> Connessione Internet e account Microsoft<\/li>\n<\/ul>","protected":false},"excerpt":{"rendered":"<p>Microsoft Project Professional 2021 bietet eine leistungsstarke Plattform f\u00fcr modernes Projektmanagement \u2013 ideal f\u00fcr Einzelpersonen und Teams. Die erweiterte Vorlagenbibliothek und flexible Anpassungsoptionen erm\u00f6glichen einen schnellen Einstieg in jedes Projekt \u2013 unabh\u00e4ngig von Komplexit\u00e4t oder Gr\u00f6\u00dfe. Intelligente Planungswerkzeuge helfen, Zeitpl\u00e4ne pr\u00e4zise zu erstellen, und Echtzeit-Szenarioanalysen unterst\u00fctzen bei der schnellen Entscheidungsfindung. Besonders hervorzuheben ist die Integration [&hellip;]<\/p>","protected":false},"featured_media":33963,"template":"","meta":{"_seopress_robots_primary_cat":"none","_seopress_titles_title":"Project Professional 2021 | Projektmanagement | SwissSoftware24","_seopress_titles_desc":"Project Professional 2021 bietet erweiterte Planungswerkzeuge, Teamzusammenarbeit in Echtzeit und umfassende Visualisierungen. Professionelles Projektmanagement","_seopress_robots_index":""},"product_brand":[],"product_cat":[96,71],"product_tag":[],"class_list":{"0":"post-28709","1":"product","2":"type-product","3":"status-publish","4":"has-post-thumbnail","6":"product_cat-einzelne-office-programme","7":"product_cat-office","9":"first","10":"instock","11":"virtual","12":"taxable","13":"purchasable","14":"product-type-simple"},"_links":{"self":[{"href":"https:\/\/swisssoftware24.ch\/it\/wp-json\/wp\/v2\/product\/28709","targetHints":{"allow":["GET"]}}],"collection":[{"href":"https:\/\/swisssoftware24.ch\/it\/wp-json\/wp\/v2\/product"}],"about":[{"href":"https:\/\/swisssoftware24.ch\/it\/wp-json\/wp\/v2\/types\/product"}],"wp:featuredmedia":[{"embeddable":true,"href":"https:\/\/swisssoftware24.ch\/it\/wp-json\/wp\/v2\/media\/33963"}],"wp:attachment":[{"href":"https:\/\/swisssoftware24.ch\/it\/wp-json\/wp\/v2\/media?parent=28709"}],"wp:term":[{"taxonomy":"product_brand","embeddable":true,"href":"https:\/\/swisssoftware24.ch\/it\/wp-json\/wp\/v2\/product_brand?post=28709"},{"taxonomy":"product_cat","embeddable":true,"href":"https:\/\/swisssoftware24.ch\/it\/wp-json\/wp\/v2\/product_cat?post=28709"},{"taxonomy":"product_tag","embeddable":true,"href":"https:\/\/swisssoftware24.ch\/it\/wp-json\/wp\/v2\/product_tag?post=28709"}],"curies":[{"name":"wp","href":"https:\/\/api.w.org\/{rel}","templated":true}]}}