{"id":34031,"date":"2025-01-21T16:26:23","date_gmt":"2025-01-21T15:26:23","guid":{"rendered":"https:\/\/swisssoftware24.ch\/?post_type=product&#038;p=34031"},"modified":"2025-11-29T23:56:54","modified_gmt":"2025-11-29T22:56:54","slug":"adobe-photoshop-elements-premiere-elements-2025","status":"publish","type":"product","link":"https:\/\/swisssoftware24.ch\/it\/products\/adobe-photoshop-elements-premiere-elements-2025\/","title":{"rendered":"Adobe Photoshop Elements + Premiere Elements 2025"},"content":{"rendered":"<div class=\"text aem-GridColumn--tablet--12 aem-GridColumn--offset--tablet--0 aem-GridColumn--phone--hide aem-GridColumn--phone--12 aem-GridColumn aem-GridColumn--default--12 aem-GridColumn--offset--phone--0 aem-GridColumn--tablet--hide\">\n<div class=\"cmp-text mobile-padding-top-100 mobile-padding-bottom-20 tablet-padding-top-100 tablet-padding-bottom-0 tablet-padding-left-44 desktop-padding-top-28 NoMargin heading-XXL\">\n<p data-start=\"432\" data-end=\"812\">Adobe Photoshop &amp; Premiere Elements 2025 offre un potente duo per l\u2019editing creativo di foto e video con licenza triennale. Entrambi i programmi sono stati potenziati con intelligenza artificiale avanzata, per velocizzare i flussi di lavoro e ottenere risultati precisi e professionali, anche per utenti alle prime armi.<\/p>\n<p data-start=\"814\" data-end=\"1143\">Photoshop Elements introduce nuovi pennelli e filtri, mentre Premiere Elements migliora l\u2019editing dei video in 4K con nuovi effetti e transizioni. L\u2019interfaccia, ancora pi\u00f9 intuitiva, consente un approccio semplice alla creativit\u00e0.<\/p>\n<p data-start=\"1145\" data-end=\"1444\">Inclusa nel pacchetto anche una vasta libreria di modelli, suoni ed effetti musicali, per dare personalit\u00e0 ai progetti. \u00c8 ora possibile condividere i contenuti direttamente sui social.<\/p>\n<p data-start=\"1145\" data-end=\"1444\"><strong>Puoi trovare maggiori informazioni su questo prodotto\u00a0<a href=\"https:\/\/swisssoftware24.ch\/it\/adobe-photoshop-premiere-elements-2025-kreative-freiheit-mit-ki-unterstuetzung\/\">qui<\/a>.<\/strong><\/p>\n<h3>Adobe Photoshop&amp;Premiere Elements 2025 \u2013 Requisiti<\/h3>\n<ul>\n<li>Sistema operativo: Windows 10 e 11 (64 bit) \/ macOS (versioni pi\u00f9 recenti)<\/li>\n<li>Processore: Intel di sesta generazione o successivo o AMD equivalente con supporto SSE 4.1<\/li>\n<li>RAM: 8 GB di RAM (16 GB consigliati)<\/li>\n<li>Spazio su disco: 10 GB di spazio disponibile per l'installazione; spazio aggiuntivo per i file di lavoro<\/li>\n<li>Scheda grafica: Scheda grafica con supporto DirectX 12 e 2 GB di VRAM (4 GB consigliati)<\/li>\n<li>Display: Risoluzione dello schermo 1280 x 800 (1920 x 1080 consigliata)<\/li>\n<\/ul>\n<p>Nota importante: i requisiti di sistema esatti sono soggetti a modifiche fino alla versione finale del software. Si consiglia di verificare i requisiti di sistema ufficiali di Adobe prima dell'acquisto.<\/p>\n<\/div>\n<\/div>","protected":false},"excerpt":{"rendered":"<p>Mit Adobe Photoshop &amp; Premiere Elements 2025 erhalten Nutzer ein leistungsstarkes Duo f\u00fcr kreative Foto- und Videobearbeitung mit langj\u00e4hriger Lizenz f\u00fcr volle Flexibilit\u00e4t. Beide Programme wurden mit verbesserter KI-Unterst\u00fctzung ausgestattet, um Arbeitsprozesse zu automatisieren und Ergebnisse schneller sowie pr\u00e4ziser zu erzielen \u2013 ideal f\u00fcr Anf\u00e4nger und Fortgeschrittene. Photoshop Elements punktet mit neuen Pinseln, Filtern und [&hellip;]<\/p>","protected":false},"featured_media":34033,"template":"","meta":{"_seopress_robots_primary_cat":"none","_seopress_titles_title":"Adobe Photoshop&Premiere Elements 2025 | SwissSoftware24","_seopress_titles_desc":"Adobe Photoshop&Premiere Elements 2025: Bearbeiten Sie Fotos und Videos m\u00fchelos. Kreative Tools f\u00fcr atemberaubende Projekte. Jetzt bei SwissSoftware24.","_seopress_robots_index":""},"product_brand":[],"product_cat":[91,92,97,100,82,83],"product_tag":[],"class_list":{"0":"post-34031","1":"product","2":"type-product","3":"status-publish","4":"has-post-thumbnail","6":"product_cat-adobe","7":"product_cat-animation","8":"product_cat-grafik-design","9":"product_cat-video","10":"product_cat-video-grafik","11":"product_cat-video-grafik-andere","13":"first","14":"onbackorder","15":"taxable","16":"shipping-taxable","17":"purchasable","18":"product-type-simple"},"_links":{"self":[{"href":"https:\/\/swisssoftware24.ch\/it\/wp-json\/wp\/v2\/product\/34031","targetHints":{"allow":["GET"]}}],"collection":[{"href":"https:\/\/swisssoftware24.ch\/it\/wp-json\/wp\/v2\/product"}],"about":[{"href":"https:\/\/swisssoftware24.ch\/it\/wp-json\/wp\/v2\/types\/product"}],"wp:featuredmedia":[{"embeddable":true,"href":"https:\/\/swisssoftware24.ch\/it\/wp-json\/wp\/v2\/media\/34033"}],"wp:attachment":[{"href":"https:\/\/swisssoftware24.ch\/it\/wp-json\/wp\/v2\/media?parent=34031"}],"wp:term":[{"taxonomy":"product_brand","embeddable":true,"href":"https:\/\/swisssoftware24.ch\/it\/wp-json\/wp\/v2\/product_brand?post=34031"},{"taxonomy":"product_cat","embeddable":true,"href":"https:\/\/swisssoftware24.ch\/it\/wp-json\/wp\/v2\/product_cat?post=34031"},{"taxonomy":"product_tag","embeddable":true,"href":"https:\/\/swisssoftware24.ch\/it\/wp-json\/wp\/v2\/product_tag?post=34031"}],"curies":[{"name":"wp","href":"https:\/\/api.w.org\/{rel}","templated":true}]}}