{"id":34144,"date":"2025-01-24T09:23:06","date_gmt":"2025-01-24T08:23:06","guid":{"rendered":"https:\/\/swisssoftware24.ch\/?post_type=product&#038;p=34144"},"modified":"2025-11-29T23:56:54","modified_gmt":"2025-11-29T22:56:54","slug":"parallels-desktop-standard-20","status":"publish","type":"product","link":"https:\/\/swisssoftware24.ch\/it\/products\/parallels-desktop-standard-20\/","title":{"rendered":"Parallels Desktop Standard 20"},"content":{"rendered":"<p class=\"\" data-start=\"199\" data-end=\"477\">Parallels Desktop 20 \u00e8 una potente soluzione di virtualizzazione che consente agli utenti Mac di eseguire applicazioni Windows direttamente sul loro sistema macOS. Il software offre un'integrazione perfetta di entrambi i sistemi operativi \u2013 senza riavvii o passaggi costanti.<\/p>\n<p class=\"\" data-start=\"479\" data-end=\"740\">Che si tratti di Microsoft Office, Visual Studio o giochi esclusivi per Windows \u2013 con Parallels Desktop 20, questi programmi possono essere utilizzati senza sforzo in parallelo con le applicazioni macOS. Ci\u00f2 ti consente di beneficiare della versatilit\u00e0 e delle prestazioni di entrambe le piattaforme contemporaneamente.<\/p>\n<p class=\"\" data-start=\"742\" data-end=\"973\">La facilit\u00e0 d'uso, l'elevata stabilit\u00e0 e l'ottimizzazione per le attuali versioni di macOS e Windows rendono Parallels Desktop 20 la scelta ideale per professionisti, sviluppatori, studenti e chiunque abbia bisogno di flessibilit\u00e0 nella propria vita quotidiana.<\/p>\n<p data-start=\"742\" data-end=\"973\"><strong>Puoi trovare maggiori informazioni su questo prodotto\u00a0<a href=\"https:\/\/swisssoftware24.ch\/it\/parallels-desktop-20-windows-auf-dem-mac-kein-problem\/\">qui<\/a>.<\/strong><\/p>\n<p><strong>Requisiti di sistema:<\/strong><\/p>\n<ul>\n<li>Processore: 1,6 GHz, 2 core.<\/li>\n<li>Memoria: 4 GB di RAM; 2 GB di RAM (32 bit).<\/li>\n<li>Spazio di archiviazione: 4 GB di spazio disponibile.<\/li>\n<li>Sistema operativo: macOS 10.14 o versioni successive.<\/li>\n<li>Schermo: 1280 x 768.<\/li>\n<\/ul>","protected":false},"excerpt":{"rendered":"<p>Parallels Desktop 20 ist eine leistungsstarke Virtualisierungsl\u00f6sung, die es Mac-Nutzern erm\u00f6glicht, Windows-Anwendungen direkt auf ihrem macOS-System auszuf\u00fchren. Die Software bietet eine nahtlose Integration beider Betriebssysteme \u2013 ohne Neustarts oder st\u00e4ndiges Wechseln. Egal ob Microsoft Office, Visual Studio oder Windows-exklusive Spiele \u2013 mit Parallels Desktop 20 lassen sich diese Programme problemlos parallel zu macOS-Anwendungen nutzen. So [&hellip;]<\/p>","protected":false},"featured_media":34147,"template":"","meta":{"_seopress_robots_primary_cat":"none","_seopress_titles_title":"","_seopress_titles_desc":"","_seopress_robots_index":""},"product_brand":[],"product_cat":[131,83],"product_tag":[],"class_list":{"0":"post-34144","1":"product","2":"type-product","3":"status-publish","4":"has-post-thumbnail","6":"product_cat-andere","7":"product_cat-video-grafik-andere","9":"first","10":"instock","11":"taxable","12":"shipping-taxable","13":"purchasable","14":"product-type-variable"},"_links":{"self":[{"href":"https:\/\/swisssoftware24.ch\/it\/wp-json\/wp\/v2\/product\/34144","targetHints":{"allow":["GET"]}}],"collection":[{"href":"https:\/\/swisssoftware24.ch\/it\/wp-json\/wp\/v2\/product"}],"about":[{"href":"https:\/\/swisssoftware24.ch\/it\/wp-json\/wp\/v2\/types\/product"}],"wp:featuredmedia":[{"embeddable":true,"href":"https:\/\/swisssoftware24.ch\/it\/wp-json\/wp\/v2\/media\/34147"}],"wp:attachment":[{"href":"https:\/\/swisssoftware24.ch\/it\/wp-json\/wp\/v2\/media?parent=34144"}],"wp:term":[{"taxonomy":"product_brand","embeddable":true,"href":"https:\/\/swisssoftware24.ch\/it\/wp-json\/wp\/v2\/product_brand?post=34144"},{"taxonomy":"product_cat","embeddable":true,"href":"https:\/\/swisssoftware24.ch\/it\/wp-json\/wp\/v2\/product_cat?post=34144"},{"taxonomy":"product_tag","embeddable":true,"href":"https:\/\/swisssoftware24.ch\/it\/wp-json\/wp\/v2\/product_tag?post=34144"}],"curies":[{"name":"wp","href":"https:\/\/api.w.org\/{rel}","templated":true}]}}