{"id":34153,"date":"2025-01-24T09:58:40","date_gmt":"2025-01-24T08:58:40","guid":{"rendered":"https:\/\/swisssoftware24.ch\/?post_type=product&#038;p=34153"},"modified":"2025-11-30T00:17:26","modified_gmt":"2025-11-29T23:17:26","slug":"parallels-desktop-standard-18-1-jahr","status":"publish","type":"product","link":"https:\/\/swisssoftware24.ch\/it\/products\/parallels-desktop-standard-18-1-jahr\/","title":{"rendered":"Parallels Desktop Standard 18 (1 Jahr)"},"content":{"rendered":"<p class=\"\" data-start=\"208\" data-end=\"461\">Parallels Desktop Standard 18 \u00e8 la soluzione ideale per gli utenti Mac che desiderano eseguire applicazioni Windows in parallelo con macOS. Il software consente un'integrazione stabile e fluida di entrambi i sistemi senza richiedere un riavvio.<\/p>\n<p class=\"\" data-start=\"463\" data-end=\"696\">Puoi eseguire direttamente programmi come Microsoft Office, Visual Studio o anche giochi per Windows \u2013 e contemporaneamente continuare a utilizzare tutte le funzionalit\u00e0 abituali del tuo Mac. L'uso parallelo fa risparmiare tempo e aumenta l'efficienza.<\/p>\n<p class=\"\" data-start=\"698\" data-end=\"904\">Grazie alla sua facilit\u00e0 d'uso, alle elevate prestazioni e all'ampia compatibilit\u00e0, Parallels Desktop Standard 18 \u00e8 particolarmente adatto a professionisti, studenti e utenti con esigenze versatili.<\/p>\n<p data-start=\"698\" data-end=\"904\"><strong>Puoi trovare maggiori informazioni su questo prodotto\u00a0<a href=\"https:\/\/swisssoftware24.ch\/it\/parallels-desktop-standard-18-zwei-systeme-ein-geraet\/\">qui<\/a>.<\/strong><\/p>\n<p><strong>Parallels Desktop Standard 18 (1 anno) - requisiti di sistema:<\/strong><\/p>\n<ul>\n<li data-start=\"363\" data-end=\"476\">Processore: Apple Silicon (serie M) o Intel Core i5\/i7\/i9\/Xeon.<\/li>\n<li data-start=\"363\" data-end=\"476\">Memoria: almeno 4 GB di RAM (16 GB o pi\u00f9 per prestazioni ottimali).<\/li>\n<li data-start=\"604\" data-end=\"840\">Spazio di archiviazione: circa 600 MB per l'installazione di Parallels pi\u00f9 spazio aggiuntivo per la macchina virtuale; sono richiesti almeno 16 GB per Windows (di pi\u00f9, a seconda della VM).<\/li>\n<li data-start=\"843\" data-end=\"1096\">Sistema operativo (macOS host): macOS 10.14.6 Mojave o successivo (PD18 \u00e8 elencato con Mojave tramite Sonoma; le ultime versioni di macOS potrebbero ricevere supporto ottimizzato solo nelle versioni pi\u00f9 recenti di Parallels).<\/li>\n<li data-start=\"1099\" data-end=\"1214\">Internet: necessario per l'attivazione, gli aggiornamenti e alcune funzionalit\u00e0.<\/li>\n<\/ul>\n<p data-start=\"1216\" data-end=\"1254\">","protected":false},"excerpt":{"rendered":"<p>Parallels Desktop Standard 18 ist die ideale L\u00f6sung f\u00fcr alle Mac-Nutzer, die Windows-Anwendungen parallel zu macOS nutzen m\u00f6chten. Die Software erm\u00f6glicht eine stabile und nahtlose Integration beider Systeme, ohne dass ein Neustart erforderlich ist. Sie k\u00f6nnen Programme wie Microsoft Office, Visual Studio oder auch Windows-Spiele direkt ausf\u00fchren \u2013 und gleichzeitig weiterhin alle gewohnten Funktionen Ihres [&hellip;]<\/p>","protected":false},"featured_media":34156,"template":"","meta":{"_seopress_robots_primary_cat":"none","_seopress_titles_title":"","_seopress_titles_desc":"","_seopress_robots_index":""},"product_brand":[],"product_cat":[131,83],"product_tag":[],"class_list":{"0":"post-34153","1":"product","2":"type-product","3":"status-publish","4":"has-post-thumbnail","6":"product_cat-andere","7":"product_cat-video-grafik-andere","9":"first","10":"onbackorder","11":"taxable","12":"shipping-taxable","13":"purchasable","14":"product-type-simple"},"_links":{"self":[{"href":"https:\/\/swisssoftware24.ch\/it\/wp-json\/wp\/v2\/product\/34153","targetHints":{"allow":["GET"]}}],"collection":[{"href":"https:\/\/swisssoftware24.ch\/it\/wp-json\/wp\/v2\/product"}],"about":[{"href":"https:\/\/swisssoftware24.ch\/it\/wp-json\/wp\/v2\/types\/product"}],"wp:featuredmedia":[{"embeddable":true,"href":"https:\/\/swisssoftware24.ch\/it\/wp-json\/wp\/v2\/media\/34156"}],"wp:attachment":[{"href":"https:\/\/swisssoftware24.ch\/it\/wp-json\/wp\/v2\/media?parent=34153"}],"wp:term":[{"taxonomy":"product_brand","embeddable":true,"href":"https:\/\/swisssoftware24.ch\/it\/wp-json\/wp\/v2\/product_brand?post=34153"},{"taxonomy":"product_cat","embeddable":true,"href":"https:\/\/swisssoftware24.ch\/it\/wp-json\/wp\/v2\/product_cat?post=34153"},{"taxonomy":"product_tag","embeddable":true,"href":"https:\/\/swisssoftware24.ch\/it\/wp-json\/wp\/v2\/product_tag?post=34153"}],"curies":[{"name":"wp","href":"https:\/\/api.w.org\/{rel}","templated":true}]}}