{"id":34870,"date":"2025-02-18T14:04:01","date_gmt":"2025-02-18T13:04:01","guid":{"rendered":"https:\/\/swisssoftware24.ch\/?post_type=product&#038;p=34870"},"modified":"2025-11-29T23:56:54","modified_gmt":"2025-11-29T22:56:54","slug":"acronis-true-image-2025-perpetual","status":"publish","type":"product","link":"https:\/\/swisssoftware24.ch\/it\/products\/acronis-true-image-2025-perpetual\/","title":{"rendered":"Acronis True Image 2025 Perpetual"},"content":{"rendered":"<p data-sourcepos=\"1:1-1:592\">Acronis True Image 2025 Perpetual \u00e8 una soluzione completa per il backup dei dati e la sicurezza informatica che garantisce la protezione continua dei tuoi dati, 24 ore su 24. Con questa versione a licenza perpetua puoi usufruire di tutte le funzionalit\u00e0 del programma senza dover rinnovare un abbonamento. Crea backup dell\u2019intero computer, di file o cartelle singole, nonch\u00e9 di unit\u00e0 esterne e del cloud. In caso di guasto, attacco ransomware o cancellazione accidentale dei dati, puoi ripristinarli facilmente allo stato precedente al problema.<\/p>\n<p data-sourcepos=\"3:1-3:547\">Acronis True Image 2025 Perpetual offre funzionalit\u00e0 avanzate come clonazione del disco, creazione di immagini disco, crittografia dei dati e protezione integrata contro virus e ransomware. In questo modo, i tuoi dati sono protetti non solo dalla perdita ma anche dalle minacce informatiche. Il programma crea automaticamente backup, quindi non devi preoccuparti di eseguire regolarmente la protezione dei tuoi dati. L\u2019interfaccia utente intuitiva rende il programma facile e piacevole da usare, anche per gli utenti meno esperti.<\/p>\n<p data-sourcepos=\"5:1-5:370\">Scegliendo Acronis True Image 2025 Perpetual, investi a lungo termine nella sicurezza dei tuoi dati. \u00c8 una soluzione affidabile e collaudata che ti aiuta a proteggerti dalle conseguenze della perdita di dati. Puoi stare tranquillo, sapendo che i tuoi file, foto, video e documenti preziosi sono sempre al sicuro e facilmente accessibili.<\/p>\n<p data-sourcepos=\"5:1-5:370\"><strong>Puoi trovare maggiori informazioni su questo prodotto\u00a0<a href=\"https:\/\/swisssoftware24.ch\/it\/acronis-true-image-2025-datensicherung-ohne-umwege-wiederherstellung-in-minuten\/\">qui<\/a>.<\/strong><\/p>\n<h3 data-sourcepos=\"1:1-1:60\">Acronis True Image 2025 Perpetual \u2013 Requisiti di sistema<\/h3>\n<ul data-sourcepos=\"3:1-7:101\">\n<li data-sourcepos=\"3:1-3:73\"><strong>Processore:<\/strong> Intel Core 2 Duo o equivalente, 2 GHz o superiore<\/li>\n<li data-sourcepos=\"4:1-4:43\"><strong>RAM:<\/strong> 2 GB o pi\u00f9<\/li>\n<li data-sourcepos=\"5:1-5:119\"><strong>Spazio su disco:<\/strong> 7 GB per l\u2019installazione + spazio aggiuntivo per i backup (a seconda della quantit\u00e0 di dati)<\/li>\n<li data-sourcepos=\"6:1-6:114\"><strong>Sistema Operativo:<\/strong> Windows 11, 10, 8.1 \/ macOS Sonoma 14, Ventura 13, Monterey 12, Big Sur 11, Catalina 10.15<\/li>\n<li data-sourcepos=\"7:1-7:101\"><strong>Internet:<\/strong> Necessario per attivazione, aggiornamenti, backup su cloud e funzioni di Cyber Protection<\/li>\n<\/ul>","protected":false},"excerpt":{"rendered":"<p>Acronis True Image 2025 Perpetual ist eine umfassende L\u00f6sung f\u00fcr Datensicherung und Cybersicherheit, die den Schutz Ihrer Daten rund um die Uhr gew\u00e4hrleistet. Mit dieser Version mit unbefristeter Lizenz k\u00f6nnen Sie den vollen Funktionsumfang des Programms nutzen, ohne ein Abonnement erneuern zu m\u00fcssen. Erstellen Sie Backups des gesamten Computers, einzelner Dateien oder Ordner sowie externer [&hellip;]<\/p>","protected":false},"featured_media":34873,"template":"","meta":{"_seopress_robots_primary_cat":"none","_seopress_titles_title":"Acronis True Image 2025 Perpetual: Backup f\u00fcr Ihre Daten","_seopress_titles_desc":"Acronis True Image 2025 Perpetual: der Komplettl\u00f6sung f\u00fcr Datensicherung und Cybersicherheit. Unbefristete Lizenz, erweiterte Funktionen, Schutz vor Cyberbedrohungen.","_seopress_robots_index":""},"product_brand":[],"product_cat":[129,63,94,64,65],"product_tag":[],"class_list":{"0":"post-34870","1":"product","2":"type-product","3":"status-publish","4":"has-post-thumbnail","6":"product_cat-acronis","7":"product_cat-antivirus-security","8":"product_cat-antivirus-security-fur-unternehmen","9":"product_cat-backup","10":"product_cat-fur-unternehmen","12":"first","13":"instock","14":"taxable","15":"shipping-taxable","16":"purchasable","17":"product-type-variable"},"_links":{"self":[{"href":"https:\/\/swisssoftware24.ch\/it\/wp-json\/wp\/v2\/product\/34870","targetHints":{"allow":["GET"]}}],"collection":[{"href":"https:\/\/swisssoftware24.ch\/it\/wp-json\/wp\/v2\/product"}],"about":[{"href":"https:\/\/swisssoftware24.ch\/it\/wp-json\/wp\/v2\/types\/product"}],"wp:featuredmedia":[{"embeddable":true,"href":"https:\/\/swisssoftware24.ch\/it\/wp-json\/wp\/v2\/media\/34873"}],"wp:attachment":[{"href":"https:\/\/swisssoftware24.ch\/it\/wp-json\/wp\/v2\/media?parent=34870"}],"wp:term":[{"taxonomy":"product_brand","embeddable":true,"href":"https:\/\/swisssoftware24.ch\/it\/wp-json\/wp\/v2\/product_brand?post=34870"},{"taxonomy":"product_cat","embeddable":true,"href":"https:\/\/swisssoftware24.ch\/it\/wp-json\/wp\/v2\/product_cat?post=34870"},{"taxonomy":"product_tag","embeddable":true,"href":"https:\/\/swisssoftware24.ch\/it\/wp-json\/wp\/v2\/product_tag?post=34870"}],"curies":[{"name":"wp","href":"https:\/\/api.w.org\/{rel}","templated":true}]}}