{"id":36873,"date":"2025-05-28T13:26:23","date_gmt":"2025-05-28T11:26:23","guid":{"rendered":"https:\/\/swisssoftware24.ch\/?post_type=product&#038;p=36873"},"modified":"2025-11-29T23:56:54","modified_gmt":"2025-11-29T22:56:54","slug":"microsoft-windows-server-2025-standard","status":"publish","type":"product","link":"https:\/\/swisssoftware24.ch\/it\/products\/microsoft-windows-server-2025-standard\/","title":{"rendered":"Microsoft Windows Server 2025 Standard"},"content":{"rendered":"<p data-start=\"346\" data-end=\"707\">Microsoft Windows Server 2025 Standard \u00e8 l'ultima versione del collaudato sistema operativo server per ambienti IT professionali. L'edizione Standard \u00e8 pensata specificamente per le aziende con infrastruttura fisica o virtualizzazione minima. Disponibile in due varianti \u2013 con 16 o 24 core \u2013 offre massima flessibilit\u00e0 e scalabilit\u00e0.<\/p>\n<p data-start=\"709\" data-end=\"1050\">Con protezione migliorata tramite tecnologie Secured-Core, TPM integrato, hotpatching senza riavvio e nuove funzionalit\u00e0 per l'ottimizzazione della rete e dell'archiviazione, questa versione \u00e8 ideale per le aziende moderne. Il supporto nativo per Azure Arc e le infrastrutture cloud ibride consente una facile integrazione con Microsoft Azure.<\/p>\n<p data-start=\"1052\" data-end=\"1311\">Windows Server 2025 Standard offre inoltre ampie innovazioni in Active Directory, virtualizzazione GPU, prestazioni NVMe e supporto OpenSSH. \u00c8 la scelta perfetta per le aziende che puntano su massima sicurezza, disponibilit\u00e0 e orientamento al futuro.<\/p>\n<p data-start=\"1052\" data-end=\"1311\"><strong>Puoi trovare maggiori informazioni su questo prodotto\u00a0<a href=\"https:\/\/swisssoftware24.ch\/it\/windows-server-2025-standard-zukunftssicheres-serverbetriebssystem-mit-maximaler-kontrolle\/\">qui<\/a>.<\/strong><\/p>\n<h3 data-start=\"1052\" data-end=\"1311\"><strong>Microsoft Windows Server 2025 Standard \u2013 Requisiti di sistema<\/strong><\/h3>\n<p data-sourcepos=\"7:1-7:246\">I seguenti requisiti si basano sulle versioni precedenti di Windows Server e sono ottimizzati per le caratteristiche prestazionali attese di Windows Server 2025. Per le versioni a <strong>16 e 24 core<\/strong> si applicano i seguenti requisiti minimi:<\/p>\n<p data-sourcepos=\"9:1-9:13\"><strong>Processore<\/strong><\/p>\n<ul data-sourcepos=\"10:1-12:0\">\n<li data-sourcepos=\"10:1-10:57\">Processore a 64 bit da 1,4 GHz compatibile con il set di istruzioni x64.<\/li>\n<li data-sourcepos=\"11:1-12:0\">Deve supportare le seguenti funzioni: NX e DEP, CMPXCHG16b, LAHF\/SAHF e precaricamento (Prefetching).<\/li>\n<\/ul>\n<p data-sourcepos=\"13:1-13:16\"><strong>Memoria\/RAM<\/strong><\/p>\n<ul data-sourcepos=\"14:1-17:0\">\n<li data-sourcepos=\"14:1-14:82\">Minimo 2 GB di RAM (per server con opzione di installazione Desktop Experience).<\/li>\n<li data-sourcepos=\"15:1-15:119\">Per Server Core, si raccomandano comunque 512 MB, anche se 2 GB sono consigliati per prestazioni fluide.<\/li>\n<li data-sourcepos=\"16:1-17:0\">\u00c8 fortemente raccomandato l'uso di ECC (Error Correcting Code) o una tecnologia simile per le distribuzioni su host fisici, al fine di garantire l'integrit\u00e0 dei dati.<\/li>\n<\/ul>\n<p data-sourcepos=\"18:1-18:23\"><strong>Spazio su disco<\/strong><\/p>\n<ul data-sourcepos=\"19:1-21:0\">\n<li data-sourcepos=\"19:1-19:23\">Minimo 32 GB.<\/li>\n<li data-sourcepos=\"20:1-21:0\">Si consiglia di allocare pi\u00f9 di 32 GB, specialmente se si installano ruoli, funzionalit\u00e0 o applicazioni aggiuntive.<\/li>\n<\/ul>\n<p data-sourcepos=\"22:1-22:25\"><strong>Requisiti di rete<\/strong><\/p>\n<ul data-sourcepos=\"23:1-25:0\">\n<li data-sourcepos=\"23:1-23:81\">Adattatore Ethernet con una larghezza di banda di almeno 1 Gigabit al secondo.<\/li>\n<li data-sourcepos=\"24:1-25:0\">Deve essere conforme alla specifica dell'architettura PCI Express.<\/li>\n<\/ul>\n<p data-sourcepos=\"26:1-26:29\"><strong>Requisiti aggiuntivi<\/strong><\/p>\n<ul data-sourcepos=\"27:1-34:0\">\n<li data-sourcepos=\"27:1-27:85\">Sistema basato su UEFI 2.3.1c e firmware che supportino l'avvio protetto.<\/li>\n<li data-sourcepos=\"28:1-32:70\">Trusted Platform Module (TPM):\n<ul data-sourcepos=\"29:5-32:70\">\n<li data-sourcepos=\"29:5-29:88\">I TPM basati su hardware devono implementare la versione 2.0 della specifica TPM.<\/li>\n<li data-sourcepos=\"30:5-30:210\">I TPM che implementano la versione 2.0 devono avere un certificato EK pre-fornito al TPM dal produttore hardware o che pu\u00f2 essere scaricato dal dispositivo al primo avvio.<\/li>\n<li data-sourcepos=\"31:5-31:287\">I TPM che implementano la versione 2.0 devono essere forniti con banchi PCR SHA-256 e implementare i PCR da 0 a 23 per SHA-256. \u00c8 accettabile fornire TPM con un banco PCR commutabile che pu\u00f2 essere utilizzato sia per le misurazioni SHA-1 che SHA-256.<\/li>\n<li data-sourcepos=\"32:5-32:70\">L'opzione UEFI per disabilitare il TPM non \u00e8 richiesta.<\/li>\n<\/ul>\n<\/li>\n<li data-sourcepos=\"33:1-34:0\">Un dispositivo grafico e un monitor che supportino Super VGA (1024 x 768) o una risoluzione superiore (principalmente rilevante per l'installazione Desktop Experience).<\/li>\n<\/ul>","protected":false},"excerpt":{"rendered":"<p>Microsoft Windows Server 2025 Standard ist die neueste Version des bew\u00e4hrten Serverbetriebssystems f\u00fcr professionelle IT-Umgebungen. Die Edition Standard richtet sich speziell an Unternehmen mit physischer Infrastruktur oder minimaler Virtualisierung. Verf\u00fcgbar in zwei Varianten \u2013 mit 16 oder 24 Cores \u2013 bietet sie maximale Flexibilit\u00e4t und Skalierbarkeit. Mit verbessertem Schutz durch Secured-Core-Technologien, integriertem TPM, Hotpatching ohne [&hellip;]<\/p>","protected":false},"featured_media":36879,"template":"","meta":{"_seopress_robots_primary_cat":"none","_seopress_titles_title":"Windows Server 2025 Standard \u2013 16 & 24 Core | SwissSoftware24","_seopress_titles_desc":"Windows Server 2025 Standard \u2013 h\u00f6chste Sicherheit, Hybridfunktionen & Performance. Jetzt als 16- oder 24-Core-Version f\u00fcr moderne IT-Infrastrukturen verf\u00fcgbar.","_seopress_robots_index":""},"product_brand":[],"product_cat":[78,89],"product_tag":[],"class_list":{"0":"post-36873","1":"product","2":"type-product","3":"status-publish","4":"has-post-thumbnail","6":"product_cat-server-software","7":"product_cat-windows-server","9":"first","10":"instock","11":"taxable","12":"shipping-taxable","13":"purchasable","14":"product-type-variable","15":"has-default-attributes"},"_links":{"self":[{"href":"https:\/\/swisssoftware24.ch\/it\/wp-json\/wp\/v2\/product\/36873","targetHints":{"allow":["GET"]}}],"collection":[{"href":"https:\/\/swisssoftware24.ch\/it\/wp-json\/wp\/v2\/product"}],"about":[{"href":"https:\/\/swisssoftware24.ch\/it\/wp-json\/wp\/v2\/types\/product"}],"wp:featuredmedia":[{"embeddable":true,"href":"https:\/\/swisssoftware24.ch\/it\/wp-json\/wp\/v2\/media\/36879"}],"wp:attachment":[{"href":"https:\/\/swisssoftware24.ch\/it\/wp-json\/wp\/v2\/media?parent=36873"}],"wp:term":[{"taxonomy":"product_brand","embeddable":true,"href":"https:\/\/swisssoftware24.ch\/it\/wp-json\/wp\/v2\/product_brand?post=36873"},{"taxonomy":"product_cat","embeddable":true,"href":"https:\/\/swisssoftware24.ch\/it\/wp-json\/wp\/v2\/product_cat?post=36873"},{"taxonomy":"product_tag","embeddable":true,"href":"https:\/\/swisssoftware24.ch\/it\/wp-json\/wp\/v2\/product_tag?post=36873"}],"curies":[{"name":"wp","href":"https:\/\/api.w.org\/{rel}","templated":true}]}}