{"id":36880,"date":"2025-05-28T13:39:38","date_gmt":"2025-05-28T11:39:38","guid":{"rendered":"https:\/\/swisssoftware24.ch\/?post_type=product&#038;p=36880"},"modified":"2025-11-29T23:56:54","modified_gmt":"2025-11-29T22:56:54","slug":"microsoft-windows-server-2025-datacenter","status":"publish","type":"product","link":"https:\/\/swisssoftware24.ch\/it\/products\/microsoft-windows-server-2025-datacenter\/","title":{"rendered":"Microsoft Windows Server 2025 Datacenter"},"content":{"rendered":"<p data-start=\"259\" data-end=\"723\">Microsoft Windows Server 2025 Datacenter \u00e8 la soluzione ideale per data center altamente virtualizzati e infrastrutture cloud. La licenza a 16 core offre accesso illimitato alle VM e ai container di Windows Server, garantendo la massima flessibilit\u00e0 nell\u2019espansione e nella gestione dell\u2019infrastruttura IT. Grazie alle funzioni ibride integrate e alle misure di sicurezza di livello enterprise, il server \u00e8 perfetto per carichi di lavoro moderni e scalabili.<\/p>\n<p data-start=\"725\" data-end=\"1141\">Le principali funzionalit\u00e0 includono Storage Spaces Direct, rete definita via software (SDN), funzionalit\u00e0 secured-core, hotpatching e un Windows Admin Center migliorato. Inoltre, l\u2019integrazione con Azure Arc e Azure Stack HCI consente la gestione centralizzata degli ambienti locali e cloud. L\u2019edizione Datacenter supporta fino a 48 TB di RAM, 2048 processori logici e 12 TB di RAM per macchina virtuale.<\/p>\n<p data-start=\"1143\" data-end=\"1503\">Windows Server 2025 Datacenter rappresenta una piattaforma a prova di futuro per le aziende che cercano sicurezza, affidabilit\u00e0 e connettivit\u00e0 cloud in un\u2019infrastruttura ad alte prestazioni. Con nuove funzionalit\u00e0 come l\u2019integrazione migliorata di Active Directory, la partizione GPU e l\u2019ottimizzazione NVMe, questa versione stabilisce nuovi standard tra i sistemi operativi server.<\/p>\n<p data-start=\"1143\" data-end=\"1503\"><strong>Puoi trovare maggiori informazioni su questo prodotto\u00a0<a href=\"https:\/\/swisssoftware24.ch\/it\/microsoft-windows-server-2025-datacenter-hoechste-leistung-fuer-hochvirtualisierte-umgebungen\/\">qui<\/a>.<\/strong><\/p>\n<h3 data-start=\"1052\" data-end=\"1311\"><strong>Microsoft Windows Server 2022 Datacenter \u2013 Requisiti di sistema:<\/strong><\/h3>\n<p data-sourcepos=\"9:1-9:263\">I seguenti requisiti si basano sulle versioni precedenti di Windows Server e sono ottimizzati per le prestazioni attese di Windows Server 2025. Si applicano le specifiche minime e consigliate per le versioni a 16 e 24 core:<\/p>\n<p data-sourcepos=\"11:1-11:13\"><strong>Processore<\/strong><\/p>\n<ul data-sourcepos=\"12:1-15:0\">\n<li data-sourcepos=\"12:1-12:73\">Almeno un processore 64 bit da 1,4 GHz compatibile con set di istruzioni x64.<\/li>\n<li data-sourcepos=\"13:1-13:204\">Raccomandazione per sistemi a 16 e 24 core: per prestazioni ottimali, soprattutto con carichi elevati, \u00e8 consigliato un processore multi-core con frequenza base di almeno 2,5 GHz per core.<\/li>\n<li data-sourcepos=\"14:1-15:0\">Deve supportare le seguenti funzioni: NX e DEP, CMPXCHG16b, LAHF\/SAHF e precaricamento (Prefetching).<\/li>\n<\/ul>\n<p data-sourcepos=\"16:1-16:16\"><strong>Memoria\/RAM<\/strong><\/p>\n<ul data-sourcepos=\"17:1-20:0\">\n<li data-sourcepos=\"17:1-17:121\">Minimo 512 MB (installazione Server Core) o 2 GB (installazione con Desktop Experience).<\/li>\n<li data-sourcepos=\"18:1-18:399\">Raccomandazione per sistemi a 16 e 24 core: per un ambiente stabile e ad alte prestazioni, specialmente con pi\u00f9 servizi o VM, sono consigliati almeno 8 GB di RAM, idealmente 16 GB o pi\u00f9, a seconda dei carichi di lavoro previsti.<\/li>\n<li data-sourcepos=\"19:1-20:0\">\u00c8 fortemente raccomandato l'uso di ECC (Error Correcting Code) o una tecnologia simile per le distribuzioni su host fisici, al fine di garantire l'integrit\u00e0 dei dati.<\/li>\n<\/ul>\n<p data-sourcepos=\"21:1-21:23\"><strong>Spazio su disco<\/strong><\/p>\n<ul data-sourcepos=\"22:1-24:0\">\n<li data-sourcepos=\"22:1-22:23\">Minimo 32 GB.<\/li>\n<li data-sourcepos=\"23:1-24:0\">Raccomandazione: almeno 128 GB SSD\/NVMe per garantire elevate prestazioni di I\/O in base al volume di dati e alle installazioni previste.<\/li>\n<\/ul>\n<p data-sourcepos=\"25:1-25:25\"><strong>Requisiti di rete<\/strong><\/p>\n<ul data-sourcepos=\"26:1-28:0\">\n<li data-sourcepos=\"26:1-26:81\">Adattatore Ethernet con una larghezza di banda di almeno 1 Gigabit al secondo.<\/li>\n<li data-sourcepos=\"27:1-28:0\">Deve essere conforme alla specifica dell'architettura PCI Express.<\/li>\n<\/ul>\n<p data-sourcepos=\"29:1-29:29\"><strong>Requisiti aggiuntivi<\/strong><\/p>\n<ul data-sourcepos=\"30:1-37:0\">\n<li data-sourcepos=\"30:1-30:85\">Sistema basato su UEFI 2.3.1c e firmware che supportino l'avvio protetto.<\/li>\n<li data-sourcepos=\"31:1-35:70\">Trusted Platform Module (TPM):\n<ul data-sourcepos=\"32:5-35:70\">\n<li data-sourcepos=\"32:5-32:88\">I TPM basati su hardware devono implementare la versione 2.0 della specifica TPM.<\/li>\n<li data-sourcepos=\"33:5-33:210\">I TPM che implementano la versione 2.0 devono avere un certificato EK pre-fornito al TPM dal produttore hardware o che pu\u00f2 essere scaricato dal dispositivo al primo avvio.<\/li>\n<li data-sourcepos=\"34:5-34:287\">I TPM che implementano la versione 2.0 devono essere forniti con banchi PCR SHA-256 e implementare i PCR da 0 a 23 per SHA-256. \u00c8 accettabile fornire TPM con un banco PCR commutabile che pu\u00f2 essere utilizzato sia per le misurazioni SHA-1 che SHA-256.<\/li>\n<li data-sourcepos=\"35:5-35:70\">L'opzione UEFI per disabilitare il TPM non \u00e8 richiesta.<\/li>\n<\/ul>\n<\/li>\n<li data-sourcepos=\"36:1-37:0\">Un dispositivo grafico e un monitor che supportino Super VGA (1024 x 768) o una risoluzione superiore (principalmente rilevante per l'installazione Desktop Experience).<\/li>\n<\/ul>","protected":false},"excerpt":{"rendered":"<p>Microsoft Windows Server 2025 Datacenter ist die ideale L\u00f6sung f\u00fcr hochvirtualisierte Rechenzentren und Cloud-Infrastrukturen. Die Lizenz f\u00fcr 16 Kerne bietet uneingeschr\u00e4nkten Zugriff auf Windows Server-VMs und Container, wodurch maximale Flexibilit\u00e4t beim Ausbau und Management der IT-Infrastruktur erreicht wird. Dank integrierter Hybridfunktionen und Sicherheitsma\u00dfnahmen der Enterprise-Klasse ist der Server optimal f\u00fcr moderne, skalierbare Workloads geeignet. Zu [&hellip;]<\/p>","protected":false},"featured_media":36883,"template":"","meta":{"_seopress_robots_primary_cat":"none","_seopress_titles_title":"Windows Server 2025 Datacenter 16 , 24 Core","_seopress_titles_desc":"Windows Server 2025 Datacenter mit unbegrenzter VM-Nutzung, Hotpatching, Azure Arc & GPU-Support \u2013 perfekt f\u00fcr hybride Rechenzentren.","_seopress_robots_index":""},"product_brand":[],"product_cat":[78,89],"product_tag":[],"class_list":{"0":"post-36880","1":"product","2":"type-product","3":"status-publish","4":"has-post-thumbnail","6":"product_cat-server-software","7":"product_cat-windows-server","9":"first","10":"instock","11":"taxable","12":"shipping-taxable","13":"purchasable","14":"product-type-variable","15":"has-default-attributes"},"_links":{"self":[{"href":"https:\/\/swisssoftware24.ch\/it\/wp-json\/wp\/v2\/product\/36880","targetHints":{"allow":["GET"]}}],"collection":[{"href":"https:\/\/swisssoftware24.ch\/it\/wp-json\/wp\/v2\/product"}],"about":[{"href":"https:\/\/swisssoftware24.ch\/it\/wp-json\/wp\/v2\/types\/product"}],"wp:featuredmedia":[{"embeddable":true,"href":"https:\/\/swisssoftware24.ch\/it\/wp-json\/wp\/v2\/media\/36883"}],"wp:attachment":[{"href":"https:\/\/swisssoftware24.ch\/it\/wp-json\/wp\/v2\/media?parent=36880"}],"wp:term":[{"taxonomy":"product_brand","embeddable":true,"href":"https:\/\/swisssoftware24.ch\/it\/wp-json\/wp\/v2\/product_brand?post=36880"},{"taxonomy":"product_cat","embeddable":true,"href":"https:\/\/swisssoftware24.ch\/it\/wp-json\/wp\/v2\/product_cat?post=36880"},{"taxonomy":"product_tag","embeddable":true,"href":"https:\/\/swisssoftware24.ch\/it\/wp-json\/wp\/v2\/product_tag?post=36880"}],"curies":[{"name":"wp","href":"https:\/\/api.w.org\/{rel}","templated":true}]}}