{"id":36946,"date":"2025-05-30T18:20:03","date_gmt":"2025-05-30T16:20:03","guid":{"rendered":"https:\/\/swisssoftware24.ch\/?post_type=product&#038;p=36946"},"modified":"2025-11-30T00:17:26","modified_gmt":"2025-11-29T23:17:26","slug":"microsoft-windows-server-2022-datacenter-16-core","status":"publish","type":"product","link":"https:\/\/swisssoftware24.ch\/it\/products\/microsoft-windows-server-2022-datacenter-16-core\/","title":{"rendered":"Microsoft Windows Server 2022 Datacenter 16 Core"},"content":{"rendered":"<p data-start=\"236\" data-end=\"634\">Microsoft Windows Server 2022 Datacenter (16 Core) \u00e8 la soluzione pi\u00f9 completa per data center altamente virtualizzati e ambienti cloud. Questa edizione offre tutte le funzionalit\u00e0 della versione Standard, arricchite da macchine virtuali protette e utilizzo illimitato delle VM Hyper-V. \u00c8 ideale per le aziende con elevate esigenze di scalabilit\u00e0, sicurezza e carichi di lavoro ibridi.<\/p>\n<p data-start=\"636\" data-end=\"1034\">Con funzionalit\u00e0 come Storage Spaces Direct, archiviazione replicata, VM protette, crittografia BitLocker, integrazione TPM, Credential Guard, Hotpatching e supporto moderno dei container, questa versione offre prestazioni eccellenti. L\u2019integrazione con Azure Arc, Azure Stack HCI e AKS consente una modernizzazione senza problemi delle infrastrutture esistenti.<\/p>\n<p data-start=\"1036\" data-end=\"1356\">Windows Server 2022 Datacenter supporta fino a 48 TB di RAM, 64 socket e 2048 processori logici, rendendolo la piattaforma ideale per servizi ad alta intensit\u00e0 di risorse come SQL Server. Grazie a funzioni avanzate di rete, archiviazione e sicurezza, garantisce massima flessibilit\u00e0 e protezione futura.<\/p>\n<p data-start=\"1036\" data-end=\"1356\"><strong>Puoi trovare maggiori informazioni su questo prodotto\u00a0<a href=\"https:\/\/swisssoftware24.ch\/it\/windows-server-2022-datacenter-hoechste-leistung-fuer-virtuelle-infrastrukturen\/\">qui<\/a>.<\/strong><\/p>\n<h3 data-start=\"1052\" data-end=\"1311\"><strong>Microsoft Windows Server 2022 Datacenter \u2013 Requisiti di sistema:<\/strong><\/h3>\n<p data-sourcepos=\"7:1-7:391\">Windows Server 2022 Datacenter supporta fino a 48 TB di RAM, 64 socket e 2048 processori logici, rendendolo la piattaforma ideale per servizi ad alta intensit\u00e0 di risorse come SQL Server. Grazie a funzioni avanzate di rete, archiviazione e sicurezza, garantisce massima flessibilit\u00e0 e protezione futura.<\/p>\n<p data-sourcepos=\"9:1-9:13\"><strong>Processore<\/strong><\/p>\n<ul data-sourcepos=\"10:1-13:0\">\n<li data-sourcepos=\"10:1-10:73\">Almeno un processore 64 bit da 1,4 GHz compatibile con set di istruzioni x64.<\/li>\n<li data-sourcepos=\"11:1-11:318\">Raccomandazione per sistemi a 16 core: per carichi di lavoro impegnativi, specialmente in ambienti altamente virtualizzati, \u00e8 fortemente consigliato un processore multi-core con frequenza base di 2,5 GHz o superiore per core.<\/li>\n<li data-sourcepos=\"12:1-13:0\">Il processore deve supportare le seguenti funzioni: NX e DEP, CMPXCHG16b, LAHF\/SAHF e Prefetching.<\/li>\n<\/ul>\n<p data-sourcepos=\"14:1-14:16\"><strong>Memoria\/RAM<\/strong><\/p>\n<ul data-sourcepos=\"15:1-18:0\">\n<li data-sourcepos=\"15:1-15:121\">Minimo 512 MB (installazione Server Core) o 2 GB (installazione con Desktop Experience).<\/li>\n<li data-sourcepos=\"16:1-16:381\">Raccomandazione per sistemi a 16 core: a causa dell\u2019elevata virtualizzazione e del numero illimitato di VM e container, si consigliano almeno 32 GB di RAM, idealmente 64 GB o pi\u00f9 per garantire prestazioni e scalabilit\u00e0 ottimali.<\/li>\n<li data-sourcepos=\"17:1-18:0\">\u00c8 fortemente raccomandato l'uso di ECC (Error Correcting Code) o una tecnologia simile per le distribuzioni su host fisici, al fine di garantire l'integrit\u00e0 dei dati.<\/li>\n<\/ul>\n<p data-sourcepos=\"19:1-19:23\"><strong>Spazio su disco<\/strong><\/p>\n<ul data-sourcepos=\"20:1-22:0\">\n<li data-sourcepos=\"20:1-20:23\">Minimo 32 GB.<\/li>\n<li data-sourcepos=\"21:1-22:0\">Raccomandazione: almeno 256 GB SSD\/NVMe, specialmente per l\u2019uso di Storage Spaces Direct e ambienti con elevato I\/O, per garantire le migliori prestazioni possibili. Sono necessari dischi aggiuntivi per il pool Storage Spaces Direct.<\/li>\n<\/ul>\n<p data-sourcepos=\"23:1-23:25\"><strong>Requisiti di rete<\/strong><\/p>\n<ul data-sourcepos=\"24:1-27:0\">\n<li data-sourcepos=\"24:1-24:81\">Adattatore Ethernet con una larghezza di banda di almeno 1 Gigabit al secondo.<\/li>\n<li data-sourcepos=\"25:1-25:69\">Deve essere conforme alla specifica dell'architettura PCI Express.<\/li>\n<li data-sourcepos=\"26:1-27:0\">Per ambienti Datacenter con elevata larghezza di banda, si consigliano adattatori 10 Gigabit Ethernet o superiori per sfruttare appieno Software-Defined Networking (SDN) e altre funzioni a uso intensivo di dati.<\/li>\n<\/ul>\n<p data-sourcepos=\"28:1-28:29\"><strong>Requisiti aggiuntivi<\/strong><\/p>\n<ul data-sourcepos=\"29:1-36:0\">\n<li data-sourcepos=\"29:1-29:85\">Sistema basato su UEFI 2.3.1c e firmware che supportino l'avvio protetto.<\/li>\n<li data-sourcepos=\"30:1-34:70\">Trusted Platform Module (TPM):\n<ul data-sourcepos=\"31:5-34:70\">\n<li data-sourcepos=\"31:5-31:88\">I TPM basati su hardware devono implementare la versione 2.0 della specifica TPM.<\/li>\n<li data-sourcepos=\"32:5-32:210\">I TPM che implementano la versione 2.0 devono avere un certificato EK pre-fornito al TPM dal produttore hardware o che pu\u00f2 essere scaricato dal dispositivo al primo avvio.<\/li>\n<li data-sourcepos=\"33:5-33:287\">I TPM che implementano la versione 2.0 devono essere forniti con banchi PCR SHA-256 e implementare i PCR da 0 a 23 per SHA-256. \u00c8 accettabile fornire TPM con un banco PCR commutabile che pu\u00f2 essere utilizzato sia per le misurazioni SHA-1 che SHA-256.<\/li>\n<li data-sourcepos=\"34:5-34:70\">L'opzione UEFI per disabilitare il TPM non \u00e8 richiesta.<\/li>\n<\/ul>\n<\/li>\n<li data-sourcepos=\"35:1-36:0\">Un dispositivo grafico e un monitor che supportino Super VGA (1024 x 768) o una risoluzione superiore (principalmente rilevante per l'installazione Desktop Experience).<\/li>\n<\/ul>","protected":false},"excerpt":{"rendered":"<p>Microsoft Windows Server 2022 Datacenter (16 Core) ist die umfassendste L\u00f6sung f\u00fcr stark virtualisierte Rechenzentren und Cloud-Umgebungen. Die Edition bietet alle Funktionen der Standard-Version, erg\u00e4nzt um gesch\u00fctzte virtuelle Maschinen und unbegrenzte Nutzung von Hyper-V-VMs. Sie eignet sich ideal f\u00fcr Unternehmen mit hohen Anforderungen an Skalierbarkeit, Sicherheit und hybride Workloads. Mit Funktionen wie Storage Spaces Direct, [&hellip;]<\/p>","protected":false},"featured_media":36949,"template":"","meta":{"_seopress_robots_primary_cat":"none","_seopress_titles_title":"Windows Server 2022 Datacenter (16 Core) \u2013 Max. Virtualisierung","_seopress_titles_desc":"Unbegrenzte VMs, Storage Spaces Direct, TPM & Hotpatch \u2013 Windows Server 2022 Datacenter ist ideal f\u00fcr hoch virtualisierte & hybride IT-Infrastrukturen.","_seopress_robots_index":""},"product_brand":[],"product_cat":[78,89],"product_tag":[],"class_list":{"0":"post-36946","1":"product","2":"type-product","3":"status-publish","4":"has-post-thumbnail","6":"product_cat-server-software","7":"product_cat-windows-server","9":"first","10":"onbackorder","11":"virtual","12":"taxable","13":"purchasable","14":"product-type-simple"},"_links":{"self":[{"href":"https:\/\/swisssoftware24.ch\/it\/wp-json\/wp\/v2\/product\/36946","targetHints":{"allow":["GET"]}}],"collection":[{"href":"https:\/\/swisssoftware24.ch\/it\/wp-json\/wp\/v2\/product"}],"about":[{"href":"https:\/\/swisssoftware24.ch\/it\/wp-json\/wp\/v2\/types\/product"}],"wp:featuredmedia":[{"embeddable":true,"href":"https:\/\/swisssoftware24.ch\/it\/wp-json\/wp\/v2\/media\/36949"}],"wp:attachment":[{"href":"https:\/\/swisssoftware24.ch\/it\/wp-json\/wp\/v2\/media?parent=36946"}],"wp:term":[{"taxonomy":"product_brand","embeddable":true,"href":"https:\/\/swisssoftware24.ch\/it\/wp-json\/wp\/v2\/product_brand?post=36946"},{"taxonomy":"product_cat","embeddable":true,"href":"https:\/\/swisssoftware24.ch\/it\/wp-json\/wp\/v2\/product_cat?post=36946"},{"taxonomy":"product_tag","embeddable":true,"href":"https:\/\/swisssoftware24.ch\/it\/wp-json\/wp\/v2\/product_tag?post=36946"}],"curies":[{"name":"wp","href":"https:\/\/api.w.org\/{rel}","templated":true}]}}