{"id":36950,"date":"2025-05-30T18:32:09","date_gmt":"2025-05-30T16:32:09","guid":{"rendered":"https:\/\/swisssoftware24.ch\/?post_type=product&#038;p=36950"},"modified":"2025-11-30T00:17:26","modified_gmt":"2025-11-29T23:17:26","slug":"microsoft-windows-server-2019-standard-24-core","status":"publish","type":"product","link":"https:\/\/swisssoftware24.ch\/it\/products\/microsoft-windows-server-2019-standard-24-core\/","title":{"rendered":"Microsoft Windows Server 2019 Standard 24 Core"},"content":{"rendered":"<p data-start=\"207\" data-end=\"679\">Microsoft Windows Server 2019 Standard (24 Core) \u00e8 un sistema operativo versatile e stabile per aziende che desiderano implementare infrastrutture ibride e soddisfare esigenze IT avanzate. Questa versione offre un\u2019ampia gamma di funzioni di gestione, opzioni di virtualizzazione e meccanismi di sicurezza migliorati. Particolarmente degna di nota \u00e8 l\u2019integrazione con Microsoft Azure, tra cui Azure Backup, Azure File Sync e Azure Site Recovery.<\/p>\n<p data-start=\"681\" data-end=\"1194\">Oltre al supporto completo per i container Windows, Windows Server 2019 Standard include strumenti di amministrazione moderni come il Windows Admin Center (WAC), che consente una gestione centralizzata e intuitiva dei server. La sicurezza ottimizzata con Windows Defender Exploit Guard e Application Control protegge attivamente da malware, phishing e attacchi mirati. Con le nuove opzioni di installazione FOD e il supporto nativo per OpenSSH, il server \u00e8 perfettamente adatto agli ambienti IT moderni.<\/p>\n<p data-start=\"1196\" data-end=\"1571\">Con il supporto per piccoli cluster S2D e funzionalit\u00e0 ibride avanzate, questa versione \u00e8 perfetta per le aziende che cercano flessibilit\u00e0 e scalabilit\u00e0, sia in locale che nel cloud. Con licenza a partire da 16 core (qui in versione a 24 core), gli utenti beneficiano di un eccellente rapporto qualit\u00e0-prezzo con funzionalit\u00e0 complete.<\/p>\n<p data-start=\"1196\" data-end=\"1571\"><strong>Puoi trovare maggiori informazioni su questo prodotto\u00a0<a href=\"https:\/\/swisssoftware24.ch\/it\/windows-server-2019-standard-hybridbereit-zukunftssicher\/\">qui<\/a>.<\/strong><\/p>\n<h3 data-start=\"1052\" data-end=\"1311\"><strong>Microsoft Windows Server 2019 Standard \u2013 Requisiti di sistema:<\/strong><\/h3>\n<p data-sourcepos=\"7:1-7:404\"><span class=\"citation-13 citation-end-13\">Microsoft Windows Server 2019 Standard \u00e8 un sistema operativo potente, progettato per soddisfare la maggior parte delle esigenze dei moderni data center e ambienti cloud.<\/span> Questa versione supporta un numero limitato di macchine virtuali e container Windows Server, ed \u00e8 destinata alle aziende che necessitano di una piattaforma server solida e sicura per applicazioni e servizi.<\/p>\n<p data-sourcepos=\"9:1-9:13\"><strong>Processore<\/strong><\/p>\n<ul data-sourcepos=\"10:1-13:0\">\n<li data-sourcepos=\"10:1-10:86\"><span class=\"citation-12\">Almeno un processore 64 bit da 1,4 GHz compatibile con set di istruzioni x64.<\/span><\/li>\n<li data-sourcepos=\"11:1-11:239\">Raccomandazione per sistemi a 24 core: per prestazioni ottimali, specialmente con carichi elevati, \u00e8 consigliato un processore multi-core con frequenza base di almeno 2,5 GHz per core.<\/li>\n<li data-sourcepos=\"12:1-13:0\"><span class=\"citation-11\">Il processore deve supportare le seguenti funzioni: <\/span><span class=\"citation-11\">NX e DEP, CMPXCHG16b, LAHF\/SAHF e Prefetching.<\/span><\/li>\n<\/ul>\n<p data-sourcepos=\"14:1-14:16\"><strong>Memoria\/RAM<\/strong><\/p>\n<ul data-sourcepos=\"15:1-18:0\">\n<li data-sourcepos=\"15:1-15:134\"><span class=\"citation-10\">Minimo 512 MB (installazione Server Core) o 2 GB (installazione con Desktop Experience).<\/span><\/li>\n<li data-sourcepos=\"16:1-16:326\">Raccomandazione per sistemi a 24 core: per un ambiente stabile e ad alte prestazioni, specialmente con pi\u00f9 servizi o VM, si consigliano almeno 16 GB di RAM, idealmente 32 GB o pi\u00f9, a seconda dei carichi di lavoro previsti.<\/li>\n<li data-sourcepos=\"17:1-18:0\">\u00c8 fortemente raccomandato l'uso di ECC (Error Correcting Code) o una tecnologia simile per le distribuzioni su host fisici, al fine di garantire l'integrit\u00e0 dei dati.<\/li>\n<\/ul>\n<p data-sourcepos=\"19:1-19:23\"><strong>Spazio su disco<\/strong><\/p>\n<ul data-sourcepos=\"20:1-22:0\">\n<li data-sourcepos=\"20:1-20:23\">Minimo 32 GB.<\/li>\n<li data-sourcepos=\"21:1-22:0\">Raccomandazione: almeno 128 GB SSD\/NVMe per garantire elevate prestazioni di I\/O.<\/li>\n<\/ul>\n<p data-sourcepos=\"23:1-23:25\"><strong>Requisiti di rete<\/strong><\/p>\n<ul data-sourcepos=\"24:1-26:0\">\n<li data-sourcepos=\"24:1-24:94\"><span class=\"citation-9\">Adattatore Ethernet con una larghezza di banda di almeno 1 Gigabit al secondo.<\/span><\/li>\n<li data-sourcepos=\"25:1-26:0\">Deve essere conforme alla specifica dell'architettura PCI Express.<\/li>\n<\/ul>\n<p data-sourcepos=\"27:1-27:29\"><strong>Requisiti aggiuntivi<\/strong><\/p>\n<ul data-sourcepos=\"28:1-35:0\">\n<li data-sourcepos=\"28:1-28:98\"><span class=\"citation-8\">Sistema e firmware basati su UEFI 2.3.1c<\/span><span class=\"citation-8\">con <\/span><span class=\"citation-8\">supporto per Secure Boot.<\/span><span class=\"citation-8 citation-end-8\"> unterst\u00fctzen.<\/span><\/li>\n<li data-sourcepos=\"29:1-33:70\">Trusted Platform Module (TPM):\n<ul data-sourcepos=\"30:5-33:70\">\n<li data-sourcepos=\"30:5-30:184\"><span class=\"citation-7\">Se il computer utilizza un TPM, deve implementare la <\/span><span class=\"citation-7\">Version 2.0 der TPM-Spezifikation<\/span><span class=\"citation-7 citation-end-7\"> implementieren.<\/span><\/li>\n<li data-sourcepos=\"31:5-31:206\">I TPM che implementano la versione 2.0 devono avere un certificato EK pre-fornito al TPM dal produttore hardware o che pu\u00f2 essere scaricato dal dispositivo al primo avvio.<\/li>\n<li data-sourcepos=\"32:5-32:283\">I TPM che implementano la versione 2.0 devono essere forniti con banchi PCR SHA-256 e implementare i PCR da 0 a 23 per SHA-256. \u00c8 accettabile fornire TPM con un banco PCR commutabile che pu\u00f2 essere utilizzato sia per le misurazioni SHA-1 che SHA-256.<\/li>\n<li data-sourcepos=\"33:5-33:70\">L'opzione UEFI per disabilitare il TPM non \u00e8 richiesta.<\/li>\n<\/ul>\n<\/li>\n<li data-sourcepos=\"34:1-35:0\"><span class=\"citation-6\">Dispositivo grafico e monitor<\/span><span class=\"citation-6\">compatibili con <\/span><span class=\"citation-6\">Super VGA (1024 \u00d7 768) o superiore<\/span><span class=\"citation-6 citation-end-6\"> (principalmente per l\u2019installazione Desktop Experience).<\/span><\/li>\n<\/ul>","protected":false},"excerpt":{"rendered":"<p>Microsoft Windows Server 2019 Standard (24 Core) ist ein vielseitiges und stabiles Betriebssystem f\u00fcr Unternehmen, die hybride Infrastrukturen und fortgeschrittene IT-Anforderungen realisieren m\u00f6chten. Die Version bietet eine breite Palette an Verwaltungsfunktionen, Virtualisierungsoptionen sowie verbesserte Sicherheitsmechanismen. Besonders hervorzuheben ist die enge Integration mit Microsoft Azure \u2013 darunter Azure Backup, Azure File Sync und Azure Site Recovery. [&hellip;]<\/p>","protected":false},"featured_media":36954,"template":"","meta":{"_seopress_robots_primary_cat":"none","_seopress_titles_title":"Windows Server 2019 Standard 24 Core \u2013 Hybrid & Sicherheit","_seopress_titles_desc":"Windows Server 2019 Standard 24 Core: Leistungsstarkes Serversystem mit Azure-Integration, Containerunterst\u00fctzung und modernen Sicherheitsfunktionen.","_seopress_robots_index":""},"product_brand":[],"product_cat":[78,89],"product_tag":[],"class_list":{"0":"post-36950","1":"product","2":"type-product","3":"status-publish","4":"has-post-thumbnail","6":"product_cat-server-software","7":"product_cat-windows-server","9":"first","10":"onbackorder","11":"virtual","12":"taxable","13":"purchasable","14":"product-type-simple"},"_links":{"self":[{"href":"https:\/\/swisssoftware24.ch\/it\/wp-json\/wp\/v2\/product\/36950","targetHints":{"allow":["GET"]}}],"collection":[{"href":"https:\/\/swisssoftware24.ch\/it\/wp-json\/wp\/v2\/product"}],"about":[{"href":"https:\/\/swisssoftware24.ch\/it\/wp-json\/wp\/v2\/types\/product"}],"wp:featuredmedia":[{"embeddable":true,"href":"https:\/\/swisssoftware24.ch\/it\/wp-json\/wp\/v2\/media\/36954"}],"wp:attachment":[{"href":"https:\/\/swisssoftware24.ch\/it\/wp-json\/wp\/v2\/media?parent=36950"}],"wp:term":[{"taxonomy":"product_brand","embeddable":true,"href":"https:\/\/swisssoftware24.ch\/it\/wp-json\/wp\/v2\/product_brand?post=36950"},{"taxonomy":"product_cat","embeddable":true,"href":"https:\/\/swisssoftware24.ch\/it\/wp-json\/wp\/v2\/product_cat?post=36950"},{"taxonomy":"product_tag","embeddable":true,"href":"https:\/\/swisssoftware24.ch\/it\/wp-json\/wp\/v2\/product_tag?post=36950"}],"curies":[{"name":"wp","href":"https:\/\/api.w.org\/{rel}","templated":true}]}}