{"id":38700,"date":"2025-08-26T11:54:42","date_gmt":"2025-08-26T09:54:42","guid":{"rendered":"https:\/\/swisssoftware24.ch\/?post_type=product&#038;p=38700"},"modified":"2025-11-30T00:17:26","modified_gmt":"2025-11-29T23:17:26","slug":"ashampoo-3d-cad-architecture-12","status":"publish","type":"product","link":"https:\/\/swisssoftware24.ch\/it\/products\/ashampoo-3d-cad-architecture-12\/","title":{"rendered":"Ashampoo 3D CAD Architecture 12"},"content":{"rendered":"<p data-start=\"361\" data-end=\"1328\">Progetta la tua casa passo dopo passo, dalla planimetria alle viste 3D realistiche. Le procedure guidate per muri, porte, finestre e scale semplificano l\u2019avvio e mantengono la precisione. La nuova pianificazione elettrica aiuta a posizionare correttamente prese, interruttori e cablaggi evitando conflitti.<\/p>\n<p data-start=\"361\" data-end=\"1328\">Passa tra viste 2D, 3D e sezioni per controllare ogni fase. Ampi cataloghi di oggetti, materiali e texture consentono interni credibili. Quote e calcoli di superfici\/volumi facilitano la collaborazione con gli artigiani.<\/p>\n<p data-start=\"361\" data-end=\"1328\">La barra multifunzione tiene gli strumenti principali a portata di mano. Input numerici e assistenti smart velocizzano la costruzione. Tu ti concentri sul design, al resto pensa il software.<\/p>\n<p data-start=\"361\" data-end=\"1328\"><strong>Puoi trovare maggiori informazioni su questo prodotto\u00a0<a href=\"https:\/\/swisssoftware24.ch\/it\/ashampoo-3d-cad-architecture-12-von-der-idee-zum-klaren-plan\/\">qui<\/a>.<\/strong><\/p>\n<h3 data-start=\"1330\" data-end=\"1737\"><strong data-start=\"1330\" data-end=\"1387\">Ashampoo 3D CAD Architecture 12 \u2013 Requisiti di sistema<\/strong><\/h3>\n<ul>\n<li data-start=\"1330\" data-end=\"1737\">Sistema operativo: Windows 10, 11 (x64)<\/li>\n<li data-start=\"1330\" data-end=\"1737\">Requisiti: Qualsiasi dispositivo che supporti i sistemi operativi indicati<\/li>\n<li data-start=\"1330\" data-end=\"1737\">Altro: Connessione Internet per l\u2019attivazione; licenza verificata periodicamente; sono richiesti i diritti di amministratore; i sistemi con processori ARM non sono supportati.<\/li>\n<\/ul>","protected":false},"excerpt":{"rendered":"<p>Planen Sie Ihr Zuhause Schritt f\u00fcr Schritt \u2013 vom Grundriss bis zur realistischen 3D-Ansicht. Assistenten f\u00fcr W\u00e4nde, T\u00fcren, Fenster und Treppen erleichtern den Einstieg und sorgen f\u00fcr pr\u00e4zise Ergebnisse. Neu ist die Elektro-Planung, mit der sich Steckdosen, Schalter und Leitungen sauber platzieren und Konflikte fr\u00fchzeitig vermeiden lassen. Zwischen 2D-, 3D- und Schnittansichten wechseln Sie nahtlos, [&hellip;]<\/p>","protected":false},"featured_media":38706,"template":"","meta":{"_seopress_robots_primary_cat":"none","_seopress_titles_title":"Ashampoo 3D CAD Architecture 12 \u2013 Hausplanung in 2D\/3D","_seopress_titles_desc":"Einfache 2D\/3D-Hausplanung mit Assistenten, Elektro-Planung und realistischen Visualisierungen \u2013 ideal f\u00fcr Neubau und Renovierung.","_seopress_robots_index":""},"product_brand":[],"product_cat":[131,97,83],"product_tag":[],"class_list":{"0":"post-38700","1":"product","2":"type-product","3":"status-publish","4":"has-post-thumbnail","6":"product_cat-andere","7":"product_cat-grafik-design","8":"product_cat-video-grafik-andere","10":"first","11":"onbackorder","12":"virtual","13":"taxable","14":"purchasable","15":"product-type-simple"},"_links":{"self":[{"href":"https:\/\/swisssoftware24.ch\/it\/wp-json\/wp\/v2\/product\/38700","targetHints":{"allow":["GET"]}}],"collection":[{"href":"https:\/\/swisssoftware24.ch\/it\/wp-json\/wp\/v2\/product"}],"about":[{"href":"https:\/\/swisssoftware24.ch\/it\/wp-json\/wp\/v2\/types\/product"}],"wp:featuredmedia":[{"embeddable":true,"href":"https:\/\/swisssoftware24.ch\/it\/wp-json\/wp\/v2\/media\/38706"}],"wp:attachment":[{"href":"https:\/\/swisssoftware24.ch\/it\/wp-json\/wp\/v2\/media?parent=38700"}],"wp:term":[{"taxonomy":"product_brand","embeddable":true,"href":"https:\/\/swisssoftware24.ch\/it\/wp-json\/wp\/v2\/product_brand?post=38700"},{"taxonomy":"product_cat","embeddable":true,"href":"https:\/\/swisssoftware24.ch\/it\/wp-json\/wp\/v2\/product_cat?post=38700"},{"taxonomy":"product_tag","embeddable":true,"href":"https:\/\/swisssoftware24.ch\/it\/wp-json\/wp\/v2\/product_tag?post=38700"}],"curies":[{"name":"wp","href":"https:\/\/api.w.org\/{rel}","templated":true}]}}