{"id":38707,"date":"2025-08-26T11:59:10","date_gmt":"2025-08-26T09:59:10","guid":{"rendered":"https:\/\/swisssoftware24.ch\/?post_type=product&#038;p=38707"},"modified":"2025-11-30T00:17:26","modified_gmt":"2025-11-29T23:17:26","slug":"ashampoo-3d-cad-professional-12","status":"publish","type":"product","link":"https:\/\/swisssoftware24.ch\/it\/products\/ashampoo-3d-cad-professional-12\/","title":{"rendered":"Ashampoo 3D CAD Professional 12"},"content":{"rendered":"<p data-start=\"5191\" data-end=\"6168\">CAD professionale per planimetrie accurate, visualizzazioni 3D e viste costruttive. La versione 12 migliora griglia di costruzione, tetti\/sottotetti e cataloghi, con un motore di disegno potente. Strumenti di input intelligenti rendono efficienti anche i progetti complessi.<\/p>\n<p data-start=\"5191\" data-end=\"6168\">L\u2019assistente elettrico posiziona con precisione prese, interruttori e luci e genera una distinta componenti. \u00c8 possibile aggiungere simboli personalizzati e mostrare\/nascondere l\u2019impianto tramite livelli.<\/p>\n<p data-start=\"5191\" data-end=\"6168\">Import\/export flessibile: DXF\/DWG, PDF, CINEMA 4D, SketchUp, Collada, 3DS, OBJ e altro. Ampie librerie di oggetti\/materiali garantiscono scene realistiche e pieno controllo.<\/p>\n<p data-start=\"5191\" data-end=\"6168\"><strong>Puoi trovare maggiori informazioni su questo prodotto\u00a0<a href=\"https:\/\/swisssoftware24.ch\/it\/ashampoo-3d-cad-professional-12-von-der-ersten-idee-zum-pruefbaren-entwurf\/\">qui<\/a>.<\/strong><\/p>\n<h3 data-start=\"6170\" data-end=\"6533\"><strong data-start=\"6170\" data-end=\"6227\">Ashampoo 3D CAD Professional 12 \u2013 Requisiti di sistema<\/strong><\/h3>\n<ul>\n<li data-start=\"6170\" data-end=\"6533\">Sistema operativo: Windows 10, 11 (x64)<\/li>\n<li data-start=\"6170\" data-end=\"6533\">Requisiti: Qualsiasi dispositivo che supporti i sistemi operativi indicati<\/li>\n<li data-start=\"6170\" data-end=\"6533\">Altro: Connessione Internet per l\u2019attivazione; licenza verificata periodicamente; diritti amministratore richiesti; i sistemi ARM non sono supportati.<\/li>\n<\/ul>","protected":false},"excerpt":{"rendered":"<p>Die Pro-Suite f\u00fcr pr\u00e4zise Planung, Visualisierung und Ausf\u00fchrung \u2013 von Grundrissen \u00fcber 3D bis zu Konstruktionsansichten. Version 12 bringt u. a. Verbesserungen beim Konstruktionsraster, optimierte Dach-\/Dachbodenplanung sowie aktualisierte Objektkataloge. Dank leistungsstarker Engine und Eingabehilfen meistern Sie auch komplexe Projekte effizient. Der integrierte Elektro-Assistent platziert Steckdosen, Schalter und Leuchten exakt und erstellt gleich eine Bauteilliste. Eigene [&hellip;]<\/p>","protected":false},"featured_media":38710,"template":"","meta":{"_seopress_robots_primary_cat":"none","_seopress_titles_title":"Ashampoo 3D CAD Professional 12 \u2013 Pr\u00e4zise CAD-Planung","_seopress_titles_desc":"Professionelle 2D\/3D-Planung mit DWG\/DXF, Elektro-Assistent und umfangreichen Katalogen \u2013 f\u00fcr exakte Grundrisse, Visualisierung und Ausf\u00fchrung.","_seopress_robots_index":""},"product_brand":[],"product_cat":[131,97,83],"product_tag":[],"class_list":{"0":"post-38707","1":"product","2":"type-product","3":"status-publish","4":"has-post-thumbnail","6":"product_cat-andere","7":"product_cat-grafik-design","8":"product_cat-video-grafik-andere","10":"first","11":"onbackorder","12":"virtual","13":"taxable","14":"purchasable","15":"product-type-simple"},"_links":{"self":[{"href":"https:\/\/swisssoftware24.ch\/it\/wp-json\/wp\/v2\/product\/38707","targetHints":{"allow":["GET"]}}],"collection":[{"href":"https:\/\/swisssoftware24.ch\/it\/wp-json\/wp\/v2\/product"}],"about":[{"href":"https:\/\/swisssoftware24.ch\/it\/wp-json\/wp\/v2\/types\/product"}],"wp:featuredmedia":[{"embeddable":true,"href":"https:\/\/swisssoftware24.ch\/it\/wp-json\/wp\/v2\/media\/38710"}],"wp:attachment":[{"href":"https:\/\/swisssoftware24.ch\/it\/wp-json\/wp\/v2\/media?parent=38707"}],"wp:term":[{"taxonomy":"product_brand","embeddable":true,"href":"https:\/\/swisssoftware24.ch\/it\/wp-json\/wp\/v2\/product_brand?post=38707"},{"taxonomy":"product_cat","embeddable":true,"href":"https:\/\/swisssoftware24.ch\/it\/wp-json\/wp\/v2\/product_cat?post=38707"},{"taxonomy":"product_tag","embeddable":true,"href":"https:\/\/swisssoftware24.ch\/it\/wp-json\/wp\/v2\/product_tag?post=38707"}],"curies":[{"name":"wp","href":"https:\/\/api.w.org\/{rel}","templated":true}]}}