{"id":38715,"date":"2025-08-26T12:05:57","date_gmt":"2025-08-26T10:05:57","guid":{"rendered":"https:\/\/swisssoftware24.ch\/?post_type=product&#038;p=38715"},"modified":"2025-12-05T13:59:22","modified_gmt":"2025-12-05T12:59:22","slug":"ashampoo-backup-pro-26","status":"publish","type":"product","link":"https:\/\/swisssoftware24.ch\/it\/products\/ashampoo-backup-pro-26\/","title":{"rendered":"Ashampoo Backup Pro 26"},"content":{"rendered":"<p data-start=\"14347\" data-end=\"15167\">Esegui backup di file, partizioni e interi sistemi in modo comodo e leggero. Easy Backup protegge in due passaggi, con una dashboard compatta che mostra tutti i piani. Un moderno sistema di ripristino aiuta nelle emergenze.<\/p>\n<p data-start=\"14347\" data-end=\"15167\">Backup in tempo reale, dispositivi plug-and-play e destinazioni cloud offrono flessibilit\u00e0. Puoi sbloccare le unit\u00e0 BitLocker direttamente nell\u2019app, con navigazione semplificata. Anche i ripristini completi sono alla portata di tutti.<\/p>\n<p data-start=\"14347\" data-end=\"15167\">Il software lavora in background senza intralciare. Cos\u00ec continui a lavorare mentre i tuoi dati restano sempre protetti, dal restore veloce al ripristino totale.<\/p>\n<p data-start=\"14347\" data-end=\"15167\"><strong>Puoi trovare maggiori informazioni su questo prodotto\u00a0<a href=\"https:\/\/swisssoftware24.ch\/it\/ashampoo-backup-pro-26-datensicherheit-ohne-umwege\/\">qui<\/a>.<\/strong><\/p>\n<h3 data-start=\"15169\" data-end=\"15534\"><strong data-start=\"15169\" data-end=\"15217\">Ashampoo Backup Pro 26 \u2013 Requisiti di sistema<\/strong><\/h3>\n<ul>\n<li data-start=\"15169\" data-end=\"15534\">Sistema operativo: Windows 10, 11 (x64)<\/li>\n<li data-start=\"15169\" data-end=\"15534\">Requisiti: Qualsiasi dispositivo che supporti i sistemi operativi indicati<\/li>\n<li data-start=\"15169\" data-end=\"15534\">Altro: 500 MB di spazio libero per l\u2019installazione; connessione Internet per l\u2019attivazione; verifica periodica della licenza; sistemi ARM non supportati.<\/li>\n<\/ul>","protected":false},"excerpt":{"rendered":"<p>Sichern Sie Dateien, Partitionen und ganze Systeme \u2013 komfortabel und ressourcenschonend. Easy Backup sch\u00fctzt in zwei Schritten, w\u00e4hrend das \u00fcbersichtliche Dashboard alle Sicherungspl\u00e4ne pr\u00e4sentiert. Ein modernes Rettungssystem hilft bei schweren Systemfehlern. Echtzeit-Backups, Plug-&amp;-Play-Sicherungen und Cloud-Ziele sorgen f\u00fcr Flexibilit\u00e4t. BitLocker-Laufwerke lassen sich direkt im Programm entsperren. Navigation und Bedienung wurden weiter vereinfacht. Die L\u00f6sung l\u00e4uft leise [&hellip;]<\/p>","protected":false},"featured_media":38718,"template":"","meta":{"_seopress_robots_primary_cat":"none","_seopress_titles_title":"Ashampoo Backup Pro 26 \u2013 Datensicherung f\u00fcr Windows","_seopress_titles_desc":"Sichert Dateien, Partitionen und ganze Systeme. Easy Backup, Rescue-System, Cloud-Ziele und BitLocker-Support \u2013 zuverl\u00e4ssiger Schutz vor Datenverlust.","_seopress_robots_index":""},"product_brand":[],"product_cat":[94,63,64,65],"product_tag":[],"class_list":{"0":"post-38715","1":"product","2":"type-product","3":"status-publish","4":"has-post-thumbnail","6":"product_cat-antivirus-security-fur-unternehmen","7":"product_cat-antivirus-security","8":"product_cat-backup","9":"product_cat-fur-unternehmen","11":"first","12":"onbackorder","13":"virtual","14":"taxable","15":"purchasable","16":"product-type-simple"},"_links":{"self":[{"href":"https:\/\/swisssoftware24.ch\/it\/wp-json\/wp\/v2\/product\/38715","targetHints":{"allow":["GET"]}}],"collection":[{"href":"https:\/\/swisssoftware24.ch\/it\/wp-json\/wp\/v2\/product"}],"about":[{"href":"https:\/\/swisssoftware24.ch\/it\/wp-json\/wp\/v2\/types\/product"}],"wp:featuredmedia":[{"embeddable":true,"href":"https:\/\/swisssoftware24.ch\/it\/wp-json\/wp\/v2\/media\/38718"}],"wp:attachment":[{"href":"https:\/\/swisssoftware24.ch\/it\/wp-json\/wp\/v2\/media?parent=38715"}],"wp:term":[{"taxonomy":"product_brand","embeddable":true,"href":"https:\/\/swisssoftware24.ch\/it\/wp-json\/wp\/v2\/product_brand?post=38715"},{"taxonomy":"product_cat","embeddable":true,"href":"https:\/\/swisssoftware24.ch\/it\/wp-json\/wp\/v2\/product_cat?post=38715"},{"taxonomy":"product_tag","embeddable":true,"href":"https:\/\/swisssoftware24.ch\/it\/wp-json\/wp\/v2\/product_tag?post=38715"}],"curies":[{"name":"wp","href":"https:\/\/api.w.org\/{rel}","templated":true}]}}