{"id":38719,"date":"2025-08-26T12:18:01","date_gmt":"2025-08-26T10:18:01","guid":{"rendered":"https:\/\/swisssoftware24.ch\/?post_type=product&#038;p=38719"},"modified":"2025-11-30T00:17:26","modified_gmt":"2025-11-29T23:17:26","slug":"ashampoo-burning-studio-26","status":"publish","type":"product","link":"https:\/\/swisssoftware24.ch\/it\/products\/ashampoo-burning-studio-26\/","title":{"rendered":"Ashampoo Burning Studio 26"},"content":{"rendered":"<p data-start=\"19076\" data-end=\"19958\">Suite completa per masterizzare, copiare e archiviare \u2014 dai CD audio ai Blu-ray. Flussi ottimizzati semplificano la creazione di film, slideshow e progetti dati. Ricerca copertine e migliore supporto per autoradio aggiungono praticit\u00e0.<\/p>\n<p data-start=\"19076\" data-end=\"19958\">Con il supporto a MPEG-4\/H.265 (HEVC) e AAC, i video sono convertiti nel formato adatto ai lettori da salotto. Masterizza di tutto, dal clip dello smartphone ai film amatoriali pi\u00f9 curati, in modo sicuro ed elegante. Il risultato sono dischi compatibili con il minimo sforzo.<\/p>\n<p data-start=\"19076\" data-end=\"19958\">Un\u2019interfaccia pulita ti porta rapidamente al traguardo, anche su progetti grandi. Il buffering intermedio aumenta la flessibilit\u00e0 e mantiene i flussi fluidi. Moduli pratici come lo strumento audiolibri fanno risparmiare tempo.<\/p>\n<p data-start=\"19076\" data-end=\"19958\"><strong>Puoi trovare maggiori informazioni su questo prodotto\u00a0<a href=\"https:\/\/swisssoftware24.ch\/it\/ashampoo-burning-studio-26-einfach-brennen-was-wichtig-ist\/\">qui<\/a>.<\/strong><\/p>\n<h3 data-start=\"19960\" data-end=\"20325\"><strong data-start=\"19960\" data-end=\"20012\">Ashampoo Burning Studio 26 \u2013 Requisiti di sistema<\/strong><\/h3>\n<ul>\n<li data-start=\"19960\" data-end=\"20325\">Sistema operativo: Windows 10, 11 (x64)<\/li>\n<li data-start=\"19960\" data-end=\"20325\">Requisiti: Qualsiasi dispositivo che supporti i sistemi operativi indicati<\/li>\n<li data-start=\"19960\" data-end=\"20325\">Altro: Microsoft .NET Framework 4.5; 2 GB di RAM; 250 MB per l\u2019installazione; spazio temporaneo fino a 9 GB (DVD), 25\/50 GB (Blu-ray), 100 GB (Blu-ray XL).<\/li>\n<\/ul>","protected":false},"excerpt":{"rendered":"<p>Die Komplettl\u00f6sung zum Brennen, Kopieren und Archivieren \u2013 von Musik-CDs bis Blu-ray-Discs. Optimierte Workflows erleichtern das Erstellen von Filmen, Slideshows und Datenprojekten. Cover-Suche und verbesserte Autoradio-Unterst\u00fctzung runden den Funktionsumfang ab. Dank Unterst\u00fctzung f\u00fcr Formate wie MPEG-4\/H.265 (HEVC) und AAC bringt das Programm Ihre Videos in das richtige Player-Format. So brennen Sie vom Smartphone-Clip bis zum [&hellip;]<\/p>","protected":false},"featured_media":38723,"template":"","meta":{"_seopress_robots_primary_cat":"none","_seopress_titles_title":"","_seopress_titles_desc":"","_seopress_robots_index":""},"product_brand":[],"product_cat":[131,83],"product_tag":[],"class_list":{"0":"post-38719","1":"product","2":"type-product","3":"status-publish","4":"has-post-thumbnail","6":"product_cat-andere","7":"product_cat-video-grafik-andere","9":"first","10":"onbackorder","11":"virtual","12":"taxable","13":"purchasable","14":"product-type-simple"},"_links":{"self":[{"href":"https:\/\/swisssoftware24.ch\/it\/wp-json\/wp\/v2\/product\/38719","targetHints":{"allow":["GET"]}}],"collection":[{"href":"https:\/\/swisssoftware24.ch\/it\/wp-json\/wp\/v2\/product"}],"about":[{"href":"https:\/\/swisssoftware24.ch\/it\/wp-json\/wp\/v2\/types\/product"}],"wp:featuredmedia":[{"embeddable":true,"href":"https:\/\/swisssoftware24.ch\/it\/wp-json\/wp\/v2\/media\/38723"}],"wp:attachment":[{"href":"https:\/\/swisssoftware24.ch\/it\/wp-json\/wp\/v2\/media?parent=38719"}],"wp:term":[{"taxonomy":"product_brand","embeddable":true,"href":"https:\/\/swisssoftware24.ch\/it\/wp-json\/wp\/v2\/product_brand?post=38719"},{"taxonomy":"product_cat","embeddable":true,"href":"https:\/\/swisssoftware24.ch\/it\/wp-json\/wp\/v2\/product_cat?post=38719"},{"taxonomy":"product_tag","embeddable":true,"href":"https:\/\/swisssoftware24.ch\/it\/wp-json\/wp\/v2\/product_tag?post=38719"}],"curies":[{"name":"wp","href":"https:\/\/api.w.org\/{rel}","templated":true}]}}