{"id":38730,"date":"2025-08-26T12:44:34","date_gmt":"2025-08-26T10:44:34","guid":{"rendered":"https:\/\/swisssoftware24.ch\/?post_type=product&#038;p=38730"},"modified":"2025-11-30T00:17:26","modified_gmt":"2025-11-29T23:17:26","slug":"ashampoo-home-design-10","status":"publish","type":"product","link":"https:\/\/swisssoftware24.ch\/it\/products\/ashampoo-home-design-10\/","title":{"rendered":"Ashampoo Home Design 10"},"content":{"rendered":"<p data-start=\"28369\" data-end=\"29227\">Progetta, ristruttura e arreda \u2014 dalla planimetria alle viste 3D realistiche. Home Design 10 \u00e8 pensato per proprietari, ristrutturatori e appassionati d\u2019interni senza esperienza CAD. I cataloghi di oggetti e materiali aiutano a visualizzare gli spazi in modo convincente.<\/p>\n<p data-start=\"28369\" data-end=\"29227\">Gli assistenti velocizzano la costruzione, mantenendo chiare misure, superfici e volumi. Viste 2D, 3D e sezioni ti danno controllo su ogni fase. Le idee diventano concrete prima di iniziare i lavori.<\/p>\n<p data-start=\"28369\" data-end=\"29227\">L\u2019interfaccia \u00e8 ordinata e favorisce flussi di lavoro scorrevoli. Funzioni di import\/export agevolano collaborazione e presentazioni.<\/p>\n<p data-start=\"28369\" data-end=\"29227\"><strong>Puoi trovare maggiori informazioni su questo prodotto\u00a0<a href=\"https:\/\/swisssoftware24.ch\/it\/ashampoo-home-design-10-von-der-idee-zum-begehbaren-entwurf\/\">qui<\/a>.<\/strong><\/p>\n<h3 data-start=\"29229\" data-end=\"29579\"><strong data-start=\"29229\" data-end=\"29278\">Ashampoo Home Design 10 \u2013 Requisiti di sistema<\/strong><\/h3>\n<ul>\n<li data-start=\"29229\" data-end=\"29579\">Sistema operativo: Windows 10, 11 (x64)<\/li>\n<li data-start=\"29229\" data-end=\"29579\">Requisiti: Qualsiasi dispositivo che supporti i sistemi operativi indicati<\/li>\n<li data-start=\"29229\" data-end=\"29579\">Altro: Connessione Internet per l\u2019attivazione; verifica periodica della licenza; diritti di amministratore richiesti; i sistemi ARM non sono supportati.<\/li>\n<\/ul>","protected":false},"excerpt":{"rendered":"<p>Planen, umgestalten und einrichten \u2013 vom Grundriss bis zu realistischen 3D-Ansichten. Home Design 10 richtet sich an Hausbesitzer, Renovierer und Interior-Fans, die ohne CAD-Vorkenntnisse starten m\u00f6chten. Objekt- und Materialkataloge helfen, R\u00e4ume schnell \u00fcberzeugend zu visualisieren. Assistenten f\u00fcr Bauelemente beschleunigen die Konstruktion, w\u00e4hrend Ma\u00dfe, Fl\u00e4chen und Volumen stets im Blick bleiben. 2D-, 3D- und Schnittansichten sorgen [&hellip;]<\/p>","protected":false},"featured_media":38734,"template":"","meta":{"_seopress_robots_primary_cat":"none","_seopress_titles_title":"Ashampoo Home Design 10 \u2013 Wohndesign in 2D\/3D","_seopress_titles_desc":"Planen, umgestalten, einrichten: Grundrisse, 2D\/3D-Ansichten, Objekt- & Materialkataloge und Assistenten \u2013 ideal f\u00fcr Hausbesitzer und Renovierer.","_seopress_robots_index":""},"product_brand":[],"product_cat":[97,83],"product_tag":[],"class_list":{"0":"post-38730","1":"product","2":"type-product","3":"status-publish","4":"has-post-thumbnail","6":"product_cat-grafik-design","7":"product_cat-video-grafik-andere","9":"first","10":"onbackorder","11":"virtual","12":"taxable","13":"purchasable","14":"product-type-simple"},"_links":{"self":[{"href":"https:\/\/swisssoftware24.ch\/it\/wp-json\/wp\/v2\/product\/38730","targetHints":{"allow":["GET"]}}],"collection":[{"href":"https:\/\/swisssoftware24.ch\/it\/wp-json\/wp\/v2\/product"}],"about":[{"href":"https:\/\/swisssoftware24.ch\/it\/wp-json\/wp\/v2\/types\/product"}],"wp:featuredmedia":[{"embeddable":true,"href":"https:\/\/swisssoftware24.ch\/it\/wp-json\/wp\/v2\/media\/38734"}],"wp:attachment":[{"href":"https:\/\/swisssoftware24.ch\/it\/wp-json\/wp\/v2\/media?parent=38730"}],"wp:term":[{"taxonomy":"product_brand","embeddable":true,"href":"https:\/\/swisssoftware24.ch\/it\/wp-json\/wp\/v2\/product_brand?post=38730"},{"taxonomy":"product_cat","embeddable":true,"href":"https:\/\/swisssoftware24.ch\/it\/wp-json\/wp\/v2\/product_cat?post=38730"},{"taxonomy":"product_tag","embeddable":true,"href":"https:\/\/swisssoftware24.ch\/it\/wp-json\/wp\/v2\/product_tag?post=38730"}],"curies":[{"name":"wp","href":"https:\/\/api.w.org\/{rel}","templated":true}]}}