{"id":38735,"date":"2025-08-26T12:47:28","date_gmt":"2025-08-26T10:47:28","guid":{"rendered":"https:\/\/swisssoftware24.ch\/?post_type=product&#038;p=38735"},"modified":"2025-11-30T00:17:26","modified_gmt":"2025-11-29T23:17:26","slug":"ashampoo-music-studio-12","status":"publish","type":"product","link":"https:\/\/swisssoftware24.ch\/it\/products\/ashampoo-music-studio-12\/","title":{"rendered":"Ashampoo Music Studio 12"},"content":{"rendered":"<p data-start=\"32893\" data-end=\"33770\">Suite tutto-in-uno per registrare, tagliare, convertire, masterizzare e organizzare la musica. La versione 12 offre una riconoscimento CD notevolmente migliore con fusione intelligente dei metadati e rilevamento automatico delle tracce per gli stream. L\u2019elenco di registrazione \u00e8 stato riprogettato ed \u00e8 ordinabile.<\/p>\n<p data-start=\"32893\" data-end=\"33770\">Estrai i CD audio con metadati (album, artista), modifica con strumenti precisi, normalizza il volume e converti nei formati pi\u00f9 diffusi. Progettazione copertine e masterizzazione sono integrate.<\/p>\n<p data-start=\"32893\" data-end=\"33770\">Un\u2019interfaccia ordinata consente risultati con meno clic. Sia i principianti sia gli utenti esperti mantengono il controllo \u2014 dalla registrazione alla playlist finale.<\/p>\n<p data-start=\"32893\" data-end=\"33770\"><strong>Puoi trovare maggiori informazioni su questo prodotto\u00a0<a href=\"https:\/\/swisssoftware24.ch\/it\/ashampoo-music-studio-12-vom-ersten-take-bis-zur-fertigen-playlist\/\">qui<\/a>.<\/strong><\/p>\n<p data-start=\"33772\" data-end=\"34141\"><strong data-start=\"33772\" data-end=\"33822\">Ashampoo Music Studio 12 \u2013 Requisiti di sistema<\/strong><\/p>\n<ul>\n<li data-start=\"33772\" data-end=\"34141\">Sistema operativo: Windows 10, 11 (x64)<\/li>\n<li data-start=\"33772\" data-end=\"34141\">Requisiti: Qualsiasi dispositivo che supporti i sistemi operativi indicati<\/li>\n<li data-start=\"33772\" data-end=\"34141\">Altro: Connessione Internet per l\u2019attivazione; verifica periodica della licenza; alcuni servizi richiedono Internet.<\/li>\n<\/ul>","protected":false},"excerpt":{"rendered":"<p>Die All-in-One-L\u00f6sung zum Aufnehmen, Schneiden, Konvertieren, Brennen und Verwalten von Musik. Die Version 12 bringt deutlich bessere CD-Erkennung mit intelligenter Metadaten-Zusammenf\u00fchrung und automatische Titel-Erkennung bei Streams. Die Aufnahmeverwaltung wurde \u00fcberarbeitet und ist sortierbar. Mit dem integrierten Ripper importieren Sie Musik-CDs inklusive Metadaten wie Album und K\u00fcnstler. Bearbeitungswerkzeuge helfen beim exakten Schneiden, bei Lautst\u00e4rke-Anpassungen und beim [&hellip;]<\/p>","protected":false},"featured_media":38738,"template":"","meta":{"_seopress_robots_primary_cat":"none","_seopress_titles_title":"Ashampoo Music Studio 12 \u2013 Aufnehmen, Schneiden, Konvertieren","_seopress_titles_desc":"All-in-One f\u00fcr Musik: CD-Rippen mit Metadaten, pr\u00e4ziser Editor, Lautst\u00e4rke-Anpassung, Format-Konverter, Cover-Design und Brennen \u2013 Ordnung f\u00fcr Ihre Songs.","_seopress_robots_index":""},"product_brand":[],"product_cat":[131,83],"product_tag":[],"class_list":{"0":"post-38735","1":"product","2":"type-product","3":"status-publish","4":"has-post-thumbnail","6":"product_cat-andere","7":"product_cat-video-grafik-andere","9":"first","10":"onbackorder","11":"virtual","12":"taxable","13":"purchasable","14":"product-type-simple"},"_links":{"self":[{"href":"https:\/\/swisssoftware24.ch\/it\/wp-json\/wp\/v2\/product\/38735","targetHints":{"allow":["GET"]}}],"collection":[{"href":"https:\/\/swisssoftware24.ch\/it\/wp-json\/wp\/v2\/product"}],"about":[{"href":"https:\/\/swisssoftware24.ch\/it\/wp-json\/wp\/v2\/types\/product"}],"wp:featuredmedia":[{"embeddable":true,"href":"https:\/\/swisssoftware24.ch\/it\/wp-json\/wp\/v2\/media\/38738"}],"wp:attachment":[{"href":"https:\/\/swisssoftware24.ch\/it\/wp-json\/wp\/v2\/media?parent=38735"}],"wp:term":[{"taxonomy":"product_brand","embeddable":true,"href":"https:\/\/swisssoftware24.ch\/it\/wp-json\/wp\/v2\/product_brand?post=38735"},{"taxonomy":"product_cat","embeddable":true,"href":"https:\/\/swisssoftware24.ch\/it\/wp-json\/wp\/v2\/product_cat?post=38735"},{"taxonomy":"product_tag","embeddable":true,"href":"https:\/\/swisssoftware24.ch\/it\/wp-json\/wp\/v2\/product_tag?post=38735"}],"curies":[{"name":"wp","href":"https:\/\/api.w.org\/{rel}","templated":true}]}}