{"id":38805,"date":"2025-08-29T11:13:19","date_gmt":"2025-08-29T09:13:19","guid":{"rendered":"https:\/\/swisssoftware24.ch\/?post_type=product&#038;p=38805"},"modified":"2025-11-29T23:56:54","modified_gmt":"2025-11-29T22:56:54","slug":"eset-home-security-essential","status":"publish","type":"product","link":"https:\/\/swisssoftware24.ch\/it\/products\/eset-home-security-essential\/","title":{"rendered":"ESET HOME Security Essential"},"content":{"rendered":"<p data-start=\"356\" data-end=\"1480\">ESET HOME Security Essential protegge la tua vita digitale con difesa multilivello in tempo reale contro malware, ransomware, spyware e phishing. Basato sulla tecnologia collaudata di ESET, copre Windows, macOS e Android con un unico abbonamento. \u00c8 leggero, esegue scansioni rapide e lavora in silenzio in background.<\/p>\n<p data-start=\"356\" data-end=\"1480\">Il browser protetto (Safe Banking) rende pi\u00f9 sicuri pagamenti e acquisti online. Firewall, Anti-Phishing e Network Inspector verificano il router e mostrano i dispositivi connessi; la protezione webcam blocca accessi non autorizzati. Controllo genitori e Modalit\u00e0 gioco completano la dotazione.<\/p>\n<p data-start=\"356\" data-end=\"1480\">Con l\u2019app gratuita ESET HOME gestisci stato, licenze e dispositivi in un\u2019unica dashboard. La funzione Anti-Theft aiuta a localizzare e bloccare i dispositivi smarriti. Un modo semplice e scalabile per proteggere tutta la casa. \nESET<\/p>\n<p data-start=\"356\" data-end=\"1480\"><strong>Puoi trovare maggiori informazioni su questo prodotto\u00a0<a href=\"https:\/\/swisssoftware24.ch\/it\/eset-home-security-essential-alltagssicherheit-ohne-ballast\/\">qui<\/a>.<\/strong><\/p>\n<p data-start=\"1482\" data-end=\"1997\"><strong data-start=\"1482\" data-end=\"1536\">ESET HOME Security Essential \u2013 Requisiti di sistema<\/strong><\/p>\n<ul>\n<li data-start=\"1482\" data-end=\"1997\">Sistemi operativi: Windows 10, 11; macOS 12+; Android 8.0+; iOS 13+ (ESET HOME da iOS 14).<\/li>\n<li data-start=\"1482\" data-end=\"1997\">Requisiti: Qualsiasi dispositivo compatibile con i sistemi sopra elencati. Le funzionalit\u00e0 possono variare in base alla piattaforma.<\/li>\n<li data-start=\"1482\" data-end=\"1997\">Altro: Connessione Internet necessaria per attivazione e aggiornamenti; su Windows on ARM alcune funzioni non sono disponibili.<\/li>\n<\/ul>","protected":false},"excerpt":{"rendered":"<p>ESET HOME Security Essential sch\u00fctzt Ihren digitalen Alltag mit mehrschichtigem Echtzeitschutz vor Malware, Ransomware, Spyware und Phishing. Die L\u00f6sung basiert auf der bew\u00e4hrten ESET-Technologie und deckt Windows, macOS und Android in einem Abonnement ab. Sie ist leichtgewichtig, scannt schnell und arbeitet unauff\u00e4llig im Hintergrund. Ideal, wenn Sie zuverl\u00e4ssige Sicherheit ohne sp\u00fcrbare Systembremse suchen. F\u00fcr sicheres [&hellip;]<\/p>","protected":false},"featured_media":38808,"template":"","meta":{"_seopress_robots_primary_cat":"none","_seopress_titles_title":"ESET HOME Security Essential \u2013 Echtzeitschutz","_seopress_titles_desc":"Leichtgewichtiges Antivirus mit gesichertem Banking-Browser, Firewall, Anti-Phishing, Network Inspector, Webcam-Schutz, Elternkontrolle und Gamer-Modus \u2013 zentral verwaltbar mit der ESET HOME App.","_seopress_robots_index":""},"product_brand":[],"product_cat":[93,94,114,65],"product_tag":[],"class_list":{"0":"post-38805","1":"product","2":"type-product","3":"status-publish","4":"has-post-thumbnail","6":"product_cat-antivirus","7":"product_cat-antivirus-security-fur-unternehmen","8":"product_cat-eset","9":"product_cat-fur-unternehmen","11":"first","12":"instock","13":"taxable","14":"shipping-taxable","15":"purchasable","16":"product-type-variable"},"_links":{"self":[{"href":"https:\/\/swisssoftware24.ch\/it\/wp-json\/wp\/v2\/product\/38805","targetHints":{"allow":["GET"]}}],"collection":[{"href":"https:\/\/swisssoftware24.ch\/it\/wp-json\/wp\/v2\/product"}],"about":[{"href":"https:\/\/swisssoftware24.ch\/it\/wp-json\/wp\/v2\/types\/product"}],"wp:featuredmedia":[{"embeddable":true,"href":"https:\/\/swisssoftware24.ch\/it\/wp-json\/wp\/v2\/media\/38808"}],"wp:attachment":[{"href":"https:\/\/swisssoftware24.ch\/it\/wp-json\/wp\/v2\/media?parent=38805"}],"wp:term":[{"taxonomy":"product_brand","embeddable":true,"href":"https:\/\/swisssoftware24.ch\/it\/wp-json\/wp\/v2\/product_brand?post=38805"},{"taxonomy":"product_cat","embeddable":true,"href":"https:\/\/swisssoftware24.ch\/it\/wp-json\/wp\/v2\/product_cat?post=38805"},{"taxonomy":"product_tag","embeddable":true,"href":"https:\/\/swisssoftware24.ch\/it\/wp-json\/wp\/v2\/product_tag?post=38805"}],"curies":[{"name":"wp","href":"https:\/\/api.w.org\/{rel}","templated":true}]}}