{"id":39153,"date":"2025-09-07T19:12:15","date_gmt":"2025-09-07T17:12:15","guid":{"rendered":"https:\/\/swisssoftware24.ch\/?post_type=product&#038;p=39153"},"modified":"2025-11-29T23:56:54","modified_gmt":"2025-11-29T22:56:54","slug":"eset-nod32-antivirus","status":"publish","type":"product","link":"https:\/\/swisssoftware24.ch\/it\/products\/eset-nod32-antivirus\/","title":{"rendered":"ESET NOD32 Antivirus"},"content":{"rendered":"<p data-start=\"257\" data-end=\"1186\">ESET NOD32 Antivirus garantisce una protezione essenziale rapida e leggera per PC Windows. Unisce antivirus con IA, anti-phishing e livelli moderni di rilevazione come Advanced Machine Learning e DNA detections. Exploit Blocker contrasta gli attacchi progettati per eludere gli scanner tradizionali.<\/p>\n<p data-start=\"257\" data-end=\"1186\">La sicurezza \u00e8 rafforzata da HIPS e Ransomware Shield; lo scanner UEFI verifica i settori di avvio. ESET LiveGrid (reputazione cloud) velocizza le scansioni e migliora il rilevamento grazie al confronto con liste affidabili\/bloccate.<\/p>\n<p data-start=\"257\" data-end=\"1186\">Nell\u2019uso quotidiano, NOD32 incide poco sulle risorse e completa le scansioni in tempi rapidi \u2014 perfetto per lavoro, navigazione e gaming. La \u00ab Modalit\u00e0 Gioco \u00bb riduce le notifiche in full-screen.<\/p>\n<p data-start=\"257\" data-end=\"1186\"><strong>Puoi trovare maggiori informazioni su questo prodotto\u00a0<a href=\"https:\/\/swisssoftware24.ch\/it\/eset-nod32-antivirus-der-schnelle-basisschutz-fuer-windows-pcs\/\">qui<\/a>.<\/strong><\/p>\n<p data-start=\"1188\" data-end=\"1561\"><strong data-start=\"1188\" data-end=\"1234\">ESET NOD32 Antivirus \u2013 Requisiti di sistema<\/strong><\/p>\n<ul>\n<li data-start=\"1188\" data-end=\"1561\">Sistemi operativi: Windows 10, 11.<\/li>\n<li data-start=\"1188\" data-end=\"1561\">Requisiti: Qualsiasi dispositivo che supporti i sistemi operativi indicati<\/li>\n<li data-start=\"1188\" data-end=\"1561\">Altro: Connessione Internet necessaria per attivazione\/aggiornamenti; alcune funzioni non sono disponibili su Windows on ARM.<\/li>\n<\/ul>","protected":false},"excerpt":{"rendered":"<p>SET NOD32 Antivirus ist ein schneller, ressourcenschonender Basisschutz f\u00fcr Windows-Rechner. Er kombiniert KI-gest\u00fctzten Virenschutz, Anti-Phishing und moderne Erkennungsmethoden wie Advanced Machine Learning und DNA-Detections. Exploit Blocker zielt gezielt auf Angriffe ab, die klassische Scanner umgehen wollen. Die Sicherheitslage wird durch HIPS und Ransomware Shield geh\u00e4rtet, w\u00e4hrend der UEFI-Scanner Bootsektoren mitpr\u00fcft. ESET LiveGrid (Cloud-Reputation) beschleunigt Scans [&hellip;]<\/p>","protected":false},"featured_media":39163,"template":"","meta":{"_seopress_robots_primary_cat":"none","_seopress_titles_title":"ESET NOD32 Antivirus \u2013 Schneller Windows-Virenschutz","_seopress_titles_desc":"Leichtes Antivirus mit Anti-Phishing & Exploit-Blocker.","_seopress_robots_index":""},"product_brand":[],"product_cat":[93,94,63,114,65],"product_tag":[],"class_list":{"0":"post-39153","1":"product","2":"type-product","3":"status-publish","4":"has-post-thumbnail","6":"product_cat-antivirus","7":"product_cat-antivirus-security-fur-unternehmen","8":"product_cat-antivirus-security","9":"product_cat-eset","10":"product_cat-fur-unternehmen","12":"first","13":"instock","14":"taxable","15":"shipping-taxable","16":"purchasable","17":"product-type-variable"},"_links":{"self":[{"href":"https:\/\/swisssoftware24.ch\/it\/wp-json\/wp\/v2\/product\/39153","targetHints":{"allow":["GET"]}}],"collection":[{"href":"https:\/\/swisssoftware24.ch\/it\/wp-json\/wp\/v2\/product"}],"about":[{"href":"https:\/\/swisssoftware24.ch\/it\/wp-json\/wp\/v2\/types\/product"}],"wp:featuredmedia":[{"embeddable":true,"href":"https:\/\/swisssoftware24.ch\/it\/wp-json\/wp\/v2\/media\/39163"}],"wp:attachment":[{"href":"https:\/\/swisssoftware24.ch\/it\/wp-json\/wp\/v2\/media?parent=39153"}],"wp:term":[{"taxonomy":"product_brand","embeddable":true,"href":"https:\/\/swisssoftware24.ch\/it\/wp-json\/wp\/v2\/product_brand?post=39153"},{"taxonomy":"product_cat","embeddable":true,"href":"https:\/\/swisssoftware24.ch\/it\/wp-json\/wp\/v2\/product_cat?post=39153"},{"taxonomy":"product_tag","embeddable":true,"href":"https:\/\/swisssoftware24.ch\/it\/wp-json\/wp\/v2\/product_tag?post=39153"}],"curies":[{"name":"wp","href":"https:\/\/api.w.org\/{rel}","templated":true}]}}