{"id":39361,"date":"2025-09-17T08:00:42","date_gmt":"2025-09-17T06:00:42","guid":{"rendered":"https:\/\/swisssoftware24.ch\/?post_type=product&#038;p=39361"},"modified":"2025-11-29T23:56:54","modified_gmt":"2025-11-29T22:56:54","slug":"aomei-partition-assistant-professional","status":"publish","type":"product","link":"https:\/\/swisssoftware24.ch\/it\/products\/aomei-partition-assistant-professional\/","title":{"rendered":"AOMEI Partition Assistant Professional"},"content":{"rendered":"<p data-start=\"316\" data-end=\"1362\">AOMEI Partition Assistant Professional consente di gestire in modo sicuro i dischi Windows: creare, spostare, ridimensionare, unire partizioni senza perdita di dati. Le procedure guidate ti accompagnano nelle operazioni delicate riducendo i rischi. Perfetto per upgrade, riorganizzazione dello spazio e problemi di \u201cC: piena\u201d.<\/p>\n<p data-start=\"316\" data-end=\"1362\">Tra le funzioni Pro: Migrazione dell\u2019OS su SSD\/HDD, conversione MBR\u2194GPT (anche su dischi di sistema) e App Mover per spostare i programmi installati senza errori. Ci sono anche conversione NTFS\u2194FAT32, dynamic\u2194basic, oltre a strumenti di verifica, clonazione e pulizia.<\/p>\n<p data-start=\"316\" data-end=\"1362\">Supporta i principali file system (NTFS, varianti FAT, exFAT; Ext2\/3\/4 e ReFS con operazioni limitate) e offre un supporto avviabile WinPE per lavorare offline. Migrazioni e riparazioni sotto controllo, in tempi rapidi.<\/p>\n<p data-start=\"1364\" data-end=\"1833\"><strong data-start=\"1364\" data-end=\"1428\">AOMEI Partition Assistant Professional \u2013 Requisiti di sistema<\/strong><\/p>\n<ul>\n<li data-start=\"1364\" data-end=\"1833\">Sistemi operativi: Windows 11\/10\/8.1\/8\/7\/Vista\/XP (32\/64-bit).<\/li>\n<li data-start=\"1364\" data-end=\"1833\">Requisiti: CPU da 500 MHz (x86\/compatibile), almeno 256 MB di RAM (512 MB consigliati), 100 MB di spazio libero; mouse\/tastiera.<\/li>\n<li data-start=\"1364\" data-end=\"1833\">Altro: Supporto WinPE avviabile (USB\/CD\/DVD) opzionale per operazioni offline.<\/li>\n<\/ul>","protected":false},"excerpt":{"rendered":"<p>AOMEI Partition Assistant Professional ist die vielseitige L\u00f6sung, um Windows-Datentr\u00e4ger sicher zu verwalten: Partitionen erstellen, verschieben, vergr\u00f6\u00dfern\/verkleinern, zusammenf\u00fchren \u2013 ohne Datenverlust. Assistenten f\u00fchren Schritt f\u00fcr Schritt durch heikle Aktionen und minimieren Risiken. Ideal f\u00fcr Upgrades, Neuorganisation oder die Behebung von Platzproblemen. Zu den Profi-Tools z\u00e4hlen Migrate OS to SSD\/HDD, MBR\u2194GPT-Konvertierung (auch f\u00fcr System-Disks) und App [&hellip;]<\/p>","protected":false},"featured_media":29690,"template":"","meta":{"_seopress_robots_primary_cat":"none","_seopress_titles_title":"AOMEI Partition Assistant Pro \u2013 Partitionen & MBR\u2194GPT","_seopress_titles_desc":"Windows-Partitionierer mit Migrate OS, App Mover, NTFS\u2194FAT32, dynamisch\u2194basic & MBR\u2194GPT \u2013 sicher und schnell.","_seopress_robots_index":""},"product_brand":[],"product_cat":[94,63,64,65],"product_tag":[],"class_list":{"0":"post-39361","1":"product","2":"type-product","3":"status-publish","4":"has-post-thumbnail","6":"product_cat-antivirus-security-fur-unternehmen","7":"product_cat-antivirus-security","8":"product_cat-backup","9":"product_cat-fur-unternehmen","11":"first","12":"instock","13":"taxable","14":"shipping-taxable","15":"purchasable","16":"product-type-variable"},"_links":{"self":[{"href":"https:\/\/swisssoftware24.ch\/it\/wp-json\/wp\/v2\/product\/39361","targetHints":{"allow":["GET"]}}],"collection":[{"href":"https:\/\/swisssoftware24.ch\/it\/wp-json\/wp\/v2\/product"}],"about":[{"href":"https:\/\/swisssoftware24.ch\/it\/wp-json\/wp\/v2\/types\/product"}],"wp:featuredmedia":[{"embeddable":true,"href":"https:\/\/swisssoftware24.ch\/it\/wp-json\/wp\/v2\/media\/29690"}],"wp:attachment":[{"href":"https:\/\/swisssoftware24.ch\/it\/wp-json\/wp\/v2\/media?parent=39361"}],"wp:term":[{"taxonomy":"product_brand","embeddable":true,"href":"https:\/\/swisssoftware24.ch\/it\/wp-json\/wp\/v2\/product_brand?post=39361"},{"taxonomy":"product_cat","embeddable":true,"href":"https:\/\/swisssoftware24.ch\/it\/wp-json\/wp\/v2\/product_cat?post=39361"},{"taxonomy":"product_tag","embeddable":true,"href":"https:\/\/swisssoftware24.ch\/it\/wp-json\/wp\/v2\/product_tag?post=39361"}],"curies":[{"name":"wp","href":"https:\/\/api.w.org\/{rel}","templated":true}]}}