{"id":41691,"date":"2025-12-07T14:27:44","date_gmt":"2025-12-07T13:27:44","guid":{"rendered":"https:\/\/swisssoftware24.ch\/?post_type=product&#038;p=41691"},"modified":"2025-12-07T14:31:11","modified_gmt":"2025-12-07T13:31:11","slug":"ashampoo-backup-pro-27","status":"publish","type":"product","link":"https:\/\/swisssoftware24.ch\/it\/products\/ashampoo-backup-pro-27\/","title":{"rendered":"Ashampoo Backup Pro 27"},"content":{"rendered":"<p data-start=\"0\" data-end=\"367\"><strong data-start=\"0\" data-end=\"26\">Ashampoo Backup Pro 27<\/strong> esegue il backup in modo affidabile di file, partizioni e interi sistemi Windows senza rallentare il PC. Una dashboard moderna mostra tutti i piani di backup e il loro stato a colpo d\u2019occhio, mentre gli assistenti guidano passo dopo passo la configurazione. In questo modo hai sempre il controllo dei tuoi backup, anche senza conoscenze tecniche approfondite.<\/p>\n<p data-start=\"369\" data-end=\"738\">Con la versione 27, il motore di backup \u00e8 stato ulteriormente ottimizzato: i backup si avviano pi\u00f9 velocemente, i set di backup esistenti vengono controllati in modo pi\u00f9 efficiente e le destinazioni cloud sono integrate in maniera ancora pi\u00f9 fluida. Che si tratti di unit\u00e0 locale, NAS o cloud, puoi combinare le posizioni di archiviazione in modo flessibile e beneficiare di backup incrementali che risparmiano spazio garantendo comunque una protezione continua.<\/p>\n<p data-start=\"740\" data-end=\"1095\">Un sistema di salvataggio aggiornato aiuta in caso di gravi errori di sistema o aggiornamenti falliti, mentre i backup in tempo reale monitorano costantemente le cartelle sensibili. Nell\u2019uso quotidiano, Ashampoo Backup Pro 27 lavora silenziosamente in background, ma in caso di emergenza tutto \u00e8 pronto in pochi clic, dal ripristino rapido dei singoli file al ripristino completo del sistema.<\/p>\n<p data-start=\"740\" data-end=\"1095\"><strong>Puoi trovare maggiori informazioni su questo prodotto\u00a0<a href=\"https:\/\/swisssoftware24.ch\/it\/ashampoo-backup-pro-27-sicherung-der-naechsten-generation-fuer-windows\/\">qui<\/a>.<\/strong><\/p>\n<p data-start=\"740\" data-end=\"1095\"><strong data-start=\"94\" data-end=\"142\">Ashampoo Backup Pro 27 \u2013 Requisiti di sistema<\/strong><\/p>\n<ul>\n<li data-start=\"740\" data-end=\"1095\">Sistema operativo: Windows 10, 11 (x64)<\/li>\n<li data-start=\"740\" data-end=\"1095\">Requisiti: Qualsiasi dispositivo che supporti i sistemi operativi indicati<\/li>\n<li data-start=\"740\" data-end=\"1095\">Altro: 500 MB di spazio libero su disco per l'installazione; connessione Internet per l'attivazione e gli aggiornamenti; controlli regolari della licenza; sistemi ARM non supportati.<\/li>\n<\/ul>","protected":false},"excerpt":{"rendered":"<p>Ashampoo Backup Pro 27 sichert Dateien, Partitionen und komplette Windows-Systeme zuverl\u00e4ssig \u2013 ohne den PC auszubremsen. Ein modernes Dashboard zeigt alle Sicherungspl\u00e4ne und deren Status auf einen Blick, w\u00e4hrend Assistenten die Einrichtung Schritt f\u00fcr Schritt begleiten. So haben Sie Ihre Datensicherung immer unter Kontrolle, auch ohne tiefes Technik-Wissen. Mit Version 27 wurde die Backup-Engine weiter [&hellip;]<\/p>","protected":false},"featured_media":41700,"template":"","meta":{"_seopress_robots_primary_cat":"none","_seopress_titles_title":"Ashampoo Backup Pro 27 \u2013 Sicherung&moderne Wiederherstellung","_seopress_titles_desc":"Schnellere Backups, modernes Dashboard, Cloud-Optimierung und verbessertes Rettungssystem. Dateien, Partitionen und ganze Systeme in wenigen Klicks sichern.","_seopress_robots_index":""},"product_brand":[],"product_cat":[63,64],"product_tag":[],"class_list":{"0":"post-41691","1":"product","2":"type-product","3":"status-publish","4":"has-post-thumbnail","6":"product_cat-antivirus-security","7":"product_cat-backup","9":"first","10":"onbackorder","11":"virtual","12":"taxable","13":"purchasable","14":"product-type-simple"},"_links":{"self":[{"href":"https:\/\/swisssoftware24.ch\/it\/wp-json\/wp\/v2\/product\/41691","targetHints":{"allow":["GET"]}}],"collection":[{"href":"https:\/\/swisssoftware24.ch\/it\/wp-json\/wp\/v2\/product"}],"about":[{"href":"https:\/\/swisssoftware24.ch\/it\/wp-json\/wp\/v2\/types\/product"}],"wp:featuredmedia":[{"embeddable":true,"href":"https:\/\/swisssoftware24.ch\/it\/wp-json\/wp\/v2\/media\/41700"}],"wp:attachment":[{"href":"https:\/\/swisssoftware24.ch\/it\/wp-json\/wp\/v2\/media?parent=41691"}],"wp:term":[{"taxonomy":"product_brand","embeddable":true,"href":"https:\/\/swisssoftware24.ch\/it\/wp-json\/wp\/v2\/product_brand?post=41691"},{"taxonomy":"product_cat","embeddable":true,"href":"https:\/\/swisssoftware24.ch\/it\/wp-json\/wp\/v2\/product_cat?post=41691"},{"taxonomy":"product_tag","embeddable":true,"href":"https:\/\/swisssoftware24.ch\/it\/wp-json\/wp\/v2\/product_tag?post=41691"}],"curies":[{"name":"wp","href":"https:\/\/api.w.org\/{rel}","templated":true}]}}